{"id":808,"date":"2016-11-18T03:30:29","date_gmt":"2016-11-18T02:30:29","guid":{"rendered":"http:\/\/localhost\/startertheme\/?page_id=2"},"modified":"2023-06-14T12:07:49","modified_gmt":"2023-06-14T10:07:49","slug":"notre-activite","status":"publish","type":"page","link":"https:\/\/www.devlhon-consulting.com\/fr\/notre-activite\/","title":{"rendered":"Notre activit\u00e9"},"content":{"rendered":"<p>[vc_row equal_height=\u00a0\u00bbyes\u00a0\u00bb content_placement=\u00a0\u00bbtop\u00a0\u00bb][vc_column width=\u00a0\u00bb1\/3&Prime;]\r\n<div  data-wow-delay=\"0.5s\" class=\"slz-shortcode sc-image sc-image-10561754269f5bf0d81f6b   wow \">\r\n     <img decoding=\"async\" src=\"https:\/\/www.devlhon-consulting.com\/wp-content\/uploads\/2016\/11\/DEVHLON_Image_NOTRE-SECTEUR.png\" title=\"DEVHLON_Image_NOTRE-SECTEUR\" alt=\"\" class=\"img-responsive\"><\/div>\r\n\r\n[\/vc_column][vc_column width=\u00a0\u00bb2\/3&Prime;][vc_tta_tour style=\u00a0\u00bbflat\u00a0\u00bb color=\u00a0\u00bbwhite\u00a0\u00bb spacing=\u00a0\u00bb\u00a0\u00bb active_section=\u00a0\u00bb1&Prime;][vc_tta_section title=\u00a0\u00bbSecteurs d&rsquo;activit\u00e9\u00a0\u00bb tab_id=\u00a0\u00bb1483518675389-c1554c69-f8e5&Prime;][vc_column_text]<\/p>\n<h3 class=\"title\"><strong><span style=\"color: #083773;\">SECTEURS<\/span> <span style=\"color: #84b777;\">D&rsquo;ACTIVITE<\/span><\/strong><\/h3>\n<p><em><img loading=\"lazy\" decoding=\"async\" class=\"alignnone size-full wp-image-2740\" src=\"https:\/\/www.devlhon-consulting.com\/wp-content\/uploads\/2017\/09\/devlhon_consulting_banque.jpg\" alt=\"\" width=\"850\" height=\"398\" \/><\/em><\/p>\n<p><em>Nous focalisons nos interventions sur des th\u00e9matiques \u00e0 forte valeur ajout\u00e9e, en architecture ouverte, visant \u00e0 acc\u00e9l\u00e9rer et s\u00e9curiser le d\u00e9veloppement de nos clients. Nous les accompagnons de la d\u00e9finition de leurs strat\u00e9gies jusqu\u2019\u00e0 la mise en place concr\u00e8te de leurs projets, en tant que sp\u00e9cialistes des m\u00e9tiers bancaires et par extension de services.<\/em><\/p>\n<ul>\n<li><strong><em>Banque de d\u00e9tail<\/em><\/strong><\/li>\n<li><strong><em>Banque de financement et d\u2019investissement<\/em><\/strong><\/li>\n<li><em><strong>Activit\u00e9s transverses et m\u00e9tiers sp\u00e9cialis\u00e9s<\/strong> (Trade Finance, Cash Management, Correspondent Banking, Factoring, Leasing, Assurance, \u2026)<\/em><\/li>\n<li><em><strong>Fintech<\/strong><\/em><\/li>\n<li><strong><em>Non-Bancaires:<\/em><\/strong><em> \u00e9nergies, distribution, t\u00e9l\u00e9communications<\/em><\/li>\n<\/ul>\n<p>[\/vc_column_text][\/vc_tta_section][vc_tta_section title=\u00a0\u00bbDomaines d&rsquo;activit\u00e9\u00a0\u00bb tab_id=\u00a0\u00bb1483518675420-5f910b05-9e47&Prime;][vc_column_text]<\/p>\n<div class=\"wpb_text_column wpb_content_element \">\n<div class=\"wpb_wrapper\">\n<div class=\"wpb_text_column wpb_content_element \">\n<div class=\"wpb_wrapper\">\n<h3><strong><span style=\"color: #84b777;\">DOMAINE<\/span> <span style=\"color: #083773;\">D&rsquo;ACTIVITE<\/span><\/strong><\/h3>\n<p><em><img loading=\"lazy\" decoding=\"async\" class=\"alignnone size-full wp-image-2741\" src=\"https:\/\/www.devlhon-consulting.com\/wp-content\/uploads\/2017\/09\/devlhon_consulting_equipe.jpg\" alt=\"\" width=\"850\" height=\"398\" \/><\/em><\/p>\n<p><em>Dans le cadre de la d\u00e9finition des dispositifs au niveau des fonctions centrales ou de leur d\u00e9clinaison au sein des M\u00e9tiers et de leurs r\u00e9seaux, nous exer\u00e7ons dans l\u2019ensemble des domaines bancaires.<\/em><\/p>\n<ul>\n<li><em><strong>Conformit\u00e9<\/strong> (KYC, LCB-FT, PIC, PSEE, SLA, Recouvrement et Contentieux)<\/em><\/li>\n<li><em><strong>Contr\u00f4le Interne<\/strong> (Audit Interne, Contr\u00f4le Permanent, Risques Op\u00e9rationnels)<\/em><\/li>\n<li><strong><em>Risques (Cr\u00e9dit, March\u00e9)<\/em><\/strong><\/li>\n<li><em><strong>Syst\u00e8me d\u2019Information <\/strong>(Sponsorship, MOA)<\/em><\/li>\n<li><em><strong>Finance \u2013 Comptabilit\u00e9<\/strong> (Normes Comptables, Budget, Reporting)<\/em><\/li>\n<li><em><strong>Marketing \u2013 Communication<\/strong> (Produits &amp; Services, Documentation et Pratiques Commerciales)<\/em><\/li>\n<li><em><strong>Ressources humaines \u2013 Moyens g\u00e9n\u00e9raux<\/strong> (Organisation, Optimisation des Ressources et Comp\u00e9tences)<\/em><\/li>\n<li><strong><em>Responsabilit\u00e9 Soci\u00e9tale des Entreprises <\/em><\/strong><em>(Diagnostic &amp; Plan RSE, Pilotage de politique RSE, reporting extra-financier)<\/em><\/li>\n<\/ul>\n<\/div>\n<\/div>\n<\/div>\n<\/div>\n<p>[\/vc_column_text][\/vc_tta_section][vc_tta_section title=\u00a0\u00bbCouverture g\u00e9ographique\u00a0\u00bb tab_id=\u00a0\u00bb1483518752223-412e3d93-63ba\u00a0\u00bb][vc_column_text]<\/p>\n<h3><strong><span style=\"color: #84b777;\">COUVERTURE<\/span>\u00a0<span style=\"color: #083773;\">GEOGRAPHIQUE<\/span><\/strong><\/h3>\n<p><img loading=\"lazy\" decoding=\"async\" class=\"alignnone size-full wp-image-2742\" src=\"https:\/\/www.devlhon-consulting.com\/wp-content\/uploads\/2017\/09\/devlhon_consulting_worldmap.png\" alt=\"\" width=\"850\" height=\"398\" \/><\/p>\n<p><em>Bas\u00e9 \u00e0 Paris place Saint-Michel, DEVLHON Consulting intervient principalement <strong>en Europe, en Afrique et au Moyen-Orient en direct ou \u00e0 travers ses alliances et partenariats.<\/strong> Nous accompagnons nos clients en central, au c\u0153ur de leur r\u00e9seau domestique et dans leur d\u00e9veloppement \u00e0 l\u2019international au sein de leurs filiales et succursales.<\/em><\/p>\n<p><em>L\u2019environnement historique du cabinet permet notamment \u00e0 nos consultants de <strong>d\u00e9velopper leurs missions au sein de pays \u00e9mergents.<\/strong><\/em>[\/vc_column_text][\/vc_tta_section][vc_tta_section title=\u00a0\u00bbEspace r\u00e9gulateurs\u00a0\u00bb tab_id=\u00a0\u00bb1483519160785-04005265-09e5&Prime;][vc_column_text]<\/p>\n<h3><strong><span style=\"color: #84b777;\">ESPACE<\/span>\u00a0<span style=\"color: #083773;\">REGULATEUR<\/span><\/strong><\/h3>\n<p><em><img loading=\"lazy\" decoding=\"async\" class=\"alignnone size-full wp-image-2743\" src=\"https:\/\/www.devlhon-consulting.com\/wp-content\/uploads\/2017\/09\/devlhon_consulting_justice.jpg\" alt=\"\" width=\"850\" height=\"398\" \/><\/em><\/p>\n<p><em>Dans le cadre de ses accompagnements de mise \u00e0 niveau r\u00e9glementaire sur l\u2019ensemble des fonctions bancaires et p\u00e9rim\u00e8tres op\u00e9rationnels, nous disposons d\u2019une expertise compl\u00e9mentaire d\u2019interactions fortes avec les r\u00e9gulateurs internationaux.<\/em><\/p>\n<ul>\n<li><strong><em>Prise en charge des rapports et d\u00e9finition des plans d\u2019actions<\/em><\/strong><\/li>\n<li><strong><em>PMO et accompagnement \u00e0 la production des livrables<\/em><\/strong><\/li>\n<li><strong><em>Lettres de Suite<\/em><\/strong><\/li>\n<li><strong><em>Dossiers d\u2019agr\u00e9ment bancaire<\/em><\/strong><\/li>\n<\/ul>\n<p><em>Certains des travaux entrepris aupr\u00e8s des clients ont permis de r\u00e9duire leur sanction financi\u00e8re.<\/em>[\/vc_column_text][\/vc_tta_section][\/vc_tta_tour][\/vc_column][\/vc_row]<\/p>","protected":false},"excerpt":{"rendered":"<p>[vc_row equal_height=\u00a0\u00bbyes\u00a0\u00bb content_placement=\u00a0\u00bbtop\u00a0\u00bb][vc_column width=\u00a0\u00bb1\/3&Prime;][\/vc_column][vc_column width=\u00a0\u00bb2\/3&Prime;][vc_tta_tour style=\u00a0\u00bbflat\u00a0\u00bb color=\u00a0\u00bbwhite\u00a0\u00bb spacing=\u00a0\u00bb\u00a0\u00bb active_section=\u00a0\u00bb1&Prime;][vc_tta_section title=\u00a0\u00bbSecteurs d&rsquo;activit\u00e9\u00a0\u00bb tab_id=\u00a0\u00bb1483518675389-c1554c69-f8e5&Prime;][vc_column_text] SECTEURS D&rsquo;ACTIVITE Nous focalisons nos interventions sur des th\u00e9matiques \u00e0 forte valeur ajout\u00e9e, en architecture ouverte, visant \u00e0 acc\u00e9l\u00e9rer et s\u00e9curiser le d\u00e9veloppement de nos clients. Nous les accompagnons de la d\u00e9finition de leurs strat\u00e9gies jusqu\u2019\u00e0 la mise en place concr\u00e8te de leurs [&hellip;]<\/p>\n","protected":false},"author":6,"featured_media":0,"parent":0,"menu_order":0,"comment_status":"closed","ping_status":"closed","template":"","meta":{"seo_booster_metabox":"","footnotes":""},"class_list":["post-808","page","type-page","status-publish","hentry"],"_links":{"self":[{"href":"https:\/\/www.devlhon-consulting.com\/fr\/wp-json\/wp\/v2\/pages\/808","targetHints":{"allow":["GET"]}}],"collection":[{"href":"https:\/\/www.devlhon-consulting.com\/fr\/wp-json\/wp\/v2\/pages"}],"about":[{"href":"https:\/\/www.devlhon-consulting.com\/fr\/wp-json\/wp\/v2\/types\/page"}],"author":[{"embeddable":true,"href":"https:\/\/www.devlhon-consulting.com\/fr\/wp-json\/wp\/v2\/users\/6"}],"replies":[{"embeddable":true,"href":"https:\/\/www.devlhon-consulting.com\/fr\/wp-json\/wp\/v2\/comments?post=808"}],"version-history":[{"count":27,"href":"https:\/\/www.devlhon-consulting.com\/fr\/wp-json\/wp\/v2\/pages\/808\/revisions"}],"predecessor-version":[{"id":9704,"href":"https:\/\/www.devlhon-consulting.com\/fr\/wp-json\/wp\/v2\/pages\/808\/revisions\/9704"}],"wp:attachment":[{"href":"https:\/\/www.devlhon-consulting.com\/fr\/wp-json\/wp\/v2\/media?parent=808"}],"curies":[{"name":"wp","href":"https:\/\/api.w.org\/{rel}","templated":true}]}}