{"id":48,"date":"2016-09-18T19:31:49","date_gmt":"2016-09-18T19:31:49","guid":{"rendered":"http:\/\/wp.swlabs.co\/appexpo\/?page_id=2"},"modified":"2023-02-16T19:01:12","modified_gmt":"2023-02-16T18:01:12","slug":"devlhon-consulting","status":"publish","type":"page","link":"https:\/\/www.devlhon-consulting.com\/fr\/devlhon-consulting\/","title":{"rendered":"DEVLHON Consulting"},"content":{"rendered":"<p>[vc_row css=\u00a0\u00bb.vc_custom_1569766995039{padding-top: 35px !important;padding-bottom: 35px !important;}\u00a0\u00bb][vc_column]<div class=\"slz-shortcode sc_main_title main-title-106022517869f3962165a9e   style-1  text-c \">\r\n\t<div class=\"slz-main-title\">\r\n\t\t<img loading=\"lazy\" decoding=\"async\" width=\"123\" height=\"15\" src=\"https:\/\/www.devlhon-consulting.com\/wp-content\/uploads\/2016\/11\/devlhon_consulting_separator-2.png\" class=\"attachment-full size-full\" alt=\"\" \/>\t\t\t\t\t<h2 class=\"title\">BIENVENUE\t\t\t\t\t\t<\/h2>\r\n\t\t\t\t\t<\/div>\r\n<\/div>\r\n\r\n[vc_row_inner][vc_column_inner width=\u00a0\u00bb1\/2&Prime;][vc_column_text]<\/p>\n<h3><strong><span style=\"color: #083773;\">NOTRE<\/span> <span style=\"color: #84b777;\">HISTOIRE<\/span><\/strong><\/h3>\n<p><span style=\"font-weight: 400;\">Fond\u00e9 sur des comp\u00e9tences issues des big four (ex KPMG), intervenant depuis plus de 15 ans sur diff\u00e9rents m\u00e9tiers bancaires, financiers et t\u00e9l\u00e9com, <strong>DEVLHON Consulting<\/strong> se diff\u00e9rencie par son mode d\u2019intervention et sa logique entrepreneuriale.<\/span>[\/vc_column_text][vc_empty_space height=\u00a0\u00bb20px\u00a0\u00bb][vc_column_text]<\/p>\n<h3><strong><span style=\"color: #083773;\">NOTRE<\/span> <span style=\"color: #84b777;\">ENGAGEMENT<\/span><\/strong><\/h3>\n<p><span style=\"font-weight: 400;\">Nous exigeons aupr\u00e8s de nos consultants un niveau d\u2019investissement \u00e9quivalent \u00e0 celui mis\u00e9 dans chacun de nos profils. Nos ressources s\u2019engagent, en toute transparence avec le management en mission comme en interne, \u00e0 atteindre notre niveau d\u2019exigence dict\u00e9 par leurs objectifs en termes d\u2019accompagnement client, de capitalisation, de management et de business.<\/span>[\/vc_column_text][vc_empty_space height=\u00a0\u00bb20px\u00a0\u00bb][vc_column_text]<\/p>\n<h3><strong><span style=\"color: #083773;\">NOTRE<\/span> <span style=\"color: #84b777;\">SAVOIR-FAIRE<\/span><\/strong><\/h3>\n<p>&nbsp;<\/p>\n<p>[\/vc_column_text]<div class=\"slz-shortcode sc_item_list item-list-188247014969f396216604a  \"><ul class=\"slz-list\"><li class=\"item-com-1\"><span class=\"text\">Excellence Op\u00e9rationnelle<\/span><\/li><li class=\"item-com-2\"><span class=\"text\">Excellence R\u00e9glementaire<\/span><\/li><li class=\"item-com-3\"><span class=\"text\">Efficacit\u00e9 Commerciale<\/span><\/li><li class=\"item-com-4\"><span class=\"text\">PMO Transverse<\/span><\/li><li class=\"item-com-5\"><span class=\"text\">Correspondent Banking AML<\/span><\/li><li class=\"item-com-6\"><span class=\"text\">Smart Sourcing<\/span><\/li><li class=\"item-com-7\"><span class=\"text\">Transition Indices BMR<\/span><\/li><li class=\"item-com-8\"><span class=\"text\">SSI DATA Security<\/span><\/li><\/ul><\/div>[\/vc_column_inner][vc_column_inner width=\u00a0\u00bb1\/2&Prime;][vc_single_image image=\u00a0\u00bb2627&Prime; img_size=\u00a0\u00bbfull\u00a0\u00bb css_animation=\u00a0\u00bbright-to-left\u00a0\u00bb][vc_video link=\u00a0\u00bbhttps:\/\/youtu.be\/Z3k2FH-c-84&Prime; align=\u00a0\u00bbcenter\u00a0\u00bb][\/vc_column_inner][\/vc_row_inner][\/vc_column][\/vc_row][vc_row full_width=\u00a0\u00bbstretch_row_content_no_spaces\u00a0\u00bb content_placement=\u00a0\u00bbbottom\u00a0\u00bb css=\u00a0\u00bb.vc_custom_1568809887371{padding-top: 30px !important;background: #ffffff url(https:\/\/www.devlhon-consulting.com\/wp-content\/uploads\/2016\/11\/devlhon_consulting_rendez-vous.jpg?id=2596) !important;background-position: center !important;background-repeat: no-repeat !important;background-size: cover !important;}\u00a0\u00bb][vc_column width=\u00a0\u00bb1\/3&Prime; css=\u00a0\u00bb.vc_custom_1480055999012{padding-right: 10% !important;}\u00a0\u00bb offset=\u00a0\u00bbvc_hidden-md vc_hidden-sm vc_hidden-xs\u00a0\u00bb][vc_single_image image=\u00a0\u00bb2827&Prime; img_size=\u00a0\u00bbfull\u00a0\u00bb][\/vc_column][vc_column width=\u00a0\u00bb7\/12&Prime; css=\u00a0\u00bb.vc_custom_1480330331163{padding-top: 60px !important;padding-bottom: 80px !important;}\u00a0\u00bb el_class=\u00a0\u00bbslz_col-sm-12 slz_col-md-12&Prime;]<div class=\"slz-shortcode sc_main_title main-title-135734216669f3962166122   style-1  text-c vc_custom_1485966448973\">\r\n\t<div class=\"slz-main-title\">\r\n\t\t<img loading=\"lazy\" decoding=\"async\" width=\"123\" height=\"15\" src=\"https:\/\/www.devlhon-consulting.com\/wp-content\/uploads\/2016\/11\/devlhon_consulting_separator-2.png\" class=\"attachment-full size-full\" alt=\"\" \/>\t\t\t\t\t<h2 class=\"title\">Nous choisir en 4 points\t\t\t\t\t\t<\/h2>\r\n\t\t\t\t\t<\/div>\r\n<\/div>\r\n\r\n[vc_row_inner][vc_column_inner]<div class=\"slz_shortcode sc_icon_box icon_box-161359266169f3962166421 \"><div class=\"row\"><div class=\"col-md-6\"><div class=\"slz-icon-box-1 icon-box-item-1  style-1\"><div class=\"icon-cell\">\r\n                            <div class=\"wrapper-icon\">\r\n                                <i class=\"slz-icon fa fa-magic\"><\/i>\r\n\t\t\t\t\t\t\t\t\r\n                            <\/div>\r\n                        <\/div>\r\n\t\t\t\t\t<div class=\"content-cell\">\r\n\t\t\t\t\t\t<div class=\"wrapper-info\">\r\n\t\t\t\t<div class=\"title icon_box_title-1\">Agilit\u00e9<\/div><div class=\"description icon_box_description-1\">Une matrice d\u2019expertise et de s\u00e9niorit\u00e9 \u00e0 dimension internationale au service de nos clients.<\/div>\r\n\t\t\t\t\t\t<\/div>\r\n\t\t\t\t\t<\/div>\r\n\t\t\t\t<\/div><\/div><div class=\"col-md-6\"><div class=\"slz-icon-box-1 icon-box-item-2  style-1\"><div class=\"icon-cell\">\r\n                            <div class=\"wrapper-icon\">\r\n                                <i class=\"slz-icon fa fa-money\"><\/i>\r\n\t\t\t\t\t\t\t\t\r\n                            <\/div>\r\n                        <\/div>\r\n\t\t\t\t\t<div class=\"content-cell\">\r\n\t\t\t\t\t\t<div class=\"wrapper-info\">\r\n\t\t\t\t<div class=\"title icon_box_title-2\">Capitalisation<\/div><div class=\"description icon_box_description-2\">Des m\u00e9thodes et des outils \u00e0 la main de nos consultants, \u00e9prouv\u00e9s dans chaque contexte et phase projet.<\/div>\r\n\t\t\t\t\t\t<\/div>\r\n\t\t\t\t\t<\/div>\r\n\t\t\t\t<\/div><\/div><\/div><div class=\"row\"><div class=\"col-md-6\"><div class=\"slz-icon-box-1 icon-box-item-3  style-1\"><div class=\"icon-cell\">\r\n                            <div class=\"wrapper-icon\">\r\n                                <i class=\"slz-icon fa fa-users\"><\/i>\r\n\t\t\t\t\t\t\t\t\r\n                            <\/div>\r\n                        <\/div>\r\n\t\t\t\t\t<div class=\"content-cell\">\r\n\t\t\t\t\t\t<div class=\"wrapper-info\">\r\n\t\t\t\t<div class=\"title icon_box_title-3\">Proximit\u00e9<\/div><div class=\"description icon_box_description-3\">Une production challeng\u00e9e quotidiennement dans une logique de r\u00e9sultats en mission comme en interne.<\/div>\r\n\t\t\t\t\t\t<\/div>\r\n\t\t\t\t\t<\/div>\r\n\t\t\t\t<\/div><\/div><div class=\"col-md-6\"><div class=\"slz-icon-box-1 icon-box-item-4  style-1\"><div class=\"icon-cell\">\r\n                            <div class=\"wrapper-icon\">\r\n                                <i class=\"slz-icon fa fa-briefcase\"><\/i>\r\n\t\t\t\t\t\t\t\t\r\n                            <\/div>\r\n                        <\/div>\r\n\t\t\t\t\t<div class=\"content-cell\">\r\n\t\t\t\t\t\t<div class=\"wrapper-info\">\r\n\t\t\t\t<div class=\"title icon_box_title-4\">Entreprenariat<\/div><div class=\"description icon_box_description-4\">Des perspectives d\u2019\u00e9volution rapides trac\u00e9es par chaque initiative et prise de responsabilit\u00e9.<\/div>\r\n\t\t\t\t\t\t<\/div>\r\n\t\t\t\t\t<\/div>\r\n\t\t\t\t<\/div><\/div><\/div><\/div>[\/vc_column_inner][\/vc_row_inner][\/vc_column][\/vc_row][vc_row full_width=\u00a0\u00bbstretch_row\u00a0\u00bb content_placement=\u00a0\u00bbmiddle\u00a0\u00bb css=\u00a0\u00bb.vc_custom_1569764800547{background-position: center !important;background-repeat: no-repeat !important;background-size: cover !important;}\u00a0\u00bb][vc_column css=\u00a0\u00bb.vc_custom_1569764860228{background-image: url(https:\/\/www.devlhon-consulting.com\/wp-content\/uploads\/2016\/11\/devlhon-consulting-stage.png?id=3245) !important;background-position: center !important;background-repeat: no-repeat !important;background-size: cover !important;}\u00a0\u00bb]\r\n<div class=\"slz-shortcode sc_banner banner-55684669869f396216690c text-center \">\r\n\t<div class=\"slz-banner-01 \">\r\n\t\t\t\t\t\t<div class=\"content-wrapper\">\r\n\t\t\t\t\t\t\t<h1 class=\"title\">PARTENAIRE DE VOS AMBITIONS<\/h1>\r\n\t\t\t\t\t\t\t\t\t\t<div class=\"description\"><p style=\"text-align: center\"><span style=\"color: #ffffff\">Nous mettons notre Expertise au service de vos Besoins et de votre Strat\u00e9gie en<br \/>\nvous proposant des Solutions \u00e0 la hauteur de vos Ambitions.<\/span><\/p>\n<\/div>\r\n\t\t\t\t\t\t\t\t\t\t<div class=\"slz-group-btn\">\r\n\t\t\t\t\t\t\t\t\t\t\t\t\t\t\t\t\t\t<a href=\"http:\/\/www.devlhon-consulting.com\/contact\/\"   class=\"slz-btn sc-banner-btn-1\">\r\n\t\t\t\t\t\t\t\t\t\t\t\t\t\t\t\t\t\t\t\t\t\t\t\t\t\t<span class=\"btn-text sc-banner-btn-text-1\">NOUS CONTACTER<\/span>\r\n\t\t\t\t\t\t\t\t\t\t\t\t\t\t\t<\/a>\r\n\t\t\t\t\t\t\t\t\t\t\t\t\t\t\t<\/div>\r\n\t\t\t\t\t<\/div>\r\n\t<\/div>\r\n<\/div>\r\n\r\n[\/vc_column][\/vc_row][vc_row css=\u00a0\u00bb.vc_custom_1479866796933{padding-top: 65px !important;padding-bottom: 100px !important;}\u00a0\u00bb][vc_column]<div class=\"slz-shortcode sc_main_title main-title-147420534669f3962166bed   style-1  text-c \">\r\n\t<div class=\"slz-main-title\">\r\n\t\t<img loading=\"lazy\" decoding=\"async\" width=\"123\" height=\"15\" src=\"https:\/\/www.devlhon-consulting.com\/wp-content\/uploads\/2016\/11\/devlhon_consulting_separator-2.png\" class=\"attachment-full size-full\" alt=\"\" \/>\t\t\t\t\t<h2 class=\"title\">SUCCESS STORIES\t\t\t\t\t\t<\/h2>\r\n\t\t\t\t\t<\/div>\r\n<\/div>\r\n\r\n\r\n<div class=\"slz-testimonial slz-testimonial-02 layout-02 slz-shortcode custom-slide slz-testimonial-60655078069f3962166f11\" \r\n    data-id=\"slz-testimonial-60655078069f3962166f11\" \r\n    data-show-arrow=\"1\" \r\n    data-dots=\"1\"\r\n    data-speed=\"0\"\r\n    data-autoplay=\"1\"\r\n    data-infinite=\"1\"\r\n    data-animation=\"0\">\r\n        <div class=\"slick-wrapper\">\r\n       \r\n    <div class=\"item\">\r\n        <div class=\"client-item\">\r\n            <div class=\"img-wrapper\"><img loading=\"lazy\" decoding=\"async\" width=\"300\" height=\"300\" src=\"https:\/\/www.devlhon-consulting.com\/wp-content\/uploads\/2017\/01\/devlhon-consulting-references-clients-raiffeisen-bank.jpg\" class=\"img-responsive img-full\" alt=\"\" srcset=\"https:\/\/www.devlhon-consulting.com\/wp-content\/uploads\/2017\/01\/devlhon-consulting-references-clients-raiffeisen-bank.jpg 300w, https:\/\/www.devlhon-consulting.com\/wp-content\/uploads\/2017\/01\/devlhon-consulting-references-clients-raiffeisen-bank-150x150.jpg 150w, https:\/\/www.devlhon-consulting.com\/wp-content\/uploads\/2017\/01\/devlhon-consulting-references-clients-raiffeisen-bank-64x64.jpg 64w\" sizes=\"auto, (max-width: 300px) 100vw, 300px\" \/><\/div>\r\n        <\/div>\r\n        <div class=\"quote-item\">\r\n            <div class=\"thumbnail-img-wrapper\"><img loading=\"lazy\" decoding=\"async\" width=\"300\" height=\"300\" src=\"https:\/\/www.devlhon-consulting.com\/wp-content\/uploads\/2017\/01\/devlhon-consulting-references-clients-raiffeisen-bank.jpg\" class=\"img-responsive img-full\" alt=\"\" srcset=\"https:\/\/www.devlhon-consulting.com\/wp-content\/uploads\/2017\/01\/devlhon-consulting-references-clients-raiffeisen-bank.jpg 300w, https:\/\/www.devlhon-consulting.com\/wp-content\/uploads\/2017\/01\/devlhon-consulting-references-clients-raiffeisen-bank-150x150.jpg 150w, https:\/\/www.devlhon-consulting.com\/wp-content\/uploads\/2017\/01\/devlhon-consulting-references-clients-raiffeisen-bank-64x64.jpg 64w\" sizes=\"auto, (max-width: 300px) 100vw, 300px\" \/><\/div>\r\n            <div class=\"name\">Raiffeisen<\/div>\r\n            \r\n            <div class=\"description\"><h3><\/h3>\r\n&nbsp;\r\n<h3><span style=\"color: #0fb2ee\"><strong>Mission : <em>\"Projet d'impl\u00e9mentation des standards IFRS9 au sein de la banque\"<\/em><\/strong><\/span><\/h3>\r\n<p style=\"text-align: left\"><span style=\"color: #999999\">-----------------------------------<\/span><\/p>\r\n\r\n<h4 style=\"text-align: left\"><span style=\"color: #003366\"><strong>Travaux :<\/strong><\/span><\/h4>\r\n<ul>\r\n \t<li>Analyse de l'existant et \u00e9valuation des impacts organisationnels, techniques et op\u00e9rationnels<\/li>\r\n \t<li>D\u00e9finition de la gouvernance et de la roadmap du projet<\/li>\r\n \t<li>Pilotage du Projet<\/li>\r\n<\/ul><\/div>\r\n        <\/div>\r\n    <\/div>\r\n    <div class=\"item\">\r\n        <div class=\"client-item\">\r\n            <div class=\"img-wrapper\"><img loading=\"lazy\" decoding=\"async\" width=\"300\" height=\"300\" src=\"https:\/\/www.devlhon-consulting.com\/wp-content\/uploads\/2017\/01\/devlhon-consulting-references-clients-bnp-paribas.jpg\" class=\"img-responsive img-full\" alt=\"\" srcset=\"https:\/\/www.devlhon-consulting.com\/wp-content\/uploads\/2017\/01\/devlhon-consulting-references-clients-bnp-paribas.jpg 300w, https:\/\/www.devlhon-consulting.com\/wp-content\/uploads\/2017\/01\/devlhon-consulting-references-clients-bnp-paribas-150x150.jpg 150w, https:\/\/www.devlhon-consulting.com\/wp-content\/uploads\/2017\/01\/devlhon-consulting-references-clients-bnp-paribas-64x64.jpg 64w\" sizes=\"auto, (max-width: 300px) 100vw, 300px\" \/><\/div>\r\n        <\/div>\r\n        <div class=\"quote-item\">\r\n            <div class=\"thumbnail-img-wrapper\"><img loading=\"lazy\" decoding=\"async\" width=\"300\" height=\"300\" src=\"https:\/\/www.devlhon-consulting.com\/wp-content\/uploads\/2017\/01\/devlhon-consulting-references-clients-bnp-paribas.jpg\" class=\"img-responsive img-full\" alt=\"\" srcset=\"https:\/\/www.devlhon-consulting.com\/wp-content\/uploads\/2017\/01\/devlhon-consulting-references-clients-bnp-paribas.jpg 300w, https:\/\/www.devlhon-consulting.com\/wp-content\/uploads\/2017\/01\/devlhon-consulting-references-clients-bnp-paribas-150x150.jpg 150w, https:\/\/www.devlhon-consulting.com\/wp-content\/uploads\/2017\/01\/devlhon-consulting-references-clients-bnp-paribas-64x64.jpg 64w\" sizes=\"auto, (max-width: 300px) 100vw, 300px\" \/><\/div>\r\n            <div class=\"name\">BNP Paribas<\/div>\r\n            \r\n            <div class=\"description\">&nbsp;\r\n<h3><span style=\"color: #0fb2ee\"><strong>Mission :\u00a0<em>\"Mise en place d'un dispositif GRC de risques op\u00e9rationnels et contr\u00f4le permanent\"<\/em><\/strong><\/span><\/h3>\r\n<p style=\"text-align: left\"><span style=\"color: #999999\">-----------------------------------<\/span><\/p>\r\n\r\n<h4 style=\"text-align: left\"><span style=\"color: #003366\"><strong>Travaux :<\/strong><\/span><\/h4>\r\n<ul>\r\n \t<li><strong>Cartographie et \u00e9valuation des risques op\u00e9rationnels<\/strong> sur le r\u00e9f\u00e9rentiel Groupe<\/li>\r\n \t<li><strong>D\u00e9veloppement et consolidation des indicateurs de contr\u00f4le permanent<\/strong> (incidents op\u00e9rationnels, proc\u00e9dures, taux et r\u00e9sultats de contr\u00f4les, suivi des recommandations)<\/li>\r\n \t<li><strong>Mise en production du GRC<\/strong> et gestion des 1\u00e8res campagnes de reporting Groupe<\/li>\r\n<\/ul><\/div>\r\n        <\/div>\r\n    <\/div>\r\n    <div class=\"item\">\r\n        <div class=\"client-item\">\r\n            <div class=\"img-wrapper\"><img loading=\"lazy\" decoding=\"async\" width=\"300\" height=\"300\" src=\"https:\/\/www.devlhon-consulting.com\/wp-content\/uploads\/2017\/01\/devlhon-consulting-references-clients-hsbc.jpg\" class=\"img-responsive img-full\" alt=\"\" srcset=\"https:\/\/www.devlhon-consulting.com\/wp-content\/uploads\/2017\/01\/devlhon-consulting-references-clients-hsbc.jpg 300w, https:\/\/www.devlhon-consulting.com\/wp-content\/uploads\/2017\/01\/devlhon-consulting-references-clients-hsbc-150x150.jpg 150w, https:\/\/www.devlhon-consulting.com\/wp-content\/uploads\/2017\/01\/devlhon-consulting-references-clients-hsbc-64x64.jpg 64w\" sizes=\"auto, (max-width: 300px) 100vw, 300px\" \/><\/div>\r\n        <\/div>\r\n        <div class=\"quote-item\">\r\n            <div class=\"thumbnail-img-wrapper\"><img loading=\"lazy\" decoding=\"async\" width=\"300\" height=\"300\" src=\"https:\/\/www.devlhon-consulting.com\/wp-content\/uploads\/2017\/01\/devlhon-consulting-references-clients-hsbc.jpg\" class=\"img-responsive img-full\" alt=\"\" srcset=\"https:\/\/www.devlhon-consulting.com\/wp-content\/uploads\/2017\/01\/devlhon-consulting-references-clients-hsbc.jpg 300w, https:\/\/www.devlhon-consulting.com\/wp-content\/uploads\/2017\/01\/devlhon-consulting-references-clients-hsbc-150x150.jpg 150w, https:\/\/www.devlhon-consulting.com\/wp-content\/uploads\/2017\/01\/devlhon-consulting-references-clients-hsbc-64x64.jpg 64w\" sizes=\"auto, (max-width: 300px) 100vw, 300px\" \/><\/div>\r\n            <div class=\"name\">HSBC<\/div>\r\n            \r\n            <div class=\"description\"><h3><\/h3>\r\n&nbsp;\r\n<h3><span style=\"color: #0fb2ee\"><strong>Mission : <em>\"Mise \u00e0 niveau du corpus proc\u00e9dural Conformit\u00e9 de l'entit\u00e9\"<\/em><\/strong><\/span><\/h3>\r\n<p style=\"text-align: left\"><span style=\"color: #999999\">-----------------------------------<\/span><\/p>\r\n\r\n<h4 style=\"text-align: left\"><span style=\"color: #003366\"><strong>Travaux :<\/strong><\/span><\/h4>\r\n<ul>\r\n \t<li>D\u00e9clinaison macro des nouvelles politique Groupe au niveau de l'entit\u00e9<\/li>\r\n \t<li><strong>\u00c9valuation des impacts<\/strong> organisationnels, fonctionnels et SI <strong>vis-\u00e0-vis de l'existant<\/strong><\/li>\r\n \t<li><strong>Mise \u00e0 jour des proc\u00e9dures<\/strong> (KYC, Due diligence, ...) et recommandations<\/li>\r\n \t<li>Cartographie, stockage et gestion de la documentation<\/li>\r\n<\/ul><\/div>\r\n        <\/div>\r\n    <\/div>    <\/div>\r\n<\/div>\r\n\r\n[\/vc_column][\/vc_row]<\/p>","protected":false},"excerpt":{"rendered":"<p>[vc_row css=\u00a0\u00bb.vc_custom_1569766995039{padding-top: 35px !important;padding-bottom: 35px !important;}\u00a0\u00bb][vc_column][vc_row_inner][vc_column_inner width=\u00a0\u00bb1\/2&Prime;][vc_column_text] NOTRE HISTOIRE Fond\u00e9 sur des comp\u00e9tences issues des big four (ex KPMG), intervenant depuis plus de 15 ans sur diff\u00e9rents m\u00e9tiers bancaires, financiers et t\u00e9l\u00e9com, DEVLHON Consulting se diff\u00e9rencie par son mode d\u2019intervention et sa logique entrepreneuriale.[\/vc_column_text][vc_empty_space height=\u00a0\u00bb20px\u00a0\u00bb][vc_column_text] NOTRE ENGAGEMENT Nous exigeons aupr\u00e8s de nos consultants un niveau [&hellip;]<\/p>\n","protected":false},"author":1,"featured_media":0,"parent":0,"menu_order":0,"comment_status":"closed","ping_status":"closed","template":"","meta":{"seo_booster_metabox":"","footnotes":""},"class_list":["post-48","page","type-page","status-publish","hentry"],"_links":{"self":[{"href":"https:\/\/www.devlhon-consulting.com\/fr\/wp-json\/wp\/v2\/pages\/48","targetHints":{"allow":["GET"]}}],"collection":[{"href":"https:\/\/www.devlhon-consulting.com\/fr\/wp-json\/wp\/v2\/pages"}],"about":[{"href":"https:\/\/www.devlhon-consulting.com\/fr\/wp-json\/wp\/v2\/types\/page"}],"author":[{"embeddable":true,"href":"https:\/\/www.devlhon-consulting.com\/fr\/wp-json\/wp\/v2\/users\/1"}],"replies":[{"embeddable":true,"href":"https:\/\/www.devlhon-consulting.com\/fr\/wp-json\/wp\/v2\/comments?post=48"}],"version-history":[{"count":49,"href":"https:\/\/www.devlhon-consulting.com\/fr\/wp-json\/wp\/v2\/pages\/48\/revisions"}],"predecessor-version":[{"id":8969,"href":"https:\/\/www.devlhon-consulting.com\/fr\/wp-json\/wp\/v2\/pages\/48\/revisions\/8969"}],"wp:attachment":[{"href":"https:\/\/www.devlhon-consulting.com\/fr\/wp-json\/wp\/v2\/media?parent=48"}],"curies":[{"name":"wp","href":"https:\/\/api.w.org\/{rel}","templated":true}]}}