{"id":4711,"date":"2019-08-21T12:04:49","date_gmt":"2019-08-21T10:04:49","guid":{"rendered":"https:\/\/www.devlhon-consulting.com\/?page_id=4711"},"modified":"2019-10-14T17:38:55","modified_gmt":"2019-10-14T15:38:55","slug":"mentions-legales","status":"publish","type":"page","link":"https:\/\/www.devlhon-consulting.com\/fr\/mentions-legales\/","title":{"rendered":"Mentions l\u00e9gales"},"content":{"rendered":"<p><\/p>\n<h1>Mentions l\u00e9gales<\/h1>\n<p>Conform\u00e9ment aux dispositions des Articles 6-III et 19 de la Loi n\u00b02004-575 du 21 juin 2004 pour la Confiance dans l\u2019\u00e9conomie num\u00e9rique, dite L.C.E.N., il est port\u00e9 \u00e0 la connaissance des Utilisateurs du site <strong>www.devlhon-consulting.com<\/strong><em>\u00a0<\/em>les pr\u00e9sentes mentions l\u00e9gales.<\/p>\n<p>La connexion et la navigation sur le site (indiquer le nom du site) par l\u2019Utilisateur implique acceptation int\u00e9grale et sans r\u00e9serve des pr\u00e9sentes mentions l\u00e9gales.<\/p>\n<p>Ces derni\u00e8res sont accessibles sur le site \u00e0 la rubrique \u00ab Mentions l\u00e9gales \u00bb.<\/p>\n<h3>ARTICLE 1 : L\u2019\u00e9diteur<\/h3>\n<p>L\u2019\u00e9dition et la direction de la publication du site www.devlhon-consulting.com est assur\u00e9e par <strong>Devlhon Consulting,<\/strong> domicili\u00e9e 4 place Saint-Michel, Paris, 75006, dont le num\u00e9ro de t\u00e9l\u00e9phone est +33 (0)1 46 94 61 33, et l&rsquo;adresse e-mail contact@devlhon-consulting.com.<\/p>\n<p>La personne est assujettie au RCS avec le num\u00e9ro d&rsquo;inscription 532 746 161R.C.S. PARIS et le num\u00e9ro de TVA FR50532746161<\/p>\n<h3>ARTICLE 2 : L\u2019h\u00e9bergeur<\/h3>\n<p>L&rsquo;h\u00e9bergeur du site www.devlhon-consulting.com est la Soci\u00e9t\u00e9 <strong>Gandi SAS<\/strong>, dont le si\u00e8ge social est situ\u00e9 au 63, 65 Boulevard Massena 75013 Paris, avec le num\u00e9ro de t\u00e9l\u00e9phone : +33170377860.<\/p>\n<h3>ARTICLE 3 : Acc\u00e8s au site<\/h3>\n<p>Le site est accessible par tout endroit, 7j\/7, 24h\/24 sauf cas de force majeure, interruption programm\u00e9e ou non et pouvant d\u00e9coulant d\u2019une n\u00e9cessit\u00e9 de maintenance.<\/p>\n<p>En cas de modification, interruption ou suspension des services le site <em>www.devlhon-consulting.com\u00a0<\/em>ne saurait \u00eatre tenu responsable.<\/p>\n<h3>ARTICLE 4 : Collecte des donn\u00e9es<\/h3>\n<p>Le site est exempt\u00e9 de d\u00e9claration \u00e0 la Commission Nationale Informatique et Libert\u00e9s (CNIL) dans la mesure o\u00f9 il ne collecte aucune donn\u00e9e concernant les utilisateurs.<\/p>\n<h3>ARTICLE 5 : Cookies<\/h3>\n<p>L\u2019Utilisateur est inform\u00e9 que lors de ses visites sur le site, un cookie peut s\u2019installer automatiquement sur son logiciel de navigation.<\/p>\n<p>En naviguant sur le site, il les accepte.<\/p>\n<p>Un cookie est un \u00e9l\u00e9ment qui ne permet pas d\u2019identifier l\u2019Utilisateur mais sert \u00e0 enregistrer des informations relatives \u00e0 la navigation de celui-ci sur le site Internet. L\u2019Utilisateur pourra d\u00e9sactiver ce cookie par l\u2019interm\u00e9diaire des param\u00e8tres figurant au sein de son logiciel de navigation.<\/p>\n<h3>ARTICLE 6 : Propri\u00e9t\u00e9 intellectuelle<\/h3>\n<p>Toute utilisation, reproduction, diffusion, commercialisation, modification de toute ou partie du site <em>www.devlhon-consulting.com<\/em>, sans autorisation de l\u2019Editeur est prohib\u00e9e et pourra entra\u00een\u00e9e des actions et poursuites judiciaires telles que notamment pr\u00e9vues par le Code de la propri\u00e9t\u00e9 intellectuelle et le Code civil.<\/p>\n<p><em>R\u00e9alis\u00e9 sur https:\/\/www.legalplace.fr<\/em><\/p>","protected":false},"excerpt":{"rendered":"<p>Mentions l\u00e9gales Conform\u00e9ment aux dispositions des Articles 6-III et 19 de la Loi n\u00b02004-575 du 21 juin 2004 pour la Confiance dans l\u2019\u00e9conomie num\u00e9rique, dite L.C.E.N., il est port\u00e9 \u00e0 la connaissance des Utilisateurs du site www.devlhon-consulting.com\u00a0les pr\u00e9sentes mentions l\u00e9gales. La connexion et la navigation sur le site (indiquer le nom du site) par l\u2019Utilisateur [&hellip;]<\/p>\n","protected":false},"author":4,"featured_media":0,"parent":0,"menu_order":0,"comment_status":"closed","ping_status":"closed","template":"","meta":{"seo_booster_metabox":"","footnotes":""},"class_list":["post-4711","page","type-page","status-publish","hentry"],"_links":{"self":[{"href":"https:\/\/www.devlhon-consulting.com\/fr\/wp-json\/wp\/v2\/pages\/4711","targetHints":{"allow":["GET"]}}],"collection":[{"href":"https:\/\/www.devlhon-consulting.com\/fr\/wp-json\/wp\/v2\/pages"}],"about":[{"href":"https:\/\/www.devlhon-consulting.com\/fr\/wp-json\/wp\/v2\/types\/page"}],"author":[{"embeddable":true,"href":"https:\/\/www.devlhon-consulting.com\/fr\/wp-json\/wp\/v2\/users\/4"}],"replies":[{"embeddable":true,"href":"https:\/\/www.devlhon-consulting.com\/fr\/wp-json\/wp\/v2\/comments?post=4711"}],"version-history":[{"count":3,"href":"https:\/\/www.devlhon-consulting.com\/fr\/wp-json\/wp\/v2\/pages\/4711\/revisions"}],"predecessor-version":[{"id":5424,"href":"https:\/\/www.devlhon-consulting.com\/fr\/wp-json\/wp\/v2\/pages\/4711\/revisions\/5424"}],"wp:attachment":[{"href":"https:\/\/www.devlhon-consulting.com\/fr\/wp-json\/wp\/v2\/media?parent=4711"}],"curies":[{"name":"wp","href":"https:\/\/api.w.org\/{rel}","templated":true}]}}