{"id":3688,"date":"2017-10-03T12:21:58","date_gmt":"2017-10-03T10:21:58","guid":{"rendered":"https:\/\/www.devlhon-consulting.com\/?page_id=3688"},"modified":"2023-02-17T12:29:25","modified_gmt":"2023-02-17T11:29:25","slug":"emerging-banking-benchmark","status":"publish","type":"page","link":"https:\/\/www.devlhon-consulting.com\/fr\/emerging-banking-benchmark\/","title":{"rendered":"Emerging Banking"},"content":{"rendered":"<p>[vc_row css=\u00a0\u00bb.vc_custom_1656087673731{padding-right: -60px !important;}\u00a0\u00bb][vc_column][vc_wp_text]<\/p>\n<p style=\"text-align: center;\"><span style=\"font-weight: 400;\"><strong>DEVLHON Consulting (DC)<\/strong>, cabinet de conseil en strat\u00e9gie et organisation, est fier de pr\u00e9senter l\u2019EBB, septi\u00e8me \u00e9dition de <strong>l\u2019Emerging Banking Benchmark<\/strong>, \u00e9tude unique sur l\u2019expansion des r\u00e9seaux bancaires dans les pays \u00e9mergents. Cabinet marqu\u00e9 depuis sa cr\u00e9ation par une orientation vers ces zones, DC construit un r\u00e9f\u00e9rentiel quantitatif complet dans le but d&rsquo;offrir aux acteurs et observateurs, une base de r\u00e9flexion in\u00e9dite sur les probl\u00e9matiques propres aux banques \u00e9voluant dans les march\u00e9s \u00e9mergents. Fid\u00e8le \u00e0 sa tradition, <strong>l\u2019Emerging Banking Benchmark<\/strong> analyse l\u2019expansion des r\u00e9seaux d\u2019agences qui constituent le principal vecteur de conqu\u00eate des clients, de leur \u00e9pargne et de leurs projets de financement au sein des pays \u00e9mergents. Il s\u2019attache \u00e0 comparer les dynamiques entre pays et\/ou zones g\u00e9ographiques pour souligner les grandes tendances de l\u2019expansion des r\u00e9seaux d\u2019agences.<strong> L\u2019EBB<\/strong> d\u00e9veloppe \u00e9galement des th\u00e9matiques <strong>(les \u00ab Zoom \u00bb)<\/strong> permettant de mettre en avant la strat\u00e9gie des acteurs et d\u00e9construire les id\u00e9es re\u00e7ues sur les facteurs d\u2019expansion des r\u00e9seaux. Disposant d\u00e9sormais d\u2019un historique de donn\u00e9es de <strong>13 ann\u00e9es, l\u2019EBB<\/strong> offre le recul n\u00e9cessaire pour appr\u00e9hender au mieux les tendances de long terme en mati\u00e8re d\u2019expansion des r\u00e9seaux, d\u2019analyser les dynamiques d\u2019investissements r\u00e9alis\u00e9s par les banques des pays \u00e9mergents dans leurs r\u00e9seaux de distribution ainsi que de mesurer les impacts induits par les nouveaux canaux de consommation de services bancaire qui prennent une place de plus en plus importante.<\/span><\/p>\n<p>[\/vc_wp_text][vc_empty_space][\/vc_column][\/vc_row][vc_row][vc_column][vc_column_text]<div id=\"mapplic1\"><\/div>[\/vc_column_text][\/vc_column][\/vc_row]<\/p>","protected":false},"excerpt":{"rendered":"<p>[vc_row css=\u00a0\u00bb.vc_custom_1656087673731{padding-right: -60px !important;}\u00a0\u00bb][vc_column][vc_wp_text] DEVLHON Consulting (DC), cabinet de conseil en strat\u00e9gie et organisation, est fier de pr\u00e9senter l\u2019EBB, septi\u00e8me \u00e9dition de l\u2019Emerging Banking Benchmark, \u00e9tude unique sur l\u2019expansion des r\u00e9seaux bancaires dans les pays \u00e9mergents. Cabinet marqu\u00e9 depuis sa cr\u00e9ation par une orientation vers ces zones, DC construit un r\u00e9f\u00e9rentiel quantitatif complet dans le [&hellip;]<\/p>\n","protected":false},"author":1,"featured_media":0,"parent":0,"menu_order":0,"comment_status":"closed","ping_status":"closed","template":"","meta":{"seo_booster_metabox":"","footnotes":""},"class_list":["post-3688","page","type-page","status-publish","hentry"],"_links":{"self":[{"href":"https:\/\/www.devlhon-consulting.com\/fr\/wp-json\/wp\/v2\/pages\/3688","targetHints":{"allow":["GET"]}}],"collection":[{"href":"https:\/\/www.devlhon-consulting.com\/fr\/wp-json\/wp\/v2\/pages"}],"about":[{"href":"https:\/\/www.devlhon-consulting.com\/fr\/wp-json\/wp\/v2\/types\/page"}],"author":[{"embeddable":true,"href":"https:\/\/www.devlhon-consulting.com\/fr\/wp-json\/wp\/v2\/users\/1"}],"replies":[{"embeddable":true,"href":"https:\/\/www.devlhon-consulting.com\/fr\/wp-json\/wp\/v2\/comments?post=3688"}],"version-history":[{"count":40,"href":"https:\/\/www.devlhon-consulting.com\/fr\/wp-json\/wp\/v2\/pages\/3688\/revisions"}],"predecessor-version":[{"id":8986,"href":"https:\/\/www.devlhon-consulting.com\/fr\/wp-json\/wp\/v2\/pages\/3688\/revisions\/8986"}],"wp:attachment":[{"href":"https:\/\/www.devlhon-consulting.com\/fr\/wp-json\/wp\/v2\/media?parent=3688"}],"curies":[{"name":"wp","href":"https:\/\/api.w.org\/{rel}","templated":true}]}}