{"id":3036,"date":"2017-01-05T12:05:07","date_gmt":"2017-01-05T11:05:07","guid":{"rendered":"https:\/\/www.devlhon-consulting.com\/?page_id=3036"},"modified":"2023-06-12T10:08:09","modified_gmt":"2023-06-12T08:08:09","slug":"rejoignez-nous","status":"publish","type":"page","link":"https:\/\/www.devlhon-consulting.com\/fr\/rejoignez-nous\/","title":{"rendered":"Rejoignez-nous"},"content":{"rendered":"<p>[vc_row gap=\u00a0\u00bb35&Prime;][vc_column width=\u00a0\u00bb1\/4&Prime; css=\u00a0\u00bb.vc_custom_1686556374994{padding-top: 50px !important;padding-right: 25px !important;padding-bottom: 50px !important;padding-left: 20px !important;background-color: #0fb2ee !important;border-radius: 5px !important;}\u00a0\u00bb][vc_column_text]<img loading=\"lazy\" decoding=\"async\" class=\"alignnone size-full wp-image-3845\" src=\"https:\/\/www.devlhon-consulting.com\/wp-content\/uploads\/2017\/10\/devlhon_consulting_kyc-1-300x295.png\" alt=\"\" width=\"300\" height=\"295\" srcset=\"https:\/\/www.devlhon-consulting.com\/wp-content\/uploads\/2017\/10\/devlhon_consulting_kyc-1-300x295.png 300w, https:\/\/www.devlhon-consulting.com\/wp-content\/uploads\/2017\/10\/devlhon_consulting_kyc-1-300x295-64x64.png 64w\" sizes=\"auto, (max-width: 300px) 100vw, 300px\" \/><\/p>\n<p><span style=\"color: #ffffff;\">En int\u00e9grant DEVLHON Consulting comme Consultant, vous vous d\u00e9velopperez au sein d\u2019un\u00a0<strong>cabinet sp\u00e9cialiste des Services Financiers fond\u00e9 sur des comp\u00e9tences issues de Big four.<\/strong>\u00a0DEVLHON Consulting se diff\u00e9rencie par son mode d\u2019intervention\u00a0<strong>personnalis\u00e9 et une approche tr\u00e8s entrepreneuriale :<\/strong>\u00a0loin de l\u2019anonymat des grandes structures et port\u00e9 sur l\u2019international.\u00a0<strong>Vous piloterez rapidement des projets et participerez au d\u00e9veloppement du cabinet.<\/strong>\u00a0Esprit d\u2019analyse et pragmatisme, qualit\u00e9s relationnelles et ambition collective. Voil\u00e0 nos points communs.<\/span>[\/vc_column_text][\/vc_column][vc_column width=\u00a0\u00bb3\/4&Prime;]<div class=\"slz-shortcode sc_main_title main-title-87478913269d624e4d64fe   style-1  text-c \">\r\n\t<div class=\"slz-main-title\">\r\n\t\t<img loading=\"lazy\" decoding=\"async\" width=\"123\" height=\"15\" src=\"https:\/\/www.devlhon-consulting.com\/wp-content\/uploads\/2016\/11\/devlhon_consulting_separator-2.png\" class=\"attachment-full size-full\" alt=\"\" \/>\t\t\t\t\t<h2 class=\"title\">REJOIGNEZ L&#039;EQUIPE DEVLHON CONSULTING\t\t\t\t\t\t<\/h2>\r\n\t\t\t\t\t\t\t<div class=\"subtitle\">\r\n\t\t\t\t<span class=\"subtitle-inner\">PRENEZ PART \u00c0 UN PROJET \u00c0 LA HAUTEUR DE VOS AMBITIONS<\/span>\r\n\t\t\t<\/div>\r\n\t\t\t\t<\/div>\r\n<\/div>\r\n\r\n[vc_column_text]<\/p>\n<p style=\"text-align: left;\">Dipl\u00f4m\u00e9(e) d\u2019une grande \u00e9cole d\u2019Ing\u00e9nieur, de Commerce ou de formation Universitaire sp\u00e9cialis\u00e9e en Finance (master 2), vous avez entre 3 et 5 ans d\u2019exp\u00e9rience dans un cabinet de conseil. Vous souhaitez, par ailleurs, tirer profit de votre savoir-faire d\u00e9velopp\u00e9 dans un ou plusieurs m\u00e9tiers de nos clients.<\/p>\n<h3><strong>Profils DEVLHON recherch\u00e9s :<\/strong><\/h3>\n<p>Nous recherchons des candidats ayant des qualit\u00e9s qui leur permettront de s\u2019\u00e9panouir chez DEVLHON Consulting :<\/p>\n<ul>\n<li><strong>Esprit d\u2019analyse et pragmatisme<\/strong> pour comprendre au mieux les enjeux de nos clients et surtout imaginer les r\u00e9ponses concr\u00e8tes ;<\/li>\n<li><strong>Qualit\u00e9s relationnelles et r\u00e9dactionnelles ;<\/strong><\/li>\n<li><strong>Soif d\u2019entreprendre et capacit\u00e9 de travail \u00e9lev\u00e9e<\/strong>\u00a0et \u00e0 participer au d\u00e9veloppement de notre soci\u00e9t\u00e9.<\/li>\n<li><strong>Une bonne compr\u00e9hension<\/strong>\u00a0li\u00e9e aux enjeux technologiques des services financiers<\/li>\n<\/ul>\n<p>CV, Lettre de Motivation et Recommandations ou r\u00e9f\u00e9rences indispensables[\/vc_column_text]<div role=\"form\" class=\"wpcf7\" id=\"wpcf7-f2188-o1\" lang=\"en-US\" dir=\"ltr\">\n<div class=\"screen-reader-response\"><\/div>\n<form action=\"\/fr\/wp-json\/wp\/v2\/pages\/3036#wpcf7-f2188-o1\" method=\"post\" class=\"wpcf7-form\" enctype=\"multipart\/form-data\" novalidate=\"novalidate\">\n<div style=\"display: none;\">\n<input type=\"hidden\" name=\"_wpcf7\" value=\"2188\" \/>\n<input type=\"hidden\" name=\"_wpcf7_version\" value=\"5.1.6\" \/>\n<input type=\"hidden\" name=\"_wpcf7_locale\" value=\"en_US\" \/>\n<input type=\"hidden\" name=\"_wpcf7_unit_tag\" value=\"wpcf7-f2188-o1\" \/>\n<input type=\"hidden\" name=\"_wpcf7_container_post\" value=\"0\" \/>\n<\/div>\n<div class=\"wpcf7-response-output wpcf7-display-none\"><\/div>\n<div class=\"cf7-form-control left\"><span class=\"wpcf7-form-control-wrap text-666\"><input type=\"text\" name=\"text-666\" value=\"\" size=\"40\" class=\"wpcf7-form-control wpcf7-text wpcf7-validates-as-required\" aria-required=\"true\" aria-invalid=\"false\" placeholder=\"Votre Nom\" \/><\/span><i class=\"fa fa-user\" aria-hidden=\"true\"><\/i><\/div>\n<div class=\"cf7-form-control right\"><span class=\"wpcf7-form-control-wrap email-671\"><input type=\"email\" name=\"email-671\" value=\"\" size=\"40\" class=\"wpcf7-form-control wpcf7-text wpcf7-email wpcf7-validates-as-required wpcf7-validates-as-email\" aria-required=\"true\" aria-invalid=\"false\" placeholder=\"Votre Email\" \/><\/span><i class=\"fa fa-envelope\" aria-hidden=\"true\"><\/i><\/div>\n<div class=\"cf7-form-control left\"><span class=\"wpcf7-form-control-wrap your-number\"><input type=\"text\" name=\"your-number\" value=\"\" size=\"40\" class=\"wpcf7-form-control wpcf7-text\" aria-invalid=\"false\" placeholder=\"Votre Num\u00e9ro de T\u00e9l\u00e9phone\" \/><\/span><i class=\"fa fa-user\" aria-hidden=\"true\"><\/i><\/div>\n<div class=\"cf7-form-control right\"><span class=\"wpcf7-form-control-wrap text-10\"><input type=\"text\" name=\"text-10\" value=\"\" size=\"40\" class=\"wpcf7-form-control wpcf7-text wpcf7-validates-as-required\" aria-required=\"true\" aria-invalid=\"false\" placeholder=\"Poste Recherch\u00e9\" \/><\/span><i class=\"fa fa-envelope\" aria-hidden=\"true\"><\/i><\/div>\n<div class=\"cf7-form-control left text-right\">T\u00e9l\u00e9charger votre CV, Portfolio,...<\/div>\n<div class=\"cf7-form-control right\"><span class=\"wpcf7-form-control-wrap file-808\"><input type=\"file\" name=\"file-808\" size=\"40\" class=\"wpcf7-form-control wpcf7-file wpcf7-validates-as-required\" accept=\".jpg,.jpeg,.png,.gif,.pdf,.doc,.docx,.ppt,.pptx,.odt,.avi,.ogg,.m4a,.mov,.mp3,.mp4,.mpg,.wav,.wmv\" aria-required=\"true\" aria-invalid=\"false\" \/><\/span><i class=\"fa fa-file\" aria-hidden=\"true\"><\/i><\/div>\n<div class=\"cf7-form-control textarea\"><span class=\"wpcf7-form-control-wrap your-message\"><textarea name=\"your-message\" cols=\"40\" rows=\"10\" class=\"wpcf7-form-control wpcf7-textarea\" aria-invalid=\"false\" placeholder=\"Entrer un message\"><\/textarea><\/span><i class=\"fa fa-file\" aria-hidden=\"true\"><\/i><\/div>\n<div class=\"cf7-btn-submit-wrapper\">\n<div class=\"cf7-btn-submit\"><input type=\"submit\" value=\"Envoyer votre Candidature\" class=\"wpcf7-form-control wpcf7-submit\" \/><\/div>\n<\/div>\n<p style=\"display: none !important;\" class=\"akismet-fields-container\" data-prefix=\"_wpcf7_ak_\"><label>&#916;<textarea name=\"_wpcf7_ak_hp_textarea\" cols=\"45\" rows=\"8\" maxlength=\"100\"><\/textarea><\/label><input type=\"hidden\" id=\"ak_js_1\" name=\"_wpcf7_ak_js\" value=\"187\"\/><script>document.getElementById( \"ak_js_1\" ).setAttribute( \"value\", ( new Date() ).getTime() );<\/script><\/p><\/form><\/div>[vc_empty_space height=\u00a0\u00bb80px\u00a0\u00bb][vc_video link=\u00a0\u00bbhttps:\/\/youtu.be\/IGqENFZcVsI\u00a0\u00bb][\/vc_column][\/vc_row]<\/p>","protected":false},"excerpt":{"rendered":"<p>[vc_row gap=\u00a0\u00bb35&Prime;][vc_column width=\u00a0\u00bb1\/4&Prime; css=\u00a0\u00bb.vc_custom_1686556374994{padding-top: 50px !important;padding-right: 25px !important;padding-bottom: 50px !important;padding-left: 20px !important;background-color: #0fb2ee !important;border-radius: 5px !important;}\u00a0\u00bb][vc_column_text] En int\u00e9grant DEVLHON Consulting comme Consultant, vous vous d\u00e9velopperez au sein d\u2019un\u00a0cabinet sp\u00e9cialiste des Services Financiers fond\u00e9 sur des comp\u00e9tences issues de Big four.\u00a0DEVLHON Consulting se diff\u00e9rencie par son mode d\u2019intervention\u00a0personnalis\u00e9 et une approche tr\u00e8s entrepreneuriale :\u00a0loin de l\u2019anonymat [&hellip;]<\/p>\n","protected":false},"author":1,"featured_media":0,"parent":0,"menu_order":0,"comment_status":"closed","ping_status":"closed","template":"","meta":{"seo_booster_metabox":"","footnotes":""},"class_list":["post-3036","page","type-page","status-publish","hentry"],"_links":{"self":[{"href":"https:\/\/www.devlhon-consulting.com\/fr\/wp-json\/wp\/v2\/pages\/3036","targetHints":{"allow":["GET"]}}],"collection":[{"href":"https:\/\/www.devlhon-consulting.com\/fr\/wp-json\/wp\/v2\/pages"}],"about":[{"href":"https:\/\/www.devlhon-consulting.com\/fr\/wp-json\/wp\/v2\/types\/page"}],"author":[{"embeddable":true,"href":"https:\/\/www.devlhon-consulting.com\/fr\/wp-json\/wp\/v2\/users\/1"}],"replies":[{"embeddable":true,"href":"https:\/\/www.devlhon-consulting.com\/fr\/wp-json\/wp\/v2\/comments?post=3036"}],"version-history":[{"count":75,"href":"https:\/\/www.devlhon-consulting.com\/fr\/wp-json\/wp\/v2\/pages\/3036\/revisions"}],"predecessor-version":[{"id":9660,"href":"https:\/\/www.devlhon-consulting.com\/fr\/wp-json\/wp\/v2\/pages\/3036\/revisions\/9660"}],"wp:attachment":[{"href":"https:\/\/www.devlhon-consulting.com\/fr\/wp-json\/wp\/v2\/media?parent=3036"}],"curies":[{"name":"wp","href":"https:\/\/api.w.org\/{rel}","templated":true}]}}