{"id":2943,"date":"2017-01-05T08:40:54","date_gmt":"2017-01-05T07:40:54","guid":{"rendered":"https:\/\/www.devlhon-consulting.com\/?page_id=2943"},"modified":"2019-10-08T10:45:43","modified_gmt":"2019-10-08T08:45:43","slug":"pmo-transverse","status":"publish","type":"page","link":"https:\/\/www.devlhon-consulting.com\/fr\/pmo-transverse\/","title":{"rendered":"PMO Transverse"},"content":{"rendered":"<p>[vc_row css=\u00a0\u00bb.vc_custom_1483523287574{padding-bottom: 50px !important;}\u00a0\u00bb][vc_column width=\u00a0\u00bb1\/2&Prime;][vc_column_text css=\u00a0\u00bb.vc_custom_1570524335212{padding-bottom: 50px !important;}\u00a0\u00bb]<\/p>\n<blockquote><p><span style=\"font-weight: 400;\">\u00a0 \u00a0 \u00a0 \u00a0Transversalement \u00e0 nos savoir-faire, nos nombreuses interventions au sein de projets et programmes de premier plan ont permis au cabinet de b\u00e2tir<strong> un socle de comp\u00e9tences \u00ab\u00a0Project Management\u00a0\u00bb.<\/strong><\/span><\/p>\n<p><span style=\"font-weight: 400;\">Cette base indispensable dans l\u2019accompagnement de nos clients est <strong>transmises et pratiqu\u00e9es aupr\u00e8s de chacune de nos nouvelles recrues<\/strong> et s\u2019accompagnent d\u2019outils et de m\u00e9thodologies internes \u00e9prouv\u00e9es.<\/span><\/p><\/blockquote>\n<p>[\/vc_column_text][\/vc_column][vc_column width=\u00a0\u00bb1\/2&Prime;][vc_column_text css=\u00a0\u00bb.vc_custom_1488323969295{padding-top: -20px !important;padding-bottom: 50px !important;}\u00a0\u00bb]<\/p>\n<h2><span style=\"color: #0fb2ee;\"><b><i>Notre\u00a0logique<\/i><\/b><\/span><\/h2>\n<ul>\n<li style=\"font-weight: 400;\"><span style=\"font-weight: 400;\"><strong>Nous accompagnons nos clients<\/strong> de la d\u00e9finition de leur strat\u00e9gie jusqu\u2019\u00e0 la mise en place concr\u00e8te de leurs projets<\/span><\/li>\n<li style=\"font-weight: 400;\"><span style=\"font-weight: 400;\"><strong>Nous exer\u00e7ons en architecture ouverture<\/strong> et outill\u00e9e sur la base de notre culture du \u00ab\u00a0r\u00e9sultat\u00a0\u00bb<\/span><\/li>\n<li style=\"font-weight: 400;\"><span style=\"font-weight: 400;\"><strong>Nous adaptons nos plans d\u2019actions<\/strong> \u00e0 chaque <\/span>\u00e9tape ind\u00e9pendante<span style=\"font-weight: 400;\"> en souplesse selon les besoins et l\u2019environnement<\/span><\/li>\n<\/ul>\n<p>[\/vc_column_text][\/vc_column][\/vc_row][vc_row el_id=\u00a0\u00bbdisplay-image\u00a0\u00bb][vc_column]<div class=\"slz-shortcode sc_main_title main-title-142202979569d9f542f135f   style-1  text-c vc_custom_1483602334929\">\r\n\t<div class=\"slz-main-title\">\r\n\t\t<img loading=\"lazy\" decoding=\"async\" width=\"123\" height=\"15\" src=\"https:\/\/www.devlhon-consulting.com\/wp-content\/uploads\/2016\/11\/devlhon_consulting_separator-2.png\" class=\"attachment-full size-full\" alt=\"\" \/>\t\t\t\t\t<h2 class=\"title\">Le Project Management Office Transverse\t\t\t\t\t\t<\/h2>\r\n\t\t\t\t\t\t\t<div class=\"subtitle\">\r\n\t\t\t\t<span class=\"subtitle-inner\">Selon les besoins, nos interventions peuvent se composer d\u2019une \u00e0 six des phases projet suivantes<\/span>\r\n\t\t\t<\/div>\r\n\t\t\t\t<\/div>\r\n<\/div>\r\n\r\n\r\n<div data-block-class=\"posts-carousel-8339506969d9f542f1c03\" class=\"slz-shortcode sc_carousel_posts  posts-carousel-8339506969d9f542f1c03 \"\r\n\tdata-dots=\"1\"\r\n\tdata-arrow=\"1\"\r\n\tdata-speed=\"600\"\r\n\tdata-autoplay=\"1\"\r\n\tdata-infinite=\"1\"\r\n\tdata-animation=\"0\" >\r\n\r\n<div class=\"slz-carousel-wrapper \"><div class=\"slz-block-slider-01\"><div class=\"block-slider-main-01\">\t\t<div class=\"slick-item\">\r\n\t\t\t<div class=\"block-left\">\r\n\t\t\t\t<div class=\"block-image-wrapper\">\r\n\t\t\t\t\t<div class=\"block-image\">\r\n\t\t\t\t\t\t<a href=\"https:\/\/www.devlhon-consulting.com\/fr\/renforcer-la-politique-globale-et-la-methodologie\/\" class=\"link\">\r\n\t\t\t\t\t\t\t<img loading=\"lazy\" decoding=\"async\" width=\"570\" height=\"320\" src=\"https:\/\/www.devlhon-consulting.com\/wp-content\/uploads\/2016\/11\/devlhon-consultingPMO_politique-globale-570x320.jpg\" class=\"img-responsive img-full\" alt=\"\" \/>\t\t\t\t\t\t<\/a>\r\n\t\t\t\t\t<\/div>\r\n\t\t\t\t<\/div>\r\n\t\t\t<\/div>\r\n\t\t\t<div class=\"block-right\">\r\n\t\t\t\t<div class=\"block-slide-description\">\r\n\t\t\t\t\t<a href=\"https:\/\/www.devlhon-consulting.com\/fr\/renforcer-la-politique-globale-et-la-methodologie\/\" class=\"block-title\" >1- RENFORCER LA POLITIQUE GLOBALE ET LA M\u00c9THODOLOGIE<\/a>\t\t\t\t\t<div>\r\n\t\t\t\t\t\tCollecte des besoins et donn\u00e9es \/ Diagnostic de l\u2019existant \/ Gap analysis \/ Recommandations \/ Production de guidelines \/ Adaptation de la politique globale \/Support de sensibilisation et de prise en charge locale\t\t\t\t\t<\/div>\r\n\t\t\t\t\t\t\t\t\t<\/div>\r\n\t\t\t<\/div>\r\n\t\t\t<div class=\"clearfix\"><\/div>\r\n\t\t<\/div>\r\n\t\t\t\t<div class=\"slick-item\">\r\n\t\t\t<div class=\"block-left\">\r\n\t\t\t\t<div class=\"block-image-wrapper\">\r\n\t\t\t\t\t<div class=\"block-image\">\r\n\t\t\t\t\t\t<a href=\"https:\/\/www.devlhon-consulting.com\/fr\/cartographier-et-evaluer-les-risques-nets\/\" class=\"link\">\r\n\t\t\t\t\t\t\t<img loading=\"lazy\" decoding=\"async\" width=\"570\" height=\"320\" src=\"https:\/\/www.devlhon-consulting.com\/wp-content\/uploads\/2016\/11\/devlhon-consultingPMO_cartographier-570x320.jpg\" class=\"img-responsive img-full\" alt=\"\" \/>\t\t\t\t\t\t<\/a>\r\n\t\t\t\t\t<\/div>\r\n\t\t\t\t<\/div>\r\n\t\t\t<\/div>\r\n\t\t\t<div class=\"block-right\">\r\n\t\t\t\t<div class=\"block-slide-description\">\r\n\t\t\t\t\t<a href=\"https:\/\/www.devlhon-consulting.com\/fr\/cartographier-et-evaluer-les-risques-nets\/\" class=\"block-title\" >2- CARTOGRAPHIER ET \u00c9VALUER LES RISQUES NETS<\/a>\t\t\t\t\t<div>\r\n\t\t\t\t\t\tD\u00e9finition et \u00e9valuation du niveau de consid\u00e9ration des risques inh\u00e9rents \/ Mise en place d\u2019indicateurs cl\u00e9s de ma\u00eetrise des risques (proc\u00e9dures, incidents, contr\u00f4les, recommandations) \/ Mesure des risques net et recommandations \/ Cartographie des risques\t\t\t\t\t<\/div>\r\n\t\t\t\t\t\t\t\t\t<\/div>\r\n\t\t\t<\/div>\r\n\t\t\t<div class=\"clearfix\"><\/div>\r\n\t\t<\/div>\r\n\t\t\t\t<div class=\"slick-item\">\r\n\t\t\t<div class=\"block-left\">\r\n\t\t\t\t<div class=\"block-image-wrapper\">\r\n\t\t\t\t\t<div class=\"block-image\">\r\n\t\t\t\t\t\t<a href=\"https:\/\/www.devlhon-consulting.com\/fr\/mettre-a-niveau-les-processus-et-les-outils\/\" class=\"link\">\r\n\t\t\t\t\t\t\t<img loading=\"lazy\" decoding=\"async\" width=\"570\" height=\"320\" src=\"https:\/\/www.devlhon-consulting.com\/wp-content\/uploads\/2016\/11\/devlhon-consultingPMO_processus-et-outils-570x320.jpg\" class=\"img-responsive img-full\" alt=\"\" \/>\t\t\t\t\t\t<\/a>\r\n\t\t\t\t\t<\/div>\r\n\t\t\t\t<\/div>\r\n\t\t\t<\/div>\r\n\t\t\t<div class=\"block-right\">\r\n\t\t\t\t<div class=\"block-slide-description\">\r\n\t\t\t\t\t<a href=\"https:\/\/www.devlhon-consulting.com\/fr\/mettre-a-niveau-les-processus-et-les-outils\/\" class=\"block-title\" >3- METTRE \u00c0 NIVEAU LES PROCESSUS ET OUTILS<\/a>\t\t\t\t\t<div>\r\n\t\t\t\t\t\tCartographie des acteurs, fonctions et services (outils) du p\u00e9rim\u00e8tre \/ Business analysis, contr\u00f4le de la couverture des exigences et besoins \/ Recommandations \/ RFIs, RFPs \/ EDB et sp\u00e9cifications fonctionnelles \/ Sponsorship et pilotage Projet \/ Mise \u00e0 jour des processus\t\t\t\t\t<\/div>\r\n\t\t\t\t\t\t\t\t\t<\/div>\r\n\t\t\t<\/div>\r\n\t\t\t<div class=\"clearfix\"><\/div>\r\n\t\t<\/div>\r\n\t\t\t\t<div class=\"slick-item\">\r\n\t\t\t<div class=\"block-left\">\r\n\t\t\t\t<div class=\"block-image-wrapper\">\r\n\t\t\t\t\t<div class=\"block-image\">\r\n\t\t\t\t\t\t<a href=\"https:\/\/www.devlhon-consulting.com\/fr\/decliner-et-adapter-les-procedures\/\" class=\"link\">\r\n\t\t\t\t\t\t\t<img loading=\"lazy\" decoding=\"async\" width=\"570\" height=\"320\" src=\"https:\/\/www.devlhon-consulting.com\/wp-content\/uploads\/2016\/11\/devlhon-consultingPMO_procedures-570x320.jpg\" class=\"img-responsive img-full\" alt=\"\" \/>\t\t\t\t\t\t<\/a>\r\n\t\t\t\t\t<\/div>\r\n\t\t\t\t<\/div>\r\n\t\t\t<\/div>\r\n\t\t\t<div class=\"block-right\">\r\n\t\t\t\t<div class=\"block-slide-description\">\r\n\t\t\t\t\t<a href=\"https:\/\/www.devlhon-consulting.com\/fr\/decliner-et-adapter-les-procedures\/\" class=\"block-title\" >4- D\u00c9CLINER ET ADAPTER LES PROC\u00c9DURES<\/a>\t\t\t\t\t<div>\r\n\t\t\t\t\t\tCiblage, priorisation et phasage \/ D\u00e9finition des parties prenantes et responsabilisation des contributeurs \/ Collecte des exigences locales et formalisation de standards Groupe \/ Production des proc\u00e9dures, modes op\u00e9ratoires, guides utilisateurs\t\t\t\t\t<\/div>\r\n\t\t\t\t\t\t\t\t\t<\/div>\r\n\t\t\t<\/div>\r\n\t\t\t<div class=\"clearfix\"><\/div>\r\n\t\t<\/div>\r\n\t\t\t\t<div class=\"slick-item\">\r\n\t\t\t<div class=\"block-left\">\r\n\t\t\t\t<div class=\"block-image-wrapper\">\r\n\t\t\t\t\t<div class=\"block-image\">\r\n\t\t\t\t\t\t<a href=\"https:\/\/www.devlhon-consulting.com\/fr\/mettre-en-oeuvre-et-accompagner-le-changement\/\" class=\"link\">\r\n\t\t\t\t\t\t\t<img loading=\"lazy\" decoding=\"async\" width=\"570\" height=\"320\" src=\"https:\/\/www.devlhon-consulting.com\/wp-content\/uploads\/2016\/11\/devlhon-consultingPMO_ACCOMPAGNER-LE-CHANGEMENT-570x320.jpg\" class=\"img-responsive img-full\" alt=\"\" \/>\t\t\t\t\t\t<\/a>\r\n\t\t\t\t\t<\/div>\r\n\t\t\t\t<\/div>\r\n\t\t\t<\/div>\r\n\t\t\t<div class=\"block-right\">\r\n\t\t\t\t<div class=\"block-slide-description\">\r\n\t\t\t\t\t<a href=\"https:\/\/www.devlhon-consulting.com\/fr\/mettre-en-oeuvre-et-accompagner-le-changement\/\" class=\"block-title\" >5- METTRE EN OEUVRE ET ACCOMPAGNER LE CHANGEMENT<\/a>\t\t\t\t\t<div>\r\n\t\t\t\t\t\tSupports de sensibilisation \/ Etude des risques et impacts \/ Mise en \u0153uvre d\u2019un Proof of Concept (PoC) et\/ou Pilote \/ Actions de communication \/ Pr\u00e9paration et animation de sessions de formation \/ Assistance aux utilisateurs\t\t\t\t\t<\/div>\r\n\t\t\t\t\t\t\t\t\t<\/div>\r\n\t\t\t<\/div>\r\n\t\t\t<div class=\"clearfix\"><\/div>\r\n\t\t<\/div>\r\n\t\t\t\t<div class=\"slick-item\">\r\n\t\t\t<div class=\"block-left\">\r\n\t\t\t\t<div class=\"block-image-wrapper\">\r\n\t\t\t\t\t<div class=\"block-image\">\r\n\t\t\t\t\t\t<a href=\"https:\/\/www.devlhon-consulting.com\/fr\/piloter-le-dispositif\/\" class=\"link\">\r\n\t\t\t\t\t\t\t<img loading=\"lazy\" decoding=\"async\" width=\"570\" height=\"320\" src=\"https:\/\/www.devlhon-consulting.com\/wp-content\/uploads\/2016\/11\/devlhon-consultingPMO_piloter-le-dispositif-570x320.jpg\" class=\"img-responsive img-full\" alt=\"\" \/>\t\t\t\t\t\t<\/a>\r\n\t\t\t\t\t<\/div>\r\n\t\t\t\t<\/div>\r\n\t\t\t<\/div>\r\n\t\t\t<div class=\"block-right\">\r\n\t\t\t\t<div class=\"block-slide-description\">\r\n\t\t\t\t\t<a href=\"https:\/\/www.devlhon-consulting.com\/fr\/piloter-le-dispositif\/\" class=\"block-title\" >6- PILOTER LE DISPOSITIF<\/a>\t\t\t\t\t<div>\r\n\t\t\t\t\t\tFormalisation de la m\u00e9thodologie \/ D\u00e9finition d\u2019indicateurs de suivi et de reporting selon les besoins : r\u00e9glementaire, Business, op\u00e9rationnel \/ PMO Projet \/ Mesure et formalisation du ROI \/ Analyse des \u00e9carts et plans d\u2019actions correctrices\t\t\t\t\t<\/div>\r\n\t\t\t\t\t\t\t\t\t<\/div>\r\n\t\t\t<\/div>\r\n\t\t\t<div class=\"clearfix\"><\/div>\r\n\t\t<\/div>\r\n\t\t<\/div><div class=\"slider-nav-wrapper\"><div class=\"block-slider-nav-01\" data-slidestoshow=\"3\"><div class=\"slick-item\">\r\n\t\t  \t<div class=\"block-image\">\r\n\t\t\t  \t<a href=\"javascript:void(0)\" class=\"link\">\r\n\t\t\t\t \t<img loading=\"lazy\" decoding=\"async\" width=\"160\" height=\"84\" src=\"https:\/\/www.devlhon-consulting.com\/wp-content\/uploads\/2016\/11\/devlhon-consultingPMO_politique-globale-160x84.jpg\" class=\"img-responsive img-full\" alt=\"\" \/>\r\n\t\t \t\t<\/a>\r\n\t\t  \t<\/div>\r\n\t\t<\/div><div class=\"slick-item\">\r\n\t\t  \t<div class=\"block-image\">\r\n\t\t\t  \t<a href=\"javascript:void(0)\" class=\"link\">\r\n\t\t\t\t \t<img loading=\"lazy\" decoding=\"async\" width=\"160\" height=\"84\" src=\"https:\/\/www.devlhon-consulting.com\/wp-content\/uploads\/2016\/11\/devlhon-consultingPMO_cartographier-160x84.jpg\" class=\"img-responsive img-full\" alt=\"\" \/>\r\n\t\t \t\t<\/a>\r\n\t\t  \t<\/div>\r\n\t\t<\/div><div class=\"slick-item\">\r\n\t\t  \t<div class=\"block-image\">\r\n\t\t\t  \t<a href=\"javascript:void(0)\" class=\"link\">\r\n\t\t\t\t \t<img loading=\"lazy\" decoding=\"async\" width=\"160\" height=\"84\" src=\"https:\/\/www.devlhon-consulting.com\/wp-content\/uploads\/2016\/11\/devlhon-consultingPMO_processus-et-outils-160x84.jpg\" class=\"img-responsive img-full\" alt=\"\" \/>\r\n\t\t \t\t<\/a>\r\n\t\t  \t<\/div>\r\n\t\t<\/div><div class=\"slick-item\">\r\n\t\t  \t<div class=\"block-image\">\r\n\t\t\t  \t<a href=\"javascript:void(0)\" class=\"link\">\r\n\t\t\t\t \t<img loading=\"lazy\" decoding=\"async\" width=\"160\" height=\"84\" src=\"https:\/\/www.devlhon-consulting.com\/wp-content\/uploads\/2016\/11\/devlhon-consultingPMO_procedures-160x84.jpg\" class=\"img-responsive img-full\" alt=\"\" \/>\r\n\t\t \t\t<\/a>\r\n\t\t  \t<\/div>\r\n\t\t<\/div><div class=\"slick-item\">\r\n\t\t  \t<div class=\"block-image\">\r\n\t\t\t  \t<a href=\"javascript:void(0)\" class=\"link\">\r\n\t\t\t\t \t<img loading=\"lazy\" decoding=\"async\" width=\"160\" height=\"84\" src=\"https:\/\/www.devlhon-consulting.com\/wp-content\/uploads\/2016\/11\/devlhon-consultingPMO_ACCOMPAGNER-LE-CHANGEMENT-160x84.jpg\" class=\"img-responsive img-full\" alt=\"\" \/>\r\n\t\t \t\t<\/a>\r\n\t\t  \t<\/div>\r\n\t\t<\/div><div class=\"slick-item\">\r\n\t\t  \t<div class=\"block-image\">\r\n\t\t\t  \t<a href=\"javascript:void(0)\" class=\"link\">\r\n\t\t\t\t \t<img loading=\"lazy\" decoding=\"async\" width=\"160\" height=\"84\" src=\"https:\/\/www.devlhon-consulting.com\/wp-content\/uploads\/2016\/11\/devlhon-consultingPMO_piloter-le-dispositif-160x84.jpg\" class=\"img-responsive img-full\" alt=\"\" \/>\r\n\t\t \t\t<\/a>\r\n\t\t  \t<\/div>\r\n\t\t<\/div><\/div><\/div><\/div><\/div><\/div>\r\n[vc_empty_space][vc_column_text]<\/p>\n<p style=\"text-align: center;\"><b><i>Ces diff\u00e9rents niveaux de service ont port\u00e9 leurs fruits au sein de nombreux domaines m\u00e9tiers et fonctions centrales<\/i><\/b><\/p>\n<p>[\/vc_column_text]<div class=\"slz-shortcode sc_main_title main-title-212942366069d9f54300cf3   style-1  text-c vc_custom_1484777522848\">\r\n\t<div class=\"slz-main-title\">\r\n\t\t<img loading=\"lazy\" decoding=\"async\" width=\"123\" height=\"15\" src=\"https:\/\/www.devlhon-consulting.com\/wp-content\/uploads\/2016\/11\/devlhon_consulting_separator-2.png\" class=\"attachment-full size-full\" alt=\"\" \/>\t\t\t\t\t<h2 class=\"title\">SUCCESS STORIES\t\t\t\t\t\t<\/h2>\r\n\t\t\t\t\t\t\t<div class=\"subtitle\">\r\n\t\t\t\t<span class=\"subtitle-inner\">NOS PRINCIPALES REFERENCES<\/span>\r\n\t\t\t<\/div>\r\n\t\t\t\t<\/div>\r\n<\/div>\r\n\r\n\r\n<div class=\"slz-testimonial slz-testimonial-02 layout-02 slz-shortcode custom-slide slz-testimonial-81858508569d9f54300fe7\" \r\n    data-id=\"slz-testimonial-81858508569d9f54300fe7\" \r\n    data-show-arrow=\"1\" \r\n    data-dots=\"1\"\r\n    data-speed=\"0\"\r\n    data-autoplay=\"\"\r\n    data-infinite=\"1\"\r\n    data-animation=\"0\">\r\n        <div class=\"slick-wrapper\">\r\n       \r\n    <div class=\"item\">\r\n        <div class=\"client-item\">\r\n            <div class=\"img-wrapper\"><img loading=\"lazy\" decoding=\"async\" width=\"300\" height=\"300\" src=\"https:\/\/www.devlhon-consulting.com\/wp-content\/uploads\/2017\/01\/devlhon-consulting-references-clients-raiffeisen-bank.jpg\" class=\"img-responsive img-full\" alt=\"\" srcset=\"https:\/\/www.devlhon-consulting.com\/wp-content\/uploads\/2017\/01\/devlhon-consulting-references-clients-raiffeisen-bank.jpg 300w, https:\/\/www.devlhon-consulting.com\/wp-content\/uploads\/2017\/01\/devlhon-consulting-references-clients-raiffeisen-bank-150x150.jpg 150w, https:\/\/www.devlhon-consulting.com\/wp-content\/uploads\/2017\/01\/devlhon-consulting-references-clients-raiffeisen-bank-64x64.jpg 64w\" sizes=\"auto, (max-width: 300px) 100vw, 300px\" \/><\/div>\r\n        <\/div>\r\n        <div class=\"quote-item\">\r\n            <div class=\"thumbnail-img-wrapper\"><img loading=\"lazy\" decoding=\"async\" width=\"300\" height=\"300\" src=\"https:\/\/www.devlhon-consulting.com\/wp-content\/uploads\/2017\/01\/devlhon-consulting-references-clients-raiffeisen-bank.jpg\" class=\"img-responsive img-full\" alt=\"\" srcset=\"https:\/\/www.devlhon-consulting.com\/wp-content\/uploads\/2017\/01\/devlhon-consulting-references-clients-raiffeisen-bank.jpg 300w, https:\/\/www.devlhon-consulting.com\/wp-content\/uploads\/2017\/01\/devlhon-consulting-references-clients-raiffeisen-bank-150x150.jpg 150w, https:\/\/www.devlhon-consulting.com\/wp-content\/uploads\/2017\/01\/devlhon-consulting-references-clients-raiffeisen-bank-64x64.jpg 64w\" sizes=\"auto, (max-width: 300px) 100vw, 300px\" \/><\/div>\r\n            <div class=\"name\">Raiffeisen<\/div>\r\n            \r\n            <div class=\"description\"><h3><\/h3>\r\n&nbsp;\r\n<h3><span style=\"color: #0fb2ee\"><strong>Mission : <em>\"Projet d'impl\u00e9mentation des standards IFRS9 au sein de la banque\"<\/em><\/strong><\/span><\/h3>\r\n<p style=\"text-align: left\"><span style=\"color: #999999\">-----------------------------------<\/span><\/p>\r\n\r\n<h4 style=\"text-align: left\"><span style=\"color: #003366\"><strong>Travaux :<\/strong><\/span><\/h4>\r\n<ul>\r\n \t<li>Analyse de l'existant et \u00e9valuation des impacts organisationnels, techniques et op\u00e9rationnels<\/li>\r\n \t<li>D\u00e9finition de la gouvernance et de la roadmap du projet<\/li>\r\n \t<li>Pilotage du Projet<\/li>\r\n<\/ul><\/div>\r\n        <\/div>\r\n    <\/div>\r\n    <div class=\"item\">\r\n        <div class=\"client-item\">\r\n            <div class=\"img-wrapper\"><img loading=\"lazy\" decoding=\"async\" width=\"300\" height=\"300\" src=\"https:\/\/www.devlhon-consulting.com\/wp-content\/uploads\/2017\/01\/devlhon-consulting-references-clients-bnp-paribas.jpg\" class=\"img-responsive img-full\" alt=\"\" srcset=\"https:\/\/www.devlhon-consulting.com\/wp-content\/uploads\/2017\/01\/devlhon-consulting-references-clients-bnp-paribas.jpg 300w, https:\/\/www.devlhon-consulting.com\/wp-content\/uploads\/2017\/01\/devlhon-consulting-references-clients-bnp-paribas-150x150.jpg 150w, https:\/\/www.devlhon-consulting.com\/wp-content\/uploads\/2017\/01\/devlhon-consulting-references-clients-bnp-paribas-64x64.jpg 64w\" sizes=\"auto, (max-width: 300px) 100vw, 300px\" \/><\/div>\r\n        <\/div>\r\n        <div class=\"quote-item\">\r\n            <div class=\"thumbnail-img-wrapper\"><img loading=\"lazy\" decoding=\"async\" width=\"300\" height=\"300\" src=\"https:\/\/www.devlhon-consulting.com\/wp-content\/uploads\/2017\/01\/devlhon-consulting-references-clients-bnp-paribas.jpg\" class=\"img-responsive img-full\" alt=\"\" srcset=\"https:\/\/www.devlhon-consulting.com\/wp-content\/uploads\/2017\/01\/devlhon-consulting-references-clients-bnp-paribas.jpg 300w, https:\/\/www.devlhon-consulting.com\/wp-content\/uploads\/2017\/01\/devlhon-consulting-references-clients-bnp-paribas-150x150.jpg 150w, https:\/\/www.devlhon-consulting.com\/wp-content\/uploads\/2017\/01\/devlhon-consulting-references-clients-bnp-paribas-64x64.jpg 64w\" sizes=\"auto, (max-width: 300px) 100vw, 300px\" \/><\/div>\r\n            <div class=\"name\">BNP Paribas<\/div>\r\n            \r\n            <div class=\"description\">&nbsp;\r\n<h3><span style=\"color: #0fb2ee\"><strong>Mission :\u00a0<em>\"Mise en place d'un dispositif GRC de risques op\u00e9rationnels et contr\u00f4le permanent\"<\/em><\/strong><\/span><\/h3>\r\n<p style=\"text-align: left\"><span style=\"color: #999999\">-----------------------------------<\/span><\/p>\r\n\r\n<h4 style=\"text-align: left\"><span style=\"color: #003366\"><strong>Travaux :<\/strong><\/span><\/h4>\r\n<ul>\r\n \t<li><strong>Cartographie et \u00e9valuation des risques op\u00e9rationnels<\/strong> sur le r\u00e9f\u00e9rentiel Groupe<\/li>\r\n \t<li><strong>D\u00e9veloppement et consolidation des indicateurs de contr\u00f4le permanent<\/strong> (incidents op\u00e9rationnels, proc\u00e9dures, taux et r\u00e9sultats de contr\u00f4les, suivi des recommandations)<\/li>\r\n \t<li><strong>Mise en production du GRC<\/strong> et gestion des 1\u00e8res campagnes de reporting Groupe<\/li>\r\n<\/ul><\/div>\r\n        <\/div>\r\n    <\/div>\r\n    <div class=\"item\">\r\n        <div class=\"client-item\">\r\n            <div class=\"img-wrapper\"><img loading=\"lazy\" decoding=\"async\" width=\"300\" height=\"300\" src=\"https:\/\/www.devlhon-consulting.com\/wp-content\/uploads\/2017\/01\/devlhon-consulting-references-clients-hsbc.jpg\" class=\"img-responsive img-full\" alt=\"\" srcset=\"https:\/\/www.devlhon-consulting.com\/wp-content\/uploads\/2017\/01\/devlhon-consulting-references-clients-hsbc.jpg 300w, https:\/\/www.devlhon-consulting.com\/wp-content\/uploads\/2017\/01\/devlhon-consulting-references-clients-hsbc-150x150.jpg 150w, https:\/\/www.devlhon-consulting.com\/wp-content\/uploads\/2017\/01\/devlhon-consulting-references-clients-hsbc-64x64.jpg 64w\" sizes=\"auto, (max-width: 300px) 100vw, 300px\" \/><\/div>\r\n        <\/div>\r\n        <div class=\"quote-item\">\r\n            <div class=\"thumbnail-img-wrapper\"><img loading=\"lazy\" decoding=\"async\" width=\"300\" height=\"300\" src=\"https:\/\/www.devlhon-consulting.com\/wp-content\/uploads\/2017\/01\/devlhon-consulting-references-clients-hsbc.jpg\" class=\"img-responsive img-full\" alt=\"\" srcset=\"https:\/\/www.devlhon-consulting.com\/wp-content\/uploads\/2017\/01\/devlhon-consulting-references-clients-hsbc.jpg 300w, https:\/\/www.devlhon-consulting.com\/wp-content\/uploads\/2017\/01\/devlhon-consulting-references-clients-hsbc-150x150.jpg 150w, https:\/\/www.devlhon-consulting.com\/wp-content\/uploads\/2017\/01\/devlhon-consulting-references-clients-hsbc-64x64.jpg 64w\" sizes=\"auto, (max-width: 300px) 100vw, 300px\" \/><\/div>\r\n            <div class=\"name\">HSBC<\/div>\r\n            \r\n            <div class=\"description\"><h3><\/h3>\r\n&nbsp;\r\n<h3><span style=\"color: #0fb2ee\"><strong>Mission : <em>\"Mise \u00e0 niveau du corpus proc\u00e9dural Conformit\u00e9 de l'entit\u00e9\"<\/em><\/strong><\/span><\/h3>\r\n<p style=\"text-align: left\"><span style=\"color: #999999\">-----------------------------------<\/span><\/p>\r\n\r\n<h4 style=\"text-align: left\"><span style=\"color: #003366\"><strong>Travaux :<\/strong><\/span><\/h4>\r\n<ul>\r\n \t<li>D\u00e9clinaison macro des nouvelles politique Groupe au niveau de l'entit\u00e9<\/li>\r\n \t<li><strong>\u00c9valuation des impacts<\/strong> organisationnels, fonctionnels et SI <strong>vis-\u00e0-vis de l'existant<\/strong><\/li>\r\n \t<li><strong>Mise \u00e0 jour des proc\u00e9dures<\/strong> (KYC, Due diligence, ...) et recommandations<\/li>\r\n \t<li>Cartographie, stockage et gestion de la documentation<\/li>\r\n<\/ul><\/div>\r\n        <\/div>\r\n    <\/div>    <\/div>\r\n<\/div>\r\n\r\n[\/vc_column][\/vc_row][vc_row full_width=\u00a0\u00bbstretch_row\u00a0\u00bb content_placement=\u00a0\u00bbmiddle\u00a0\u00bb css=\u00a0\u00bb.vc_custom_1485210449701{margin-top: 50px !important;margin-bottom: -180px !important;background-image: url(https:\/\/www.devlhon-consulting.com\/wp-content\/uploads\/2016\/11\/devlhon_consulting_clients.jpg?id=2520) !important;background-position: center !important;background-repeat: no-repeat !important;background-size: cover !important;}\u00a0\u00bb][vc_column]\r\n<div class=\"slz-shortcode sc_banner banner-209926040769d9f54336d01  \">\r\n\t<div class=\"slz-banner-01 \">\r\n\t\t\t\t\t\t<div class=\"content-wrapper\">\r\n\t\t\t\t\t\t\t<h1 class=\"title\">PARTENAIRE DE VOS AMBITIONS<\/h1>\r\n\t\t\t\t\t\t\t\t\t\t<div class=\"description\"><div class=\"description\">\n<p style=\"text-align: center\"><span style=\"color: #ffffff\">Nous mettons notre Expertise au service de vos Besoins et de votre Strat\u00e9gie en<br \/>\n<\/span><span style=\"color: #ffffff\">vous proposant des Solutions \u00e0 la hauteur de vos Ambitions.\u00a0<\/span><\/p>\n<\/div>\n<\/div>\r\n\t\t\t\t\t\t\t\t\t\t<div class=\"slz-group-btn\">\r\n\t\t\t\t\t\t\t\t\t\t\t\t\t\t\t\t\t\t<a href=\"http:\/\/www.devlhon-consulting.com\/contact\/\"   class=\"slz-btn sc-banner-btn-1\">\r\n\t\t\t\t\t\t\t\t\t\t\t\t\t\t\t\t\t\t\t\t\t\t\t\t\t\t<span class=\"btn-text sc-banner-btn-text-1\">Nous Contacter<\/span>\r\n\t\t\t\t\t\t\t\t\t\t\t\t\t\t\t<\/a>\r\n\t\t\t\t\t\t\t\t\t\t\t\t\t\t\t<\/div>\r\n\t\t\t\t\t<\/div>\r\n\t<\/div>\r\n<\/div>\r\n\r\n[\/vc_column][\/vc_row][vc_row][vc_column][\/vc_column][\/vc_row]<\/p>","protected":false},"excerpt":{"rendered":"<p>[vc_row css=\u00a0\u00bb.vc_custom_1483523287574{padding-bottom: 50px !important;}\u00a0\u00bb][vc_column width=\u00a0\u00bb1\/2&Prime;][vc_column_text css=\u00a0\u00bb.vc_custom_1570524335212{padding-bottom: 50px !important;}\u00a0\u00bb] \u00a0 \u00a0 \u00a0 \u00a0Transversalement \u00e0 nos savoir-faire, nos nombreuses interventions au sein de projets et programmes de premier plan ont permis au cabinet de b\u00e2tir un socle de comp\u00e9tences \u00ab\u00a0Project Management\u00a0\u00bb. Cette base indispensable dans l\u2019accompagnement de nos clients est transmises et pratiqu\u00e9es aupr\u00e8s de chacune de [&hellip;]<\/p>\n","protected":false},"author":1,"featured_media":0,"parent":0,"menu_order":0,"comment_status":"closed","ping_status":"closed","template":"","meta":{"seo_booster_metabox":"","footnotes":""},"class_list":["post-2943","page","type-page","status-publish","hentry"],"_links":{"self":[{"href":"https:\/\/www.devlhon-consulting.com\/fr\/wp-json\/wp\/v2\/pages\/2943","targetHints":{"allow":["GET"]}}],"collection":[{"href":"https:\/\/www.devlhon-consulting.com\/fr\/wp-json\/wp\/v2\/pages"}],"about":[{"href":"https:\/\/www.devlhon-consulting.com\/fr\/wp-json\/wp\/v2\/types\/page"}],"author":[{"embeddable":true,"href":"https:\/\/www.devlhon-consulting.com\/fr\/wp-json\/wp\/v2\/users\/1"}],"replies":[{"embeddable":true,"href":"https:\/\/www.devlhon-consulting.com\/fr\/wp-json\/wp\/v2\/comments?post=2943"}],"version-history":[{"count":4,"href":"https:\/\/www.devlhon-consulting.com\/fr\/wp-json\/wp\/v2\/pages\/2943\/revisions"}],"predecessor-version":[{"id":5390,"href":"https:\/\/www.devlhon-consulting.com\/fr\/wp-json\/wp\/v2\/pages\/2943\/revisions\/5390"}],"wp:attachment":[{"href":"https:\/\/www.devlhon-consulting.com\/fr\/wp-json\/wp\/v2\/media?parent=2943"}],"curies":[{"name":"wp","href":"https:\/\/api.w.org\/{rel}","templated":true}]}}