{"id":2854,"date":"2017-01-04T16:16:26","date_gmt":"2017-01-04T15:16:26","guid":{"rendered":"https:\/\/www.devlhon-consulting.com\/?page_id=2854"},"modified":"2022-06-22T14:56:51","modified_gmt":"2022-06-22T12:56:51","slug":"excellence-operationnelle","status":"publish","type":"page","link":"https:\/\/www.devlhon-consulting.com\/fr\/excellence-operationnelle\/","title":{"rendered":"Excellence Op\u00e9rationnelle"},"content":{"rendered":"<p>[vc_section full_width=\u00a0\u00bbstretch_row\u00a0\u00bb full_height=\u00a0\u00bbyes\u00a0\u00bb content_placement=\u00a0\u00bbmiddle\u00a0\u00bb video_bg=\u00a0\u00bbyes\u00a0\u00bb video_bg_url=\u00a0\u00bbhttps:\/\/www.youtube.com\/watch?v=O6CLkUKePm8&Prime; video_bg_parallax=\u00a0\u00bbcontent-moving\u00a0\u00bb css=\u00a0\u00bb.vc_custom_1571852402421{margin-top: -150px !important;margin-bottom: 50px !important;}\u00a0\u00bb][vc_row][vc_column][vc_custom_heading source=\u00a0\u00bbpost_title\u00a0\u00bb font_container=\u00a0\u00bbtag:h1|font_size:150px|text_align:center|color:%23ffffff\u00a0\u00bb google_fonts=\u00a0\u00bbfont_family:Roboto%20Condensed%3A300%2C300italic%2Cregular%2Citalic%2C700%2C700italic|font_style:700%20bold%20regular%3A700%3Anormal\u00a0\u00bb][\/vc_column][\/vc_row][\/vc_section][vc_row css=\u00a0\u00bb.vc_custom_1483523287574{padding-bottom: 50px !important;}\u00a0\u00bb][vc_column width=\u00a0\u00bb1\/2&Prime;][vc_column_text css=\u00a0\u00bb.vc_custom_1655902551012{padding-bottom: 50px !important;}\u00a0\u00bb]<span style=\"font-weight: 400; font-size: 14pt;\"><strong>\u00a0\u00ab\u00a0L\u2019excellence op\u00e9rationnelle constitue le patrimoine d\u2019expertise historique du cabinet<\/strong> avec plus de 30 missions \u00e0 son actif.\u00a0\u00bb<\/span><\/p>\n<p><span style=\"font-weight: 400;\">De la simple fiche de poste \u00e0 la cr\u00e9ation d\u2019une fonction compl\u00e8te d\u00e9centralis\u00e9e, nos consultants conseillent et accompagnent les \u00e9quipes internes dans <strong>l\u2019optimisation de leurs processus aux niveaux organisationnel, fonctionnel et op\u00e9rationnel.<\/strong><\/span>[\/vc_column_text][\/vc_column][vc_column width=\u00a0\u00bb1\/2&Prime;][vc_column_text css=\u00a0\u00bb.vc_custom_1571339841774{padding-top: -20px !important;padding-bottom: 50px !important;}\u00a0\u00bb]<\/p>\n<h3><span style=\"color: #083773;\"><b>LES <span style=\"color: #84b777;\">ENJEUX<\/span><\/b><\/span><\/h3>\n<ul>\n<li style=\"font-weight: 400;\"><span style=\"font-weight: 400;\"><strong>Aligner les activit\u00e9s et processus avec la strat\u00e9gie<\/strong> et les objectifs de performance<\/span><\/li>\n<li style=\"font-weight: 400;\"><span style=\"font-weight: 400;\"><strong>Standardiser l\u2019architecture d\u2019entreprise<\/strong> et d\u00e9velopper un langage commun des succ\u00e8s comme des difficult\u00e9s<\/span><\/li>\n<li style=\"font-weight: 400;\"><span style=\"font-weight: 400;\"><strong>Piloter la performance et gagner en efficacit\u00e9<\/strong> op\u00e9rationnelle en optimisant les ressources, fonctions et processus <\/span><\/li>\n<\/ul>\n<p>[\/vc_column_text][\/vc_column][\/vc_row][vc_row el_id=\u00a0\u00bbdisplay-image\u00a0\u00bb][vc_column]<div class=\"slz-shortcode sc_main_title main-title-147319297869deb23c31459   style-1  text-c vc_custom_1488323801899\">\r\n\t<div class=\"slz-main-title\">\r\n\t\t<img loading=\"lazy\" decoding=\"async\" width=\"123\" height=\"15\" src=\"https:\/\/www.devlhon-consulting.com\/wp-content\/uploads\/2016\/11\/devlhon_consulting_separator-2.png\" class=\"attachment-full size-full\" alt=\"\" \/>\t\t\t\t\t<h2 class=\"title\">L&#039;Excellence Op\u00e9rationnelle\t\t\t\t\t\t<\/h2>\r\n\t\t\t\t\t\t\t<div class=\"subtitle\">\r\n\t\t\t\t<span class=\"subtitle-inner\">Ce socle d\u2019expertise se d\u00e9cline en 3 composantes cl\u00e9s et sur l\u2019ensemble des phases projets.<\/span>\r\n\t\t\t<\/div>\r\n\t\t\t\t<\/div>\r\n<\/div>\r\n\r\n\r\n<div data-block-class=\"posts-carousel-57178328569deb23c321bb\" class=\"slz-shortcode sc_carousel_posts  posts-carousel-57178328569deb23c321bb \"\r\n\tdata-dots=\"0\"\r\n\tdata-arrow=\"0\"\r\n\tdata-speed=\"600\"\r\n\tdata-autoplay=\"0\"\r\n\tdata-infinite=\"0\"\r\n\tdata-animation=\"0\" >\r\n\r\n<div class=\"slz-carousel-wrapper \"><div class=\"slz-block-slider-01\"><div class=\"block-slider-main-01\">\t\t<div class=\"slick-item\">\r\n\t\t\t<div class=\"block-left\">\r\n\t\t\t\t<div class=\"block-image-wrapper\">\r\n\t\t\t\t\t<div class=\"block-image\">\r\n\t\t\t\t\t\t<a href=\"https:\/\/www.devlhon-consulting.com\/fr\/referentiel-commun-et-evaluer-son-potentiel\/\" class=\"link\">\r\n\t\t\t\t\t\t\t<img loading=\"lazy\" decoding=\"async\" width=\"570\" height=\"320\" src=\"https:\/\/www.devlhon-consulting.com\/wp-content\/uploads\/2016\/11\/Devlhon_consulting_excellence-operationnelle_1-1-570x320.png\" class=\"img-responsive img-full\" alt=\"\" \/>\t\t\t\t\t\t<\/a>\r\n\t\t\t\t\t<\/div>\r\n\t\t\t\t<\/div>\r\n\t\t\t<\/div>\r\n\t\t\t<div class=\"block-right\">\r\n\t\t\t\t<div class=\"block-slide-description\">\r\n\t\t\t\t\t<a href=\"https:\/\/www.devlhon-consulting.com\/fr\/referentiel-commun-et-evaluer-son-potentiel\/\" class=\"block-title\" >1- B\u00c2TIR SON R\u00c9F\u00c9RENTIEL COMMUN ET \u00c9VALUER SON POTENTIEL<\/a>\t\t\t\t\t<div>\r\n\t\t\t\t\t\tArchitecturer son organisation, ses M\u00e9tiers, ses fonctions, ses applicatifs et ses donn\u00e9es \/ Standardiser ses fiches de poste\/mission et \u00e9valuer son r\u00e9seau de comp\u00e9tences \/ Cartographier ses services et identifier les opportunit\u00e9s de convergence \/ D\u00e9finir ses r\u00e9f\u00e9rents Business Analysis.\t\t\t\t\t<\/div>\r\n\t\t\t\t\t\t\t\t\t<\/div>\r\n\t\t\t<\/div>\r\n\t\t\t<div class=\"clearfix\"><\/div>\r\n\t\t<\/div>\r\n\t\t\t\t<div class=\"slick-item\">\r\n\t\t\t<div class=\"block-left\">\r\n\t\t\t\t<div class=\"block-image-wrapper\">\r\n\t\t\t\t\t<div class=\"block-image\">\r\n\t\t\t\t\t\t<a href=\"https:\/\/www.devlhon-consulting.com\/fr\/decliner-sa-strategie-mesurer-ses-activites\/\" class=\"link\">\r\n\t\t\t\t\t\t\t<img loading=\"lazy\" decoding=\"async\" width=\"570\" height=\"320\" src=\"https:\/\/www.devlhon-consulting.com\/wp-content\/uploads\/2016\/11\/Devlhon_consulting_excellence-operationnelle_2-570x320.png\" class=\"img-responsive img-full\" alt=\"\" \/>\t\t\t\t\t\t<\/a>\r\n\t\t\t\t\t<\/div>\r\n\t\t\t\t<\/div>\r\n\t\t\t<\/div>\r\n\t\t\t<div class=\"block-right\">\r\n\t\t\t\t<div class=\"block-slide-description\">\r\n\t\t\t\t\t<a href=\"https:\/\/www.devlhon-consulting.com\/fr\/decliner-sa-strategie-mesurer-ses-activites\/\" class=\"block-title\" >2- D\u00c9CLINER SA STRAT\u00c9GIE ET MESURER SES ACTIVIT\u00c9S<\/a>\t\t\t\t\t<div>\r\n\t\t\t\t\t\tD\u00e9composer ses processus et proc\u00e9durer ses exigences \/ Communiquer une vision commune des objectifs et de l\u2019int\u00e9r\u00eats des t\u00e2ches \/ D\u00e9cliner et adapter ses KPIs et KRIs \/ Mettre en place un workflow d\u2019alerte et de collecte et de prise en charge des probl\u00e9matiques, \u00e9carts et d\u00e9faillances.\t\t\t\t\t<\/div>\r\n\t\t\t\t\t\t\t\t\t<\/div>\r\n\t\t\t<\/div>\r\n\t\t\t<div class=\"clearfix\"><\/div>\r\n\t\t<\/div>\r\n\t\t\t\t<div class=\"slick-item\">\r\n\t\t\t<div class=\"block-left\">\r\n\t\t\t\t<div class=\"block-image-wrapper\">\r\n\t\t\t\t\t<div class=\"block-image\">\r\n\t\t\t\t\t\t<a href=\"https:\/\/www.devlhon-consulting.com\/fr\/optimiser-les-dispositifs-et-processus\/\" class=\"link\">\r\n\t\t\t\t\t\t\t<img loading=\"lazy\" decoding=\"async\" width=\"570\" height=\"320\" src=\"https:\/\/www.devlhon-consulting.com\/wp-content\/uploads\/2016\/11\/Devlhon_consulting_excellence-operationnelle_3-570x320.png\" class=\"img-responsive img-full\" alt=\"\" \/>\t\t\t\t\t\t<\/a>\r\n\t\t\t\t\t<\/div>\r\n\t\t\t\t<\/div>\r\n\t\t\t<\/div>\r\n\t\t\t<div class=\"block-right\">\r\n\t\t\t\t<div class=\"block-slide-description\">\r\n\t\t\t\t\t<a href=\"https:\/\/www.devlhon-consulting.com\/fr\/optimiser-les-dispositifs-et-processus\/\" class=\"block-title\" >3- OPTIMISER LES DISPOSITIFS ET PROCESSUS<\/a>\t\t\t\t\t<div>\r\n\t\t\t\t\t\tD\u00e9velopper des processus de contr\u00f4les et d\u2019am\u00e9lioration continue \/ Identifier ses leviers et justifier ses changements organisationnels et IT \/ Prouver l\u2019int\u00e9r\u00eat de ses d\u00e9marches tout le long de la cha\u00eene de Management \/ Valoriser et am\u00e9liorer son capital humain \/ Minimiser ses risques op\u00e9rationnels.\t\t\t\t\t<\/div>\r\n\t\t\t\t\t\t\t\t\t<\/div>\r\n\t\t\t<\/div>\r\n\t\t\t<div class=\"clearfix\"><\/div>\r\n\t\t<\/div>\r\n\t\t<\/div><div class=\"slider-nav-wrapper\"><div class=\"block-slider-nav-01\" data-slidestoshow=\"3\"><div class=\"slick-item\">\r\n\t\t  \t<div class=\"block-image\">\r\n\t\t\t  \t<a href=\"javascript:void(0)\" class=\"link\">\r\n\t\t\t\t \t<img loading=\"lazy\" decoding=\"async\" width=\"160\" height=\"84\" src=\"https:\/\/www.devlhon-consulting.com\/wp-content\/uploads\/2016\/11\/Devlhon_consulting_excellence-operationnelle_1-1-160x84.png\" class=\"img-responsive img-full\" alt=\"\" \/>\r\n\t\t \t\t<\/a>\r\n\t\t  \t<\/div>\r\n\t\t<\/div><div class=\"slick-item\">\r\n\t\t  \t<div class=\"block-image\">\r\n\t\t\t  \t<a href=\"javascript:void(0)\" class=\"link\">\r\n\t\t\t\t \t<img loading=\"lazy\" decoding=\"async\" width=\"160\" height=\"84\" src=\"https:\/\/www.devlhon-consulting.com\/wp-content\/uploads\/2016\/11\/Devlhon_consulting_excellence-operationnelle_2-160x84.png\" class=\"img-responsive img-full\" alt=\"\" \/>\r\n\t\t \t\t<\/a>\r\n\t\t  \t<\/div>\r\n\t\t<\/div><div class=\"slick-item\">\r\n\t\t  \t<div class=\"block-image\">\r\n\t\t\t  \t<a href=\"javascript:void(0)\" class=\"link\">\r\n\t\t\t\t \t<img loading=\"lazy\" decoding=\"async\" width=\"160\" height=\"84\" src=\"https:\/\/www.devlhon-consulting.com\/wp-content\/uploads\/2016\/11\/Devlhon_consulting_excellence-operationnelle_3-160x84.png\" class=\"img-responsive img-full\" alt=\"\" \/>\r\n\t\t \t\t<\/a>\r\n\t\t  \t<\/div>\r\n\t\t<\/div><\/div><\/div><\/div><\/div><\/div>\r\n[vc_empty_space][vc_column_text]<\/p>\n<p style=\"text-align: center;\"><span style=\"font-weight: 400;\">Selon les \u00e9quipes et les m\u00e9thodes en place, nos ressources form\u00e9es poss\u00e8dent les comp\u00e9tences pour s\u2019adapter \u00e0 tout type de gestion de projet (Cycle en V, Agile, Lean, 6 Sigma, &#8230;).<\/span><\/p>\n<p>[\/vc_column_text]<div class=\"slz-shortcode sc_main_title main-title-158682283869deb23c33ec1   style-1  text-c vc_custom_1484776560686\">\r\n\t<div class=\"slz-main-title\">\r\n\t\t<img loading=\"lazy\" decoding=\"async\" width=\"123\" height=\"15\" src=\"https:\/\/www.devlhon-consulting.com\/wp-content\/uploads\/2016\/11\/devlhon_consulting_separator-2.png\" class=\"attachment-full size-full\" alt=\"\" \/>\t\t\t\t\t<h2 class=\"title\">SUCCESS STORIES\t\t\t\t\t\t<\/h2>\r\n\t\t\t\t\t\t\t<div class=\"subtitle\">\r\n\t\t\t\t<span class=\"subtitle-inner\">NOS PRINCIPALES REFERENCES<\/span>\r\n\t\t\t<\/div>\r\n\t\t\t\t<\/div>\r\n<\/div>\r\n\r\n\r\n<div class=\"slz-testimonial slz-testimonial-02 layout-02 slz-shortcode custom-slide slz-testimonial-75904536769deb23c34477\" \r\n    data-id=\"slz-testimonial-75904536769deb23c34477\" \r\n    data-show-arrow=\"1\" \r\n    data-dots=\"1\"\r\n    data-speed=\"0\"\r\n    data-autoplay=\"\"\r\n    data-infinite=\"1\"\r\n    data-animation=\"0\">\r\n        <div class=\"slick-wrapper\">\r\n       \r\n    <div class=\"item\">\r\n        <div class=\"client-item\">\r\n            <div class=\"img-wrapper\"><img loading=\"lazy\" decoding=\"async\" width=\"300\" height=\"300\" src=\"https:\/\/www.devlhon-consulting.com\/wp-content\/uploads\/2017\/01\/devlhon-consulting-references-clients-raiffeisen-bank.jpg\" class=\"img-responsive img-full\" alt=\"\" srcset=\"https:\/\/www.devlhon-consulting.com\/wp-content\/uploads\/2017\/01\/devlhon-consulting-references-clients-raiffeisen-bank.jpg 300w, https:\/\/www.devlhon-consulting.com\/wp-content\/uploads\/2017\/01\/devlhon-consulting-references-clients-raiffeisen-bank-150x150.jpg 150w, https:\/\/www.devlhon-consulting.com\/wp-content\/uploads\/2017\/01\/devlhon-consulting-references-clients-raiffeisen-bank-64x64.jpg 64w\" sizes=\"auto, (max-width: 300px) 100vw, 300px\" \/><\/div>\r\n        <\/div>\r\n        <div class=\"quote-item\">\r\n            <div class=\"thumbnail-img-wrapper\"><img loading=\"lazy\" decoding=\"async\" width=\"300\" height=\"300\" src=\"https:\/\/www.devlhon-consulting.com\/wp-content\/uploads\/2017\/01\/devlhon-consulting-references-clients-raiffeisen-bank.jpg\" class=\"img-responsive img-full\" alt=\"\" srcset=\"https:\/\/www.devlhon-consulting.com\/wp-content\/uploads\/2017\/01\/devlhon-consulting-references-clients-raiffeisen-bank.jpg 300w, https:\/\/www.devlhon-consulting.com\/wp-content\/uploads\/2017\/01\/devlhon-consulting-references-clients-raiffeisen-bank-150x150.jpg 150w, https:\/\/www.devlhon-consulting.com\/wp-content\/uploads\/2017\/01\/devlhon-consulting-references-clients-raiffeisen-bank-64x64.jpg 64w\" sizes=\"auto, (max-width: 300px) 100vw, 300px\" \/><\/div>\r\n            <div class=\"name\">Raiffeisen<\/div>\r\n            \r\n            <div class=\"description\"><h3><\/h3>\r\n&nbsp;\r\n<h3><span style=\"color: #0fb2ee\"><strong>Mission : <em>\"Projet d'impl\u00e9mentation des standards IFRS9 au sein de la banque\"<\/em><\/strong><\/span><\/h3>\r\n<p style=\"text-align: left\"><span style=\"color: #999999\">-----------------------------------<\/span><\/p>\r\n\r\n<h4 style=\"text-align: left\"><span style=\"color: #003366\"><strong>Travaux :<\/strong><\/span><\/h4>\r\n<ul>\r\n \t<li>Analyse de l'existant et \u00e9valuation des impacts organisationnels, techniques et op\u00e9rationnels<\/li>\r\n \t<li>D\u00e9finition de la gouvernance et de la roadmap du projet<\/li>\r\n \t<li>Pilotage du Projet<\/li>\r\n<\/ul><\/div>\r\n        <\/div>\r\n    <\/div>\r\n    <div class=\"item\">\r\n        <div class=\"client-item\">\r\n            <div class=\"img-wrapper\"><img loading=\"lazy\" decoding=\"async\" width=\"300\" height=\"300\" src=\"https:\/\/www.devlhon-consulting.com\/wp-content\/uploads\/2017\/01\/devlhon-consulting-references-clients-bnp-paribas.jpg\" class=\"img-responsive img-full\" alt=\"\" srcset=\"https:\/\/www.devlhon-consulting.com\/wp-content\/uploads\/2017\/01\/devlhon-consulting-references-clients-bnp-paribas.jpg 300w, https:\/\/www.devlhon-consulting.com\/wp-content\/uploads\/2017\/01\/devlhon-consulting-references-clients-bnp-paribas-150x150.jpg 150w, https:\/\/www.devlhon-consulting.com\/wp-content\/uploads\/2017\/01\/devlhon-consulting-references-clients-bnp-paribas-64x64.jpg 64w\" sizes=\"auto, (max-width: 300px) 100vw, 300px\" \/><\/div>\r\n        <\/div>\r\n        <div class=\"quote-item\">\r\n            <div class=\"thumbnail-img-wrapper\"><img loading=\"lazy\" decoding=\"async\" width=\"300\" height=\"300\" src=\"https:\/\/www.devlhon-consulting.com\/wp-content\/uploads\/2017\/01\/devlhon-consulting-references-clients-bnp-paribas.jpg\" class=\"img-responsive img-full\" alt=\"\" srcset=\"https:\/\/www.devlhon-consulting.com\/wp-content\/uploads\/2017\/01\/devlhon-consulting-references-clients-bnp-paribas.jpg 300w, https:\/\/www.devlhon-consulting.com\/wp-content\/uploads\/2017\/01\/devlhon-consulting-references-clients-bnp-paribas-150x150.jpg 150w, https:\/\/www.devlhon-consulting.com\/wp-content\/uploads\/2017\/01\/devlhon-consulting-references-clients-bnp-paribas-64x64.jpg 64w\" sizes=\"auto, (max-width: 300px) 100vw, 300px\" \/><\/div>\r\n            <div class=\"name\">BNP Paribas<\/div>\r\n            \r\n            <div class=\"description\">&nbsp;\r\n<h3><span style=\"color: #0fb2ee\"><strong>Mission :\u00a0<em>\"Mise en place d'un dispositif GRC de risques op\u00e9rationnels et contr\u00f4le permanent\"<\/em><\/strong><\/span><\/h3>\r\n<p style=\"text-align: left\"><span style=\"color: #999999\">-----------------------------------<\/span><\/p>\r\n\r\n<h4 style=\"text-align: left\"><span style=\"color: #003366\"><strong>Travaux :<\/strong><\/span><\/h4>\r\n<ul>\r\n \t<li><strong>Cartographie et \u00e9valuation des risques op\u00e9rationnels<\/strong> sur le r\u00e9f\u00e9rentiel Groupe<\/li>\r\n \t<li><strong>D\u00e9veloppement et consolidation des indicateurs de contr\u00f4le permanent<\/strong> (incidents op\u00e9rationnels, proc\u00e9dures, taux et r\u00e9sultats de contr\u00f4les, suivi des recommandations)<\/li>\r\n \t<li><strong>Mise en production du GRC<\/strong> et gestion des 1\u00e8res campagnes de reporting Groupe<\/li>\r\n<\/ul><\/div>\r\n        <\/div>\r\n    <\/div>\r\n    <div class=\"item\">\r\n        <div class=\"client-item\">\r\n            <div class=\"img-wrapper\"><img loading=\"lazy\" decoding=\"async\" width=\"300\" height=\"300\" src=\"https:\/\/www.devlhon-consulting.com\/wp-content\/uploads\/2017\/01\/devlhon-consulting-references-clients-hsbc.jpg\" class=\"img-responsive img-full\" alt=\"\" srcset=\"https:\/\/www.devlhon-consulting.com\/wp-content\/uploads\/2017\/01\/devlhon-consulting-references-clients-hsbc.jpg 300w, https:\/\/www.devlhon-consulting.com\/wp-content\/uploads\/2017\/01\/devlhon-consulting-references-clients-hsbc-150x150.jpg 150w, https:\/\/www.devlhon-consulting.com\/wp-content\/uploads\/2017\/01\/devlhon-consulting-references-clients-hsbc-64x64.jpg 64w\" sizes=\"auto, (max-width: 300px) 100vw, 300px\" \/><\/div>\r\n        <\/div>\r\n        <div class=\"quote-item\">\r\n            <div class=\"thumbnail-img-wrapper\"><img loading=\"lazy\" decoding=\"async\" width=\"300\" height=\"300\" src=\"https:\/\/www.devlhon-consulting.com\/wp-content\/uploads\/2017\/01\/devlhon-consulting-references-clients-hsbc.jpg\" class=\"img-responsive img-full\" alt=\"\" srcset=\"https:\/\/www.devlhon-consulting.com\/wp-content\/uploads\/2017\/01\/devlhon-consulting-references-clients-hsbc.jpg 300w, https:\/\/www.devlhon-consulting.com\/wp-content\/uploads\/2017\/01\/devlhon-consulting-references-clients-hsbc-150x150.jpg 150w, https:\/\/www.devlhon-consulting.com\/wp-content\/uploads\/2017\/01\/devlhon-consulting-references-clients-hsbc-64x64.jpg 64w\" sizes=\"auto, (max-width: 300px) 100vw, 300px\" \/><\/div>\r\n            <div class=\"name\">HSBC<\/div>\r\n            \r\n            <div class=\"description\"><h3><\/h3>\r\n&nbsp;\r\n<h3><span style=\"color: #0fb2ee\"><strong>Mission : <em>\"Mise \u00e0 niveau du corpus proc\u00e9dural Conformit\u00e9 de l'entit\u00e9\"<\/em><\/strong><\/span><\/h3>\r\n<p style=\"text-align: left\"><span style=\"color: #999999\">-----------------------------------<\/span><\/p>\r\n\r\n<h4 style=\"text-align: left\"><span style=\"color: #003366\"><strong>Travaux :<\/strong><\/span><\/h4>\r\n<ul>\r\n \t<li>D\u00e9clinaison macro des nouvelles politique Groupe au niveau de l'entit\u00e9<\/li>\r\n \t<li><strong>\u00c9valuation des impacts<\/strong> organisationnels, fonctionnels et SI <strong>vis-\u00e0-vis de l'existant<\/strong><\/li>\r\n \t<li><strong>Mise \u00e0 jour des proc\u00e9dures<\/strong> (KYC, Due diligence, ...) et recommandations<\/li>\r\n \t<li>Cartographie, stockage et gestion de la documentation<\/li>\r\n<\/ul><\/div>\r\n        <\/div>\r\n    <\/div>    <\/div>\r\n<\/div>\r\n\r\n[\/vc_column][\/vc_row][vc_row full_width=\u00a0\u00bbstretch_row\u00a0\u00bb content_placement=\u00a0\u00bbmiddle\u00a0\u00bb css=\u00a0\u00bb.vc_custom_1569789115579{margin-top: 50px !important;margin-bottom: -130px !important;background-image: url(https:\/\/www.devlhon-consulting.com\/wp-content\/uploads\/2016\/11\/devlhon_consulting_clients.jpg?id=2520) !important;background-position: center !important;background-repeat: no-repeat !important;background-size: cover !important;}\u00a0\u00bb][vc_column]\r\n<div class=\"slz-shortcode sc_banner banner-149067927069deb23c5fca6  \">\r\n\t<div class=\"slz-banner-01 \">\r\n\t\t\t\t\t\t<div class=\"content-wrapper\">\r\n\t\t\t\t\t\t\t<h1 class=\"title\">PARTENAIRE DE VOS AMBITIONS<\/h1>\r\n\t\t\t\t\t\t\t\t\t\t<div class=\"description\"><div class=\"description\">\n<p style=\"text-align: center\"><span style=\"color: #ffffff\">Nous mettons notre Expertise au service de vos Besoins et de votre Strat\u00e9gie en<br \/>\n<\/span><span style=\"color: #ffffff\">vous proposant des Solutions \u00e0 la hauteur de vos Ambitions.\u00a0<\/span><\/p>\n<\/div>\n<\/div>\r\n\t\t\t\t\t\t\t\t\t\t<div class=\"slz-group-btn\">\r\n\t\t\t\t\t\t\t\t\t\t\t\t\t\t\t\t\t\t<a href=\"http:\/\/www.devlhon-consulting.com\/contact\/\"   class=\"slz-btn sc-banner-btn-1\">\r\n\t\t\t\t\t\t\t\t\t\t\t\t\t\t\t\t\t\t\t\t\t\t\t\t\t\t<span class=\"btn-text sc-banner-btn-text-1\">Nous Contacter<\/span>\r\n\t\t\t\t\t\t\t\t\t\t\t\t\t\t\t<\/a>\r\n\t\t\t\t\t\t\t\t\t\t\t\t\t\t\t<\/div>\r\n\t\t\t\t\t<\/div>\r\n\t<\/div>\r\n<\/div>\r\n\r\n[\/vc_column][\/vc_row]<\/p>","protected":false},"excerpt":{"rendered":"<p>[vc_section full_width=\u00a0\u00bbstretch_row\u00a0\u00bb full_height=\u00a0\u00bbyes\u00a0\u00bb content_placement=\u00a0\u00bbmiddle\u00a0\u00bb video_bg=\u00a0\u00bbyes\u00a0\u00bb video_bg_url=\u00a0\u00bbhttps:\/\/www.youtube.com\/watch?v=O6CLkUKePm8&Prime; video_bg_parallax=\u00a0\u00bbcontent-moving\u00a0\u00bb css=\u00a0\u00bb.vc_custom_1571852402421{margin-top: -150px !important;margin-bottom: 50px !important;}\u00a0\u00bb][vc_row][vc_column][vc_custom_heading source=\u00a0\u00bbpost_title\u00a0\u00bb font_container=\u00a0\u00bbtag:h1|font_size:150px|text_align:center|color:%23ffffff\u00a0\u00bb google_fonts=\u00a0\u00bbfont_family:Roboto%20Condensed%3A300%2C300italic%2Cregular%2Citalic%2C700%2C700italic|font_style:700%20bold%20regular%3A700%3Anormal\u00a0\u00bb][\/vc_column][\/vc_row][\/vc_section][vc_row css=\u00a0\u00bb.vc_custom_1483523287574{padding-bottom: 50px !important;}\u00a0\u00bb][vc_column width=\u00a0\u00bb1\/2&Prime;][vc_column_text css=\u00a0\u00bb.vc_custom_1655902551012{padding-bottom: 50px !important;}\u00a0\u00bb]\u00a0\u00ab\u00a0L\u2019excellence op\u00e9rationnelle constitue le patrimoine d\u2019expertise historique du cabinet avec plus de 30 missions \u00e0 son actif.\u00a0\u00bb De la simple fiche de poste \u00e0 la cr\u00e9ation d\u2019une fonction compl\u00e8te d\u00e9centralis\u00e9e, nos consultants conseillent et [&hellip;]<\/p>\n","protected":false},"author":1,"featured_media":0,"parent":0,"menu_order":0,"comment_status":"closed","ping_status":"closed","template":"","meta":{"seo_booster_metabox":"","footnotes":""},"class_list":["post-2854","page","type-page","status-publish","hentry"],"_links":{"self":[{"href":"https:\/\/www.devlhon-consulting.com\/fr\/wp-json\/wp\/v2\/pages\/2854","targetHints":{"allow":["GET"]}}],"collection":[{"href":"https:\/\/www.devlhon-consulting.com\/fr\/wp-json\/wp\/v2\/pages"}],"about":[{"href":"https:\/\/www.devlhon-consulting.com\/fr\/wp-json\/wp\/v2\/types\/page"}],"author":[{"embeddable":true,"href":"https:\/\/www.devlhon-consulting.com\/fr\/wp-json\/wp\/v2\/users\/1"}],"replies":[{"embeddable":true,"href":"https:\/\/www.devlhon-consulting.com\/fr\/wp-json\/wp\/v2\/comments?post=2854"}],"version-history":[{"count":30,"href":"https:\/\/www.devlhon-consulting.com\/fr\/wp-json\/wp\/v2\/pages\/2854\/revisions"}],"predecessor-version":[{"id":7756,"href":"https:\/\/www.devlhon-consulting.com\/fr\/wp-json\/wp\/v2\/pages\/2854\/revisions\/7756"}],"wp:attachment":[{"href":"https:\/\/www.devlhon-consulting.com\/fr\/wp-json\/wp\/v2\/media?parent=2854"}],"curies":[{"name":"wp","href":"https:\/\/api.w.org\/{rel}","templated":true}]}}