{"id":2809,"date":"2017-01-04T10:38:47","date_gmt":"2017-01-04T09:38:47","guid":{"rendered":"https:\/\/www.devlhon-consulting.com\/?page_id=2809"},"modified":"2022-06-23T00:33:20","modified_gmt":"2022-06-22T22:33:20","slug":"excellence-reglementaire","status":"publish","type":"page","link":"https:\/\/www.devlhon-consulting.com\/fr\/excellence-reglementaire\/","title":{"rendered":"Excellence R\u00e9glementaire"},"content":{"rendered":"<p>[vc_row css=\u00a0\u00bb.vc_custom_1483523287574{padding-bottom: 50px !important;}\u00a0\u00bb][vc_column width=\u00a0\u00bb1\/2&Prime;][vc_column_text css=\u00a0\u00bb.vc_custom_1483523252304{padding-bottom: 50px !important;}\u00a0\u00bb]<\/p>\n<p><span style=\"font-size: 14pt;\">\u00ab\u00a0L\u2019excellence r\u00e9glementaire repr\u00e9sente aujourd\u2019hui <strong>le c\u0153ur des actions de notre \u00e9quipe<\/strong> dans la mise en conformit\u00e9 de nos clients faisant face \u00e0 la hausse r\u00e9guli\u00e8re des exigences des r\u00e9gulateurs mondiaux.\u00a0En phase d\u2019anticipation, de contr\u00f4le ou de redressement des dispositifs, <strong>nos experts interviennent de la d\u00e9finition des politiques \u00e0 leur mise en \u0153uvre<\/strong> en centrale ou au sein des \u00e9quipes op\u00e9rationnelles.\u00a0\u00bb<\/span><\/p>\n<p>[\/vc_column_text][\/vc_column][vc_column width=\u00a0\u00bb1\/2&Prime;][vc_column_text css=\u00a0\u00bb.vc_custom_1483523208063{padding-top: -20px !important;padding-bottom: 50px !important;}\u00a0\u00bb]<\/p>\n<h2><span style=\"color: #0fb2ee;\"><b><i>Les Enjeux<\/i><\/b><\/span><\/h2>\n<ul>\n<li><strong>S\u00e9curiser les int\u00e9r\u00eats de l\u2019entreprise<\/strong> et prot\u00e9ger ceux des clients<\/li>\n<li><strong>Respecter les textes et minimiser les risques <\/strong>op\u00e9rationnels et de non conformit\u00e9<\/li>\n<li><strong>Standardiser et optimiser<\/strong> les dispositifs et processus r\u00e9glementaires<\/li>\n<\/ul>\n<p>[\/vc_column_text][\/vc_column][\/vc_row][vc_row][vc_column]<div class=\"slz-shortcode sc_main_title main-title-169985386369ead88302afb   style-1  text-c vc_custom_1484071666010\">\r\n\t<div class=\"slz-main-title\">\r\n\t\t<img loading=\"lazy\" decoding=\"async\" width=\"123\" height=\"15\" src=\"https:\/\/www.devlhon-consulting.com\/wp-content\/uploads\/2016\/11\/devlhon_consulting_separator-2.png\" class=\"attachment-full size-full\" alt=\"\" \/>\t\t\t\t\t<h2 class=\"title\">L&#039;Excellence R\u00e9glementaire\t\t\t\t\t\t<\/h2>\r\n\t\t\t\t\t\t\t<div class=\"subtitle\">\r\n\t\t\t\t<span class=\"subtitle-inner\">en 6 services cl\u00e9s chez Devlhon<\/span>\r\n\t\t\t<\/div>\r\n\t\t\t\t<\/div>\r\n<\/div>\r\n\r\n\r\n<div class=\"slz-service-carousel slz-shortcode slz-gallery-feature  slz-gallery-24648495669ead8830375d\" data-block-class=\".slz-gallery-24648495669ead8830375d\">\r\n    <div class=\"row\">\r\n        <div class=\"col-md-4 col-sm-6 col-xs-6 col-md-push-4\">\r\n            <div class=\"service-slider-wrapper\">\r\n                <div class=\"slide-carousel\">\r\n                   <div class=\"item\"><img loading=\"lazy\" decoding=\"async\" width=\"360\" height=\"600\" src=\"https:\/\/www.devlhon-consulting.com\/wp-content\/uploads\/2016\/11\/devlhon-excellence-reglementaire-skyscraper-KYC-1-360x600.jpg\" class=\"img-responsive img-full\" alt=\"\" \/><\/div><div class=\"item\"><img loading=\"lazy\" decoding=\"async\" width=\"360\" height=\"600\" src=\"https:\/\/www.devlhon-consulting.com\/wp-content\/uploads\/2016\/11\/devlhon-excellence-reglementaire-skyscraper-risques-operationnels-1-360x600.jpg\" class=\"img-responsive img-full\" alt=\"\" \/><\/div><div class=\"item\"><img loading=\"lazy\" decoding=\"async\" width=\"360\" height=\"600\" src=\"https:\/\/www.devlhon-consulting.com\/wp-content\/uploads\/2016\/11\/devlhon-excellence-reglementaire-skyscraper-lcb-ft-1-360x600.jpg\" class=\"img-responsive img-full\" alt=\"\" \/><\/div><div class=\"item\"><img loading=\"lazy\" decoding=\"async\" width=\"360\" height=\"600\" src=\"https:\/\/www.devlhon-consulting.com\/wp-content\/uploads\/2016\/11\/devlhon-excellence-reglementaire-skyscraper-controles-permanents-1-360x600.jpg\" class=\"img-responsive img-full\" alt=\"\" \/><\/div><div class=\"item\"><img loading=\"lazy\" decoding=\"async\" width=\"360\" height=\"600\" src=\"https:\/\/www.devlhon-consulting.com\/wp-content\/uploads\/2016\/11\/devlhon-excellence-reglementaire-skyscraper-protection-des-interets-clients-360x600.jpg\" class=\"img-responsive img-full\" alt=\"\" \/><\/div><div class=\"item\"><img loading=\"lazy\" decoding=\"async\" width=\"360\" height=\"600\" src=\"https:\/\/www.devlhon-consulting.com\/wp-content\/uploads\/2016\/11\/devlhon-excellence-reglementaire-skyscraper-audit-interne-360x600.jpg\" class=\"img-responsive img-full\" alt=\"\" \/><\/div>                <\/div>\r\n            <\/div>\r\n        <\/div>\r\n\r\n        <div class=\"col-md-4 col-sm-6 col-xs-6 col-md-pull-4 left-side\">\r\n        \t<div class=\"slz-tab-list\">\r\n            <div class=\"slz-sv-item\" data-count=\"0\" >\r\n        <div class=\"direction-line\">\r\n            <div class=\"point\"><\/div>\r\n        <\/div>\r\n        <div class=\"slz-icon-box-1 style-4\">\r\n            <div class=\"icon-cell\">\r\n                <div class=\"wrapper-icon\">\r\n                \t<i class=\"slz-icon ion-android-search\"><\/i>\r\n                \t<div class=\"icon-circle\"><\/div>\r\n                <\/div>\r\n            <\/div>\r\n            <div class=\"content-cell\">\r\n                <div class=\"wrapper-info\">\r\n                    <div class=\"title\"><span class=\"block-title\">Know Your Customer<\/span><\/div>\r\n                     <div class=\"block-text\">D\u00e9finir et cat\u00e9goriser sa client\u00e8le \/\u00a0Evaluer le niveau d\u2019informations \/\u00a0Unifier et mutualiser la donn\u00e9e \/\u00a0Adapter sa m\u00e9thodologie de scoring et de classification des risques \/\u00a0Optimiser ses processus d\u2019 EER, de recertification et de cl\u00f4ture de relation<\/div>\r\n                <\/div>\r\n            <\/div>\r\n        <\/div>\r\n    <\/div><div class=\"slz-sv-item\" data-count=\"2\" >\r\n        <div class=\"direction-line\">\r\n            <div class=\"point\"><\/div>\r\n        <\/div>\r\n        <div class=\"slz-icon-box-1 style-4\">\r\n            <div class=\"icon-cell\">\r\n                <div class=\"wrapper-icon\">\r\n                \t<i class=\"slz-icon ion-android-contacts\"><\/i>\r\n                \t<div class=\"icon-circle\"><\/div>\r\n                <\/div>\r\n            <\/div>\r\n            <div class=\"content-cell\">\r\n                <div class=\"wrapper-info\">\r\n                    <div class=\"title\"><span class=\"block-title\">LCB-FT &#038; Sanctions Financi\u00e8res<\/span><\/div>\r\n                     <div class=\"block-text\">Challenger ses dispositifs d\u2019identification et de surveillance transactionnelle\u00a0\/ Adapter son corpus de sc\u00e9narios et de contr\u00f4les \u00e0 sa client\u00e8le\u00a0\/ Sensibiliser et cadrer les responsabilit\u00e9s locales et en centrale\u00a0\/ Veiller \u00e0 la couverture globale des alertes &nbsp;<\/div>\r\n                <\/div>\r\n            <\/div>\r\n        <\/div>\r\n    <\/div><div class=\"slz-sv-item\" data-count=\"4\" >\r\n        <div class=\"direction-line\">\r\n            <div class=\"point\"><\/div>\r\n        <\/div>\r\n        <div class=\"slz-icon-box-1 style-4\">\r\n            <div class=\"icon-cell\">\r\n                <div class=\"wrapper-icon\">\r\n                \t<i class=\"slz-icon fa fa-diamond\"><\/i>\r\n                \t<div class=\"icon-circle\"><\/div>\r\n                <\/div>\r\n            <\/div>\r\n            <div class=\"content-cell\">\r\n                <div class=\"wrapper-info\">\r\n                    <div class=\"title\"><span class=\"block-title\">Protection des Int\u00e9r\u00eats Client<\/span><\/div>\r\n                     <div class=\"block-text\">S\u00e9curiser la mise sur le march\u00e9 de nouveaux produits et transactions \/\u00a0Renforcer et piloter les contr\u00f4les de suitability et de conflit d\u2019int\u00e9r\u00eats \/\u00a0Monitorer sa gestion des r\u00e9clamations \/\u00a0Assurer le bon niveau d\u2019information \u00e0 la client\u00e8le et le devoir de conseil<\/div>\r\n                <\/div>\r\n            <\/div>\r\n        <\/div>\r\n    <\/div>            <\/div>\r\n        <\/div>\r\n        <div class=\"col-md-4 col-sm-6 col-xs-6 right-side\">\r\n            <div class=\"slz-tab-list\">\r\n               <div class=\"slz-sv-item\" data-count=\"1\" >\r\n        <div class=\"direction-line\">\r\n            <div class=\"point\"><\/div>\r\n        <\/div>\r\n        <div class=\"slz-icon-box-1 style-4\">\r\n            <div class=\"icon-cell\">\r\n                <div class=\"wrapper-icon\">\r\n                \t<i class=\"slz-icon ion-android-cloud-done\"><\/i>\r\n                \t<div class=\"icon-circle\"><\/div>\r\n                <\/div>\r\n            <\/div>\r\n            <div class=\"content-cell\">\r\n                <div class=\"wrapper-info\">\r\n                    <div class=\"title\"><span class=\"block-title\">Risques Op\u00e9rationnels<\/span><\/div>\r\n                     <div class=\"block-text\">B\u00e2tir son r\u00e9f\u00e9rentiel organisationnel, fonctionnel et op\u00e9rationnel\u00a0\/ D\u00e9velopper sa base d\u2019incidents historiques et potentiels et leurs caract\u00e9ristiques\u00a0\/ Cartographier et \u00e9valuer ses risques\u00a0\/ Mesurer et piloter son dispositif de ma\u00eetrise des risques \u00e0 partir d\u2019indicateurs pertinents<\/div>\r\n                <\/div>\r\n            <\/div>\r\n        <\/div>\r\n    <\/div><div class=\"slz-sv-item\" data-count=\"3\" >\r\n        <div class=\"direction-line\">\r\n            <div class=\"point\"><\/div>\r\n        <\/div>\r\n        <div class=\"slz-icon-box-1 style-4\">\r\n            <div class=\"icon-cell\">\r\n                <div class=\"wrapper-icon\">\r\n                \t<i class=\"slz-icon ion-clipboard\"><\/i>\r\n                \t<div class=\"icon-circle\"><\/div>\r\n                <\/div>\r\n            <\/div>\r\n            <div class=\"content-cell\">\r\n                <div class=\"wrapper-info\">\r\n                    <div class=\"title\"><span class=\"block-title\">Contr\u00f4le Permanent<\/span><\/div>\r\n                     <div class=\"block-text\">Adapter sa gouvernance \u00e0 l\u2019organisation\u00a0\/ Segmenter ses niveaux de contr\u00f4les\u00a0\/ Etablir son plan de contr\u00f4le et optimiser ses processus d\u2019escalade et de recommandations\u00a0\/ Maintenir ses reporting internes et externes\u00a0\/ Tirer profit des d\u00e9faillances identifi\u00e9es\u00a0\/ Mutualiser les analyses et les r\u00e9solutions &nbsp;<\/div>\r\n                <\/div>\r\n            <\/div>\r\n        <\/div>\r\n    <\/div><div class=\"slz-sv-item\" data-count=\"5\" >\r\n        <div class=\"direction-line\">\r\n            <div class=\"point\"><\/div>\r\n        <\/div>\r\n        <div class=\"slz-icon-box-1 style-4\">\r\n            <div class=\"icon-cell\">\r\n                <div class=\"wrapper-icon\">\r\n                \t<i class=\"slz-icon fa fa-pencil-square-o\"><\/i>\r\n                \t<div class=\"icon-circle\"><\/div>\r\n                <\/div>\r\n            <\/div>\r\n            <div class=\"content-cell\">\r\n                <div class=\"wrapper-info\">\r\n                    <div class=\"title\"><span class=\"block-title\">Audit Interne<\/span><\/div>\r\n                     <div class=\"block-text\">D\u00e9velopper sa m\u00e9thodologie et les outils de r\u00e9alisations sur pi\u00e8ces et sur place \/\u00a0Centraliser l\u2019exhaustivit\u00e9 des r\u00e9sultats et recommandations (internes et externes) \/\u00a0B\u00e2tir un dispositif de gestion et tra\u00e7abilit\u00e9 \/\u00a0Etablir son plan pluriannuel sur constats \/\u00a0Mesurer la rentabilit\u00e9 des investigations<\/div>\r\n                <\/div>\r\n            <\/div>\r\n        <\/div>\r\n    <\/div>            <\/div>\r\n        <\/div>\r\n        <div class=\"clearfix\"><\/div>\r\n    <\/div>\r\n<\/div>\r\n<!-- custom css -->\r\n[\/vc_column][\/vc_row][vc_row full_width=\u00a0\u00bbstretch_row\u00a0\u00bb content_placement=\u00a0\u00bbmiddle\u00a0\u00bb css=\u00a0\u00bb.vc_custom_1483526187992{margin-top: 50px !important;margin-bottom: -130px !important;background-image: url(https:\/\/www.devlhon-consulting.com\/wp-content\/uploads\/2016\/11\/devlhon_consulting_clients.jpg?id=2520) !important;background-position: center !important;background-repeat: no-repeat !important;background-size: cover !important;}\u00a0\u00bb][vc_column]\r\n<div class=\"slz-shortcode sc_banner banner-115811176969ead883089ac spec-margin \">\r\n\t<div class=\"slz-banner-01 \">\r\n\t\t\t\t\t\t<div class=\"content-wrapper\">\r\n\t\t\t\t\t\t\t<h1 class=\"title\">PARTENAIRE DE VOS AMBITIONS<\/h1>\r\n\t\t\t\t\t\t\t\t\t\t<div class=\"description\"><div class=\"description\">\n<p style=\"text-align: center\"><span style=\"color: #ffffff\">Nous mettons notre Expertise au service de vos Besoins et de votre Strat\u00e9gie en<br \/>\n<\/span><span style=\"color: #ffffff\">vous proposant des Solutions \u00e0 la hauteur de vos Ambitions.\u00a0<\/span><\/p>\n<\/div>\n<\/div>\r\n\t\t\t\t\t\t\t\t\t\t<div class=\"slz-group-btn\">\r\n\t\t\t\t\t\t\t\t\t\t\t\t\t\t\t\t\t\t<a href=\"http:\/\/www.devlhon-consulting.com\/contact\/\"   class=\"slz-btn sc-banner-btn-1\">\r\n\t\t\t\t\t\t\t\t\t\t\t\t\t\t\t\t\t\t\t\t\t\t\t\t\t\t<span class=\"btn-text sc-banner-btn-text-1\">Nous Contacter<\/span>\r\n\t\t\t\t\t\t\t\t\t\t\t\t\t\t\t<\/a>\r\n\t\t\t\t\t\t\t\t\t\t\t\t\t\t\t<\/div>\r\n\t\t\t\t\t<\/div>\r\n\t<\/div>\r\n<\/div>\r\n\r\n[\/vc_column][\/vc_row]<\/p>","protected":false},"excerpt":{"rendered":"<p>[vc_row css=\u00a0\u00bb.vc_custom_1483523287574{padding-bottom: 50px !important;}\u00a0\u00bb][vc_column width=\u00a0\u00bb1\/2&Prime;][vc_column_text css=\u00a0\u00bb.vc_custom_1483523252304{padding-bottom: 50px !important;}\u00a0\u00bb] \u00ab\u00a0L\u2019excellence r\u00e9glementaire repr\u00e9sente aujourd\u2019hui le c\u0153ur des actions de notre \u00e9quipe dans la mise en conformit\u00e9 de nos clients faisant face \u00e0 la hausse r\u00e9guli\u00e8re des exigences des r\u00e9gulateurs mondiaux.\u00a0En phase d\u2019anticipation, de contr\u00f4le ou de redressement des dispositifs, nos experts interviennent de la d\u00e9finition des politiques [&hellip;]<\/p>\n","protected":false},"author":1,"featured_media":0,"parent":0,"menu_order":0,"comment_status":"closed","ping_status":"closed","template":"","meta":{"seo_booster_metabox":"","footnotes":""},"class_list":["post-2809","page","type-page","status-publish","hentry"],"_links":{"self":[{"href":"https:\/\/www.devlhon-consulting.com\/fr\/wp-json\/wp\/v2\/pages\/2809","targetHints":{"allow":["GET"]}}],"collection":[{"href":"https:\/\/www.devlhon-consulting.com\/fr\/wp-json\/wp\/v2\/pages"}],"about":[{"href":"https:\/\/www.devlhon-consulting.com\/fr\/wp-json\/wp\/v2\/types\/page"}],"author":[{"embeddable":true,"href":"https:\/\/www.devlhon-consulting.com\/fr\/wp-json\/wp\/v2\/users\/1"}],"replies":[{"embeddable":true,"href":"https:\/\/www.devlhon-consulting.com\/fr\/wp-json\/wp\/v2\/comments?post=2809"}],"version-history":[{"count":6,"href":"https:\/\/www.devlhon-consulting.com\/fr\/wp-json\/wp\/v2\/pages\/2809\/revisions"}],"predecessor-version":[{"id":7873,"href":"https:\/\/www.devlhon-consulting.com\/fr\/wp-json\/wp\/v2\/pages\/2809\/revisions\/7873"}],"wp:attachment":[{"href":"https:\/\/www.devlhon-consulting.com\/fr\/wp-json\/wp\/v2\/media?parent=2809"}],"curies":[{"name":"wp","href":"https:\/\/api.w.org\/{rel}","templated":true}]}}