{"id":1727,"date":"2016-11-23T03:35:08","date_gmt":"2016-11-23T03:35:08","guid":{"rendered":"https:\/\/www.devlhon-consulting.com\/?page_id=1727"},"modified":"2023-07-21T17:24:10","modified_gmt":"2023-07-21T15:24:10","slug":"l-equipe-devlhon-consulting","status":"publish","type":"page","link":"https:\/\/www.devlhon-consulting.com\/fr\/l-equipe-devlhon-consulting\/","title":{"rendered":"L&rsquo;\u00c9quipe DEVLHON Consulting"},"content":{"rendered":"<p>[vc_row css=\u00a0\u00bb.vc_custom_1483613822762{padding-top: 0px !important;padding-bottom: 0px !important;background-position: 0 0 !important;background-repeat: repeat !important;}\u00a0\u00bb][vc_column width=\u00a0\u00bb1\/4&Prime; offset=\u00a0\u00bbvc_col-lg-3 vc_col-md-3&Prime;][vc_single_image image=\u00a0\u00bb3827&Prime; img_size=\u00a0\u00bbfull\u00a0\u00bb alignment=\u00a0\u00bbcenter\u00a0\u00bb][\/vc_column][vc_column width=\u00a0\u00bb3\/4&Prime; offset=\u00a0\u00bbvc_col-lg-9 vc_col-md-9&Prime;][vc_row_inner][vc_column_inner css=\u00a0\u00bb.vc_custom_1572518807078{margin-bottom: 50px !important;}\u00a0\u00bb][vc_wp_text]En int\u00e9grant DEVLHON Consulting comme Consultant, vous vous d\u00e9velopperez au sein d\u2019un cabinet sp\u00e9cialiste des Services Financiers fond\u00e9 sur des comp\u00e9tences issues de Big four. DEVLHON Consulting se diff\u00e9rencie par son mode d\u2019intervention personnalis\u00e9 et une approche tr\u00e8s entrepreneuriale : loin de l\u2019anonymat des grandes structures et port\u00e9 sur l\u2019international. Vous piloterez rapidement des projets et participerez au d\u00e9veloppement du cabinet. Esprit d\u2019analyse et pragmatisme, qualit\u00e9s relationnelles et ambition collective, voil\u00e0 nos points communs.[\/vc_wp_text][\/vc_column_inner][\/vc_row_inner][vc_row_inner][vc_column_inner][vc_column_text css=\u00a0\u00bb.vc_custom_1685636494522{background-color: #ffffff !important;}\u00a0\u00bb]<\/p>\n<blockquote>\n<p style=\"text-align: left;\"><span style=\"font-weight: 400;\">\u00a0 \u00a0 \u00a0 Fond\u00e9 sur des comp\u00e9tences issues des Big Four (ex KPMG), intervenant depuis plus de 15 ans sur diff\u00e9rents m\u00e9tiers bancaires, financiers et t\u00e9l\u00e9com, DEVLHON Consulting<strong> se diff\u00e9rencie par son mode d\u2019intervention et sa logique entrepreneuriale.\u00a0<\/strong><\/span><span style=\"font-weight: 400;\">Nos \u00e9quipes sont constitu\u00e9es autour de<strong>\u00a025 intervenants reconnus sur leurs probl\u00e9matiques, intervenant en France et \u00e0 l\u2019international, r\u00e9partis comme suit :<\/strong><\/span><\/p>\n<\/blockquote>\n<p>[\/vc_column_text][\/vc_column_inner][\/vc_row_inner][\/vc_column][\/vc_row][vc_row full_width=\u00a0\u00bbstretch_row\u00a0\u00bb gap=\u00a0\u00bb10&Prime; equal_height=\u00a0\u00bbyes\u00a0\u00bb content_placement=\u00a0\u00bbtop\u00a0\u00bb css=\u00a0\u00bb.vc_custom_1572519165855{margin-top: 50px !important;border-bottom-width: 50px !important;padding-right: 5% !important;padding-bottom: 50px !important;padding-left: 5% !important;background-color: #18364a !important;}\u00a0\u00bb][vc_column width=\u00a0\u00bb1\/3&Prime; css=\u00a0\u00bb.vc_custom_1569570890988{margin-left: 8% !important;}\u00a0\u00bb]<div class=\"slz_shortcode sc_counter counter-125659247569eaab4049572  \"><div class=\"slz-counter-item-1 counter-center\">\r\n        <div class=\"content-cell\">\r\n        <div data-from=\"0\" data-to=\"40\" data-speed=\"3000\" class=\"number \">\r\n        \t40        <\/div>\r\n                <div class=\"title\"><\/div>\r\n    <\/div>\r\n<\/div><\/div>[vc_column_text]<\/p>\n<h3 style=\"text-align: center;\"><strong><span style=\"color: #ffffff;\">Comp\u00e9tences<\/span><\/strong><\/h3>\n<h3 style=\"text-align: center;\"><span style=\"color: #84b777;\"><strong> \u00ab Consultants \u00bb<\/strong><\/span><\/h3>\n<p>[\/vc_column_text][\/vc_column][vc_column width=\u00a0\u00bb1\/3&Prime;]<div class=\"slz_shortcode sc_counter counter-165702890669eaab40497c2  \"><div class=\"slz-counter-item-1 counter-center\">\r\n        <div class=\"content-cell\">\r\n        <div data-from=\"0\" data-to=\"15\" data-speed=\"3000\" class=\"number \">\r\n        \t15        <\/div>\r\n                <div class=\"title\"><\/div>\r\n    <\/div>\r\n<\/div><\/div>[vc_column_text]<\/p>\n<h3 style=\"text-align: center;\"><span style=\"color: #ffffff;\"><b>Comp\u00e9tences<\/b><\/span><\/h3>\n<h3 style=\"text-align: center;\"><span style=\"color: #84b777;\"><b>\u00ab Experts \/ Sp\u00e9cialistes \u00bb<\/b><\/span><\/h3>\n<p>[\/vc_column_text][\/vc_column][vc_column width=\u00a0\u00bb1\/3&Prime;]<div class=\"slz_shortcode sc_counter counter-179042015669eaab40498d5  \"><div class=\"slz-counter-item-1 counter-center\">\r\n        <div class=\"content-cell\">\r\n        <div data-from=\"0\" data-to=\"1250\" data-speed=\"3000\" class=\"number \">\r\n        \t1250        <\/div>\r\n                <div class=\"title\"><\/div>\r\n    <\/div>\r\n<\/div><\/div>[vc_column_text]<\/p>\n<h3 style=\"text-align: center;\"><span style=\"color: #ffffff;\"><b>R\u00e9seaux<\/b><\/span><\/h3>\n<h3 style=\"text-align: center;\"><span style=\"color: #ffffff;\"><b><span style=\"color: #84b777;\">De comp\u00e9tences compl\u00e9mentaires<\/span><\/b><\/span><\/h3>\n<p style=\"text-align: center;\"><span style=\"font-weight: 400; color: #ffffff;\">De plus 450 bureaux dans le monde<\/span><\/p>\n<p>[\/vc_column_text][\/vc_column][\/vc_row][vc_row css=\u00a0\u00bb.vc_custom_1569693330523{padding-top: 50px !important;padding-right: 50px !important;padding-bottom: 50px !important;padding-left: 50px !important;}\u00a0\u00bb][vc_column]<div class=\"slz-shortcode sc_main_title main-title-204275216869eaab40499be   style-1  text-c \">\r\n\t<div class=\"slz-main-title\">\r\n\t\t<img loading=\"lazy\" decoding=\"async\" width=\"123\" height=\"15\" src=\"https:\/\/www.devlhon-consulting.com\/wp-content\/uploads\/2016\/11\/devlhon_consulting_separator-2.png\" class=\"attachment-full size-full\" alt=\"\" \/>\t\t\t\t\t<h2 class=\"title\">Une journ\u00e9e dans nos locaux\t\t\t\t\t\t<\/h2>\r\n\t\t\t\t\t<\/div>\r\n<\/div>\r\n\r\n[\/vc_column][\/vc_row][vc_row css=\u00a0\u00bb.vc_custom_1569693330523{padding-top: 50px !important;padding-right: 50px !important;padding-bottom: 50px !important;padding-left: 50px !important;}\u00a0\u00bb][vc_column][vc_video link=\u00a0\u00bbhttps:\/\/www.youtube.com\/video\/KSQAaF23Tv0&Prime; align=\u00a0\u00bbcenter\u00a0\u00bb][\/vc_column][\/vc_row][vc_row css=\u00a0\u00bb.vc_custom_1569693330523{padding-top: 50px !important;padding-right: 50px !important;padding-bottom: 50px !important;padding-left: 50px !important;}\u00a0\u00bb][vc_column]<div class=\"slz-shortcode sc_main_title main-title-148907718169eaab4049bee   style-1  text-c \">\r\n\t<div class=\"slz-main-title\">\r\n\t\t<img loading=\"lazy\" decoding=\"async\" width=\"123\" height=\"15\" src=\"https:\/\/www.devlhon-consulting.com\/wp-content\/uploads\/2016\/11\/devlhon_consulting_separator-2.png\" class=\"attachment-full size-full\" alt=\"\" \/>\t\t\t\t\t<h2 class=\"title\">Notre \u00e9quipe\t\t\t\t\t\t<\/h2>\r\n\t\t\t\t\t<\/div>\r\n<\/div>\r\n\r\n[\/vc_column][\/vc_row][vc_row][vc_column width=\u00a0\u00bb1\/4&Prime;][vc_single_image image=\u00a0\u00bb4879&Prime; img_size=\u00a0\u00bblarge\u00a0\u00bb alignment=\u00a0\u00bbcenter\u00a0\u00bb][vc_wp_text]<\/p>\n<p style=\"text-align: center;\">Guillaume<\/p>\n<p>[\/vc_wp_text][\/vc_column][vc_column width=\u00a0\u00bb1\/4&Prime;][vc_single_image image=\u00a0\u00bb4877&Prime; img_size=\u00a0\u00bblarge\u00a0\u00bb alignment=\u00a0\u00bbcenter\u00a0\u00bb][vc_wp_text]<\/p>\n<p style=\"text-align: center;\">Franck<\/p>\n<p>[\/vc_wp_text][\/vc_column][vc_column width=\u00a0\u00bb1\/4&Prime;][vc_single_image image=\u00a0\u00bb5255&Prime; img_size=\u00a0\u00bblarge\u00a0\u00bb alignment=\u00a0\u00bbcenter\u00a0\u00bb][vc_wp_text]<\/p>\n<p style=\"text-align: center;\">Frank<\/p>\n<p>[\/vc_wp_text][\/vc_column][vc_column width=\u00a0\u00bb1\/4&Prime;][vc_single_image image=\u00a0\u00bb4884&Prime; img_size=\u00a0\u00bblarge\u00a0\u00bb alignment=\u00a0\u00bbcenter\u00a0\u00bb][vc_wp_text]<\/p>\n<p style=\"text-align: center;\">Patrick<\/p>\n<p>[\/vc_wp_text][\/vc_column][\/vc_row][vc_row][vc_column width=\u00a0\u00bb1\/4&Prime;][vc_single_image image=\u00a0\u00bb6467&Prime; img_size=\u00a0\u00bblarge\u00a0\u00bb alignment=\u00a0\u00bbcenter\u00a0\u00bb][vc_wp_text]<\/p>\n<p style=\"text-align: center;\">Jean-Pierre\/<em>Senior Advisor<\/em><\/p>\n<p>[\/vc_wp_text][\/vc_column][vc_column width=\u00a0\u00bb1\/4&Prime;][vc_single_image image=\u00a0\u00bb4876&Prime; img_size=\u00a0\u00bblarge\u00a0\u00bb alignment=\u00a0\u00bbcenter\u00a0\u00bb][vc_wp_text]<\/p>\n<p style=\"text-align: center;\">Daniel<\/p>\n<p>[\/vc_wp_text][\/vc_column][vc_column width=\u00a0\u00bb1\/4&Prime;][vc_single_image image=\u00a0\u00bb4874&Prime; img_size=\u00a0\u00bblarge\u00a0\u00bb alignment=\u00a0\u00bbcenter\u00a0\u00bb][vc_wp_text]<\/p>\n<p style=\"text-align: center;\">Alexandre<\/p>\n<p>[\/vc_wp_text][\/vc_column][vc_column width=\u00a0\u00bb1\/4&Prime;][vc_single_image image=\u00a0\u00bb4878&Prime; img_size=\u00a0\u00bblarge\u00a0\u00bb alignment=\u00a0\u00bbcenter\u00a0\u00bb][vc_wp_text]<\/p>\n<p style=\"text-align: center;\">Gabriel<\/p>\n<p>[\/vc_wp_text][\/vc_column][\/vc_row][vc_row][vc_column width=\u00a0\u00bb1\/4&Prime;][vc_single_image image=\u00a0\u00bb4883&Prime; img_size=\u00a0\u00bblarge\u00a0\u00bb alignment=\u00a0\u00bbcenter\u00a0\u00bb][vc_wp_text]<\/p>\n<p style=\"text-align: center;\">Nathan<\/p>\n<p>[\/vc_wp_text][\/vc_column][vc_column width=\u00a0\u00bb1\/4&Prime;][vc_single_image image=\u00a0\u00bb4885&Prime; img_size=\u00a0\u00bblarge\u00a0\u00bb alignment=\u00a0\u00bbcenter\u00a0\u00bb][vc_wp_text]<\/p>\n<p style=\"text-align: center;\">Raony<\/p>\n<p>[\/vc_wp_text][\/vc_column][vc_column width=\u00a0\u00bb1\/4&Prime;][vc_single_image image=\u00a0\u00bb4881&Prime; img_size=\u00a0\u00bblarge\u00a0\u00bb alignment=\u00a0\u00bbcenter\u00a0\u00bb][vc_wp_text]<\/p>\n<p style=\"text-align: center;\">Martine<\/p>\n<p>[\/vc_wp_text][\/vc_column][vc_column width=\u00a0\u00bb1\/4&Prime;][vc_single_image image=\u00a0\u00bb4882&Prime; img_size=\u00a0\u00bblarge\u00a0\u00bb alignment=\u00a0\u00bbcenter\u00a0\u00bb][vc_wp_text]<\/p>\n<p style=\"text-align: center;\">Narcisse<\/p>\n<p>[\/vc_wp_text][\/vc_column][\/vc_row][vc_row][vc_column width=\u00a0\u00bb1\/4&Prime;][vc_single_image image=\u00a0\u00bb4880&Prime; img_size=\u00a0\u00bblarge\u00a0\u00bb alignment=\u00a0\u00bbcenter\u00a0\u00bb][vc_wp_text]<\/p>\n<p style=\"text-align: center;\">Marie<\/p>\n<p>[\/vc_wp_text][\/vc_column][vc_column width=\u00a0\u00bb1\/4&Prime;][vc_single_image image=\u00a0\u00bb4886&Prime; img_size=\u00a0\u00bblarge\u00a0\u00bb alignment=\u00a0\u00bbcenter\u00a0\u00bb][vc_wp_text]<\/p>\n<p style=\"text-align: center;\">Yoann<\/p>\n<p>[\/vc_wp_text][\/vc_column][vc_column width=\u00a0\u00bb1\/4&Prime;][vc_single_image image=\u00a0\u00bb5253&Prime; img_size=\u00a0\u00bblarge\u00a0\u00bb alignment=\u00a0\u00bbcenter\u00a0\u00bb][vc_wp_text]<\/p>\n<p style=\"text-align: center;\">Bilel<\/p>\n<p>[\/vc_wp_text][\/vc_column][vc_column width=\u00a0\u00bb1\/4&Prime;][vc_single_image image=\u00a0\u00bb6368&Prime; img_size=\u00a0\u00bblarge\u00a0\u00bb alignment=\u00a0\u00bbcenter\u00a0\u00bb][vc_wp_text]<\/p>\n<p style=\"text-align: center;\">Rima<\/p>\n<p>[\/vc_wp_text][\/vc_column][\/vc_row][vc_row][vc_column width=\u00a0\u00bb1\/4&Prime;][vc_single_image image=\u00a0\u00bb5295&Prime; img_size=\u00a0\u00bblarge\u00a0\u00bb alignment=\u00a0\u00bbcenter\u00a0\u00bb][vc_wp_text]<\/p>\n<p style=\"text-align: center;\">Broussais<\/p>\n<p>[\/vc_wp_text][\/vc_column][vc_column width=\u00a0\u00bb1\/4&Prime;][vc_single_image image=\u00a0\u00bb6372&Prime; img_size=\u00a0\u00bblarge\u00a0\u00bb][vc_wp_text]<\/p>\n<p style=\"text-align: center;\">Federico<\/p>\n<p>[\/vc_wp_text][\/vc_column][vc_column width=\u00a0\u00bb1\/4&Prime;][vc_single_image image=\u00a0\u00bb4873&Prime; img_size=\u00a0\u00bblarge\u00a0\u00bb][vc_wp_text]<\/p>\n<p style=\"text-align: center;\">Aifei<\/p>\n<p>[\/vc_wp_text][\/vc_column][vc_column width=\u00a0\u00bb1\/4&Prime;][vc_single_image image=\u00a0\u00bb7152&Prime; img_size=\u00a0\u00bblarge\u00a0\u00bb][vc_wp_text]<\/p>\n<p style=\"text-align: center;\">Ugo<\/p>\n<p>[\/vc_wp_text][\/vc_column][\/vc_row][vc_row][vc_column width=\u00a0\u00bb1\/4&Prime;][vc_single_image image=\u00a0\u00bb7151&Prime; img_size=\u00a0\u00bblarge\u00a0\u00bb alignment=\u00a0\u00bbcenter\u00a0\u00bb][vc_wp_text]<\/p>\n<p style=\"text-align: center;\">Andreia<\/p>\n<p>[\/vc_wp_text][\/vc_column][vc_column width=\u00a0\u00bb1\/4&Prime;][vc_single_image image=\u00a0\u00bb8915&Prime; img_size=\u00a0\u00bblarge\u00a0\u00bb][vc_wp_text]<\/p>\n<p style=\"text-align: center;\"><span style=\"font-family: helvetica;\">Jean-Marc<\/span><\/p>\n<p>[\/vc_wp_text][\/vc_column][vc_column width=\u00a0\u00bb1\/4&Prime;][vc_single_image image=\u00a0\u00bb8917&Prime; img_size=\u00a0\u00bblarge\u00a0\u00bb][vc_wp_text]<\/p>\n<p style=\"text-align: center;\"><span style=\"font-family: helvetica;\">Christophe<\/span><\/p>\n<p>[\/vc_wp_text][\/vc_column][vc_column width=\u00a0\u00bb1\/4&Prime;][vc_single_image image=\u00a0\u00bb9113&Prime; img_size=\u00a0\u00bblarge\u00a0\u00bb][vc_wp_text]<\/p>\n<p style=\"text-align: center;\">Martin<\/p>\n<p>[\/vc_wp_text][\/vc_column][\/vc_row][vc_row][vc_column width=\u00a0\u00bb1\/4&Prime;][vc_single_image image=\u00a0\u00bb9114&Prime; img_size=\u00a0\u00bblarge\u00a0\u00bb alignment=\u00a0\u00bbcenter\u00a0\u00bb][vc_wp_text]<\/p>\n<p style=\"text-align: center;\">Kawtar<\/p>\n<p>[\/vc_wp_text][\/vc_column][vc_column width=\u00a0\u00bb1\/4&Prime;][vc_single_image image=\u00a0\u00bb9149&Prime; img_size=\u00a0\u00bblarge\u00a0\u00bb][vc_wp_text]<\/p>\n<p style=\"text-align: center;\"><span style=\"font-family: helvetica;\">Mariana<\/span><\/p>\n<p>[\/vc_wp_text][\/vc_column][\/vc_row][vc_row full_width=\u00a0\u00bbstretch_row_content_no_spaces\u00a0\u00bb full_height=\u00a0\u00bbyes\u00a0\u00bb equal_height=\u00a0\u00bbyes\u00a0\u00bb rtl_reverse=\u00a0\u00bbyes\u00a0\u00bb content_placement=\u00a0\u00bbmiddle\u00a0\u00bb][vc_column width=\u00a0\u00bb1\/2&Prime; css=\u00a0\u00bb.vc_custom_1483139969885{padding-right: 5% !important;padding-left: 5% !important;background-color: #0fb2ee !important;}\u00a0\u00bb]\r\n<div class=\"slz-shortcode sc_banner banner-133792008169eaab4049d3d  \">\r\n\t<div class=\"slz-banner-01 \">\r\n\t\t\t\t\t\t<div class=\"content-wrapper\">\r\n\t\t\t\t\t\t\t<h1 class=\"title\">EXCELLENCE \/ \u00c9FFICACIT\u00c9 \/ INTELLIGENCE<\/h1>\r\n\t\t\t\t\t\t\t\t\t\t<div class=\"description\"><p style=\"text-align: center\"><span style=\"color: #ffffff\"><strong>PARTENAIRE DE VOS AMBITIONS\u00a0<\/strong><\/span><\/p>\n<p style=\"text-align: center\"><span style=\"color: #ffffff\">Consid\u00e9rant chaque contexte comme unique, DEVLHON Consulting est organis\u00e9 pour apporter un maximum de valeur ajout\u00e9e et offrir des approches adapt\u00e9es.<\/span><\/p>\n<\/div>\r\n\t\t\t\t\t\t\t\t\t\t<div class=\"slz-group-btn\">\r\n\t\t\t\t\t\t\t\t\t\t\t\t\t\t\t\t\t\t<a href=\"https:\/\/www.devlhon-consulting.com\/fr\/rejoignez-nous\/\"   class=\"slz-btn sc-banner-btn-1\">\r\n\t\t\t\t\t\t\t\t\t\t\t\t\t\t\t\t\t\t\t\t\t\t\t\t\t\t<span class=\"btn-text sc-banner-btn-text-1\">POSTULER<\/span>\r\n\t\t\t\t\t\t\t\t\t\t\t\t\t\t\t<\/a>\r\n\t\t\t\t\t\t\t\t\t\t\t\t\t\t\t<\/div>\r\n\t\t\t\t\t<\/div>\r\n\t<\/div>\r\n<\/div>\r\n\r\n[\/vc_column][vc_column width=\u00a0\u00bb1\/2&Prime; css=\u00a0\u00bb.vc_custom_1569763785751{padding-top: 60px !important;padding-right: 60px !important;padding-bottom: 60px !important;padding-left: 60px !important;background-color: #172936 !important;background-position: center !important;background-repeat: no-repeat !important;background-size: cover !important;}\u00a0\u00bb][vc_custom_heading text=\u00a0\u00bbNous accompagnons nos clients de la d\u00e9finition de leurs strat\u00e9gies jusqu\u2019\u00e0 la mise en place concr\u00e8te de leurs projets, en tant que sp\u00e9cialistes des m\u00e9tiers bancaires.\u00a0\u00bb font_container=\u00a0\u00bbtag:p|font_size:24px|text_align:left|color:%23bbd1e0|line_height:36px\u00a0\u00bb google_fonts=\u00a0\u00bbfont_family:Roboto%3A100%2C100italic%2C300%2C300italic%2Cregular%2Citalic%2C500%2C500italic%2C700%2C700italic%2C900%2C900italic|font_style:400%20italic%3A400%3Aitalic\u00a0\u00bb][vc_custom_heading text=\u00a0\u00bbNous focalisons nos interventions sur des th\u00e9matiques \u00e0 forte valeur ajout\u00e9e visant \u00e0 acc\u00e9l\u00e9rer et s\u00e9curiser le d\u00e9veloppement de nos clients.\u00a0\u00bb font_container=\u00a0\u00bbtag:p|font_size:16px|text_align:left|color:%23bbd1e0|line_height:26px\u00a0\u00bb google_fonts=\u00a0\u00bbfont_family:Roboto%3A100%2C100italic%2C300%2C300italic%2Cregular%2Citalic%2C500%2C500italic%2C700%2C700italic%2C900%2C900italic|font_style:400%20italic%3A400%3Aitalic\u00a0\u00bb][\/vc_column][\/vc_row][vc_row][vc_column]<div class=\"slz-shortcode sc_main_title main-title-143775847269eaab404a125   style-1  text-c \">\r\n\t<div class=\"slz-main-title\">\r\n\t\t<img loading=\"lazy\" decoding=\"async\" width=\"123\" height=\"15\" src=\"https:\/\/www.devlhon-consulting.com\/wp-content\/uploads\/2016\/11\/devlhon_consulting_separator-2.png\" class=\"attachment-full size-full\" alt=\"\" \/>\t\t\t\t\t<h2 class=\"title\">Postes \u00e0 pourvoir\t\t\t\t\t\t<\/h2>\r\n\t\t\t\t\t<\/div>\r\n<\/div>\r\n\r\n[vc_empty_space height=\u00a0\u00bb50px\u00a0\u00bb][vc_tta_tour controls_size=\u00a0\u00bbmd\u00a0\u00bb active_section=\u00a0\u00bb1&Prime; title=\u00a0\u00bbNOS DERNIERS POSTES DISPONIBLES\u00a0\u00bb][vc_tta_section title=\u00a0\u00bbStagiaire &#8211; Conseil en Strat\u00e9gie et Organisation Secteur Banque et Finance (H\/F)\u00a0\u00bb tab_id=\u00a0\u00bb1685634872282-c668e232-8201&Prime;][vc_row_inner css=\u00a0\u00bb.vc_custom_1685635618171{margin-top: 30px !important;}\u00a0\u00bb][vc_column_inner]\r\n<div  data-wow-delay=\"0.5s\" class=\"slz-shortcode sc-image sc-image-208412797669eaab404a60f   wow \">\r\n     <img decoding=\"async\" src=\"https:\/\/www.devlhon-consulting.com\/wp-content\/uploads\/2017\/02\/logo-Devlhon-RVB-20130218-2.svg\" title=\"logo Devlhon\" alt=\"\" class=\"img-responsive\"><\/div>\r\n\r\n[\/vc_column_inner][\/vc_row_inner]<div class=\"slz-shortcode sc_main_title main-title-98339744069eaab404a8fa   style-2  text-c vc_custom_1685636130531\">\r\n\t<div class=\"slz-main-title\">\r\n\t\t\t\t\t\t\t<h2 class=\"title\">Stagiaire - Conseil en Strat\u00e9gie et Organisation Secteur Banque et Finance (H\/F)\t\t\t\t\t\t<\/h2>\r\n\t\t\t\t\t<\/div>\r\n<\/div>\r\n\r\n[vc_row_inner content_placement=\u00a0\u00bbmiddle\u00a0\u00bb][vc_column_inner][vc_column_text]<\/p>\n<p style=\"text-align: center;\"><i class=\"slz-icon fa fa-map-pin\" style=\"color: #84b777;\"><\/i><span style=\"font-size: 14pt;\"><strong>\u00a0 Paris<\/strong><\/span><\/p>\n<p>[\/vc_column_text][\/vc_column_inner][\/vc_row_inner][vc_row_inner css=\u00a0\u00bb.vc_custom_1685635821308{margin-top: 30px !important;margin-bottom: 30px !important;}\u00a0\u00bb][vc_column_inner]\r\n<div class=\"text-c\"><a href=\"https:\/\/www.devlhon-consulting.com\/recruitment\/stage-responsable-de-la-communication-digitale-h-f\/\" title=\"&quot;Stagiaire\" class=\"button_box-14653521869eaab404aec2 slz-btn \"><span class=\"btn-text\">En savoir plus<\/span><\/a><\/div>[\/vc_column_inner][\/vc_row_inner][\/vc_tta_section][vc_tta_section title=\u00a0\u00bbManager (+10 ans)\u00a0\u00bb tab_id=\u00a0\u00bb1685635837354-5e24148c-9da7&Prime;][vc_row_inner css=\u00a0\u00bb.vc_custom_1685635618171{margin-top: 30px !important;}\u00a0\u00bb][vc_column_inner]\r\n<div  data-wow-delay=\"0.5s\" class=\"slz-shortcode sc-image sc-image-170234464169eaab404b2c1   wow \">\r\n     <img decoding=\"async\" src=\"https:\/\/www.devlhon-consulting.com\/wp-content\/uploads\/2017\/02\/logo-Devlhon-RVB-20130218-2.svg\" title=\"logo Devlhon\" alt=\"\" class=\"img-responsive\"><\/div>\r\n\r\n[\/vc_column_inner][\/vc_row_inner]<div class=\"slz-shortcode sc_main_title main-title-42987999969eaab404b397   style-2  text-c vc_custom_1685636136356\">\r\n\t<div class=\"slz-main-title\">\r\n\t\t\t\t\t\t\t<h2 class=\"title\">Manager (+10 ans)\t\t\t\t\t\t<\/h2>\r\n\t\t\t\t\t<\/div>\r\n<\/div>\r\n\r\n[vc_row_inner content_placement=\u00a0\u00bbmiddle\u00a0\u00bb][vc_column_inner][vc_column_text]<\/p>\n<p style=\"text-align: center;\"><i class=\"slz-icon fa fa-map-pin\" style=\"color: #84b777;\"><\/i><span style=\"font-size: 14pt;\"><strong>\u00a0 Paris<\/strong><\/span><\/p>\n<p>[\/vc_column_text][\/vc_column_inner][\/vc_row_inner][vc_row_inner css=\u00a0\u00bb.vc_custom_1685635821308{margin-top: 30px !important;margin-bottom: 30px !important;}\u00a0\u00bb][vc_column_inner]\r\n<div class=\"text-c\"><a href=\"https:\/\/www.devlhon-consulting.com\/recruitment\/consultant-senior-expert-10-ans\/\" title=\"&quot;Manager\" class=\"button_box-144735999669eaab404b438 slz-btn \"><span class=\"btn-text\">En savoir plus<\/span><\/a><\/div>[\/vc_column_inner][\/vc_row_inner][\/vc_tta_section][vc_tta_section title=\u00a0\u00bbConsultant Senior (5 \u00e0 7 ans)\u00a0\u00bb tab_id=\u00a0\u00bb1685635975483-776ea148-0f38&Prime;][vc_row_inner css=\u00a0\u00bb.vc_custom_1685635618171{margin-top: 30px !important;}\u00a0\u00bb][vc_column_inner]\r\n<div  data-wow-delay=\"0.5s\" class=\"slz-shortcode sc-image sc-image-62168199469eaab404b651   wow \">\r\n     <img decoding=\"async\" src=\"https:\/\/www.devlhon-consulting.com\/wp-content\/uploads\/2017\/02\/logo-Devlhon-RVB-20130218-2.svg\" title=\"logo Devlhon\" alt=\"\" class=\"img-responsive\"><\/div>\r\n\r\n[\/vc_column_inner][\/vc_row_inner]<div class=\"slz-shortcode sc_main_title main-title-42154910969eaab404b720   style-2  text-c vc_custom_1685636167761\">\r\n\t<div class=\"slz-main-title\">\r\n\t\t\t\t\t\t\t<h2 class=\"title\">Consultant Senior (5 \u00e0 7 ans)\t\t\t\t\t\t<\/h2>\r\n\t\t\t\t\t<\/div>\r\n<\/div>\r\n\r\n[vc_row_inner content_placement=\u00a0\u00bbmiddle\u00a0\u00bb][vc_column_inner][vc_column_text]<\/p>\n<p style=\"text-align: center;\"><i class=\"slz-icon fa fa-map-pin\" style=\"color: #84b777;\"><\/i><span style=\"font-size: 14pt;\"><strong>\u00a0 Paris<\/strong><\/span><\/p>\n<p>[\/vc_column_text][\/vc_column_inner][\/vc_row_inner][vc_row_inner css=\u00a0\u00bb.vc_custom_1685635821308{margin-top: 30px !important;margin-bottom: 30px !important;}\u00a0\u00bb][vc_column_inner]\r\n<div class=\"text-c\"><a href=\"https:\/\/www.devlhon-consulting.com\/recruitment\/consultant-senior-2\/\" title=\"&quot;Consultant\" class=\"button_box-72672708469eaab404b7c7 slz-btn \"><span class=\"btn-text\">En savoir plus<\/span><\/a><\/div>[\/vc_column_inner][\/vc_row_inner][\/vc_tta_section][vc_tta_section title=\u00a0\u00bbStage de fin d\u2019\u00e9tudes (6 mois)\u00a0\u00bb tab_id=\u00a0\u00bb1685636062509-8016de47-ce74&Prime;][vc_row_inner css=\u00a0\u00bb.vc_custom_1685635618171{margin-top: 30px !important;}\u00a0\u00bb][vc_column_inner]\r\n<div  data-wow-delay=\"0.5s\" class=\"slz-shortcode sc-image sc-image-187456862269eaab404b9e2   wow \">\r\n     <img decoding=\"async\" src=\"https:\/\/www.devlhon-consulting.com\/wp-content\/uploads\/2017\/02\/logo-Devlhon-RVB-20130218-2.svg\" title=\"logo Devlhon\" alt=\"\" class=\"img-responsive\"><\/div>\r\n\r\n[\/vc_column_inner][\/vc_row_inner]<div class=\"slz-shortcode sc_main_title main-title-135482263569eaab404bab0   style-2  text-c vc_custom_1685636197405\">\r\n\t<div class=\"slz-main-title\">\r\n\t\t\t\t\t\t\t<h2 class=\"title\">Stage de fin d\u2019\u00e9tudes (6 mois)\t\t\t\t\t\t<\/h2>\r\n\t\t\t\t\t<\/div>\r\n<\/div>\r\n\r\n[vc_row_inner content_placement=\u00a0\u00bbmiddle\u00a0\u00bb][vc_column_inner][vc_column_text]<\/p>\n<p style=\"text-align: center;\"><i class=\"slz-icon fa fa-map-pin\" style=\"color: #84b777;\"><\/i><span style=\"font-size: 14pt;\"><strong>\u00a0 Paris<\/strong><\/span><\/p>\n<p>[\/vc_column_text][\/vc_column_inner][\/vc_row_inner][vc_row_inner css=\u00a0\u00bb.vc_custom_1685635821308{margin-top: 30px !important;margin-bottom: 30px !important;}\u00a0\u00bb][vc_column_inner]\r\n<div class=\"text-c\"><a href=\"https:\/\/www.devlhon-consulting.com\/recruitment\/stage-de-6-mois-de-fin-d-etudes\/\" title=\"&quot;Stage\" class=\"button_box-45524344469eaab404bb4d slz-btn \"><span class=\"btn-text\">En savoir plus<\/span><\/a><\/div>[\/vc_column_inner][\/vc_row_inner][\/vc_tta_section][\/vc_tta_tour][vc_empty_space height=\u00a0\u00bb50px\u00a0\u00bb][\/vc_column][\/vc_row]<\/p>","protected":false},"excerpt":{"rendered":"<p>[vc_row css=\u00a0\u00bb.vc_custom_1483613822762{padding-top: 0px !important;padding-bottom: 0px !important;background-position: 0 0 !important;background-repeat: repeat !important;}\u00a0\u00bb][vc_column width=\u00a0\u00bb1\/4&Prime; offset=\u00a0\u00bbvc_col-lg-3 vc_col-md-3&Prime;][vc_single_image image=\u00a0\u00bb3827&Prime; img_size=\u00a0\u00bbfull\u00a0\u00bb alignment=\u00a0\u00bbcenter\u00a0\u00bb][\/vc_column][vc_column width=\u00a0\u00bb3\/4&Prime; offset=\u00a0\u00bbvc_col-lg-9 vc_col-md-9&Prime;][vc_row_inner][vc_column_inner css=\u00a0\u00bb.vc_custom_1572518807078{margin-bottom: 50px !important;}\u00a0\u00bb][vc_wp_text]En int\u00e9grant DEVLHON Consulting comme Consultant, vous vous d\u00e9velopperez au sein d\u2019un cabinet sp\u00e9cialiste des Services Financiers fond\u00e9 sur des comp\u00e9tences issues de Big four. DEVLHON Consulting se diff\u00e9rencie par son mode d\u2019intervention [&hellip;]<\/p>\n","protected":false},"author":1,"featured_media":0,"parent":0,"menu_order":0,"comment_status":"closed","ping_status":"closed","template":"","meta":{"seo_booster_metabox":"","footnotes":""},"class_list":["post-1727","page","type-page","status-publish","hentry"],"_links":{"self":[{"href":"https:\/\/www.devlhon-consulting.com\/fr\/wp-json\/wp\/v2\/pages\/1727","targetHints":{"allow":["GET"]}}],"collection":[{"href":"https:\/\/www.devlhon-consulting.com\/fr\/wp-json\/wp\/v2\/pages"}],"about":[{"href":"https:\/\/www.devlhon-consulting.com\/fr\/wp-json\/wp\/v2\/types\/page"}],"author":[{"embeddable":true,"href":"https:\/\/www.devlhon-consulting.com\/fr\/wp-json\/wp\/v2\/users\/1"}],"replies":[{"embeddable":true,"href":"https:\/\/www.devlhon-consulting.com\/fr\/wp-json\/wp\/v2\/comments?post=1727"}],"version-history":[{"count":144,"href":"https:\/\/www.devlhon-consulting.com\/fr\/wp-json\/wp\/v2\/pages\/1727\/revisions"}],"predecessor-version":[{"id":5417,"href":"https:\/\/www.devlhon-consulting.com\/fr\/wp-json\/wp\/v2\/pages\/1727\/revisions\/5417"}],"wp:attachment":[{"href":"https:\/\/www.devlhon-consulting.com\/fr\/wp-json\/wp\/v2\/media?parent=1727"}],"curies":[{"name":"wp","href":"https:\/\/api.w.org\/{rel}","templated":true}]}}