{"id":1725,"date":"2016-11-23T03:24:56","date_gmt":"2016-11-23T03:24:56","guid":{"rendered":"https:\/\/www.devlhon-consulting.com\/?page_id=1725"},"modified":"2023-06-14T12:06:09","modified_gmt":"2023-06-14T10:06:09","slug":"nos-valeurs","status":"publish","type":"page","link":"https:\/\/www.devlhon-consulting.com\/fr\/nos-valeurs\/","title":{"rendered":"Nos valeurs"},"content":{"rendered":"<p>[vc_row content_placement=\u00a0\u00bbmiddle\u00a0\u00bb css=\u00a0\u00bb.vc_custom_1571335151452{padding-top: 25px !important;padding-bottom: 25px !important;}\u00a0\u00bb][vc_column][vc_column_text css=\u00a0\u00bb.vc_custom_1523975135792{padding-bottom: 50px !important;}\u00a0\u00bb]<\/p>\n<p style=\"text-align: center;\"><span style=\"font-weight: 400;\">Soci\u00e9t\u00e9 en croissance, <strong>DEVLHON Consulting se doit d\u2019\u00eatre irr\u00e9prochable et innovant<\/strong> aupr\u00e8s de sa client\u00e8le dans ce secteur domestiqu\u00e9 par les grands groupes mondiaux.\u00a0<\/span><span style=\"font-weight: 400;\">Afin de se d\u00e9marquer de notre concurrence directe, nous valorisons notre activit\u00e9 de niche \u00e0 travers nos atouts et la volont\u00e9 de nos ressources humaines.<\/span><\/p>\n<p>[\/vc_column_text]<div class=\"slz_shortcode sc_icon_box icon_box-183084958569eaab3f4de41 \"><div class=\"row\"><div class=\"col-md-3\"><div class=\"slz-icon-box-1 icon-box-item-1  style-1\"><div class=\"icon-cell\">\r\n                            <div class=\"wrapper-icon\">\r\n                                <i class=\"slz-icon fa fa-american-sign-language-interpreting\"><\/i>\r\n\t\t\t\t\t\t\t\t\r\n                            <\/div>\r\n                        <\/div>\r\n\t\t\t\t\t<div class=\"content-cell\">\r\n\t\t\t\t\t\t<div class=\"wrapper-info\">\r\n\t\t\t\t<div class=\"title icon_box_title-1\">Agilit\u00e9<\/div><div class=\"description icon_box_description-1\">Une matrice d\u2019expertise et de s\u00e9niorit\u00e9 \u00e0 dimension internationale au service de nos clients.<\/div>\r\n\t\t\t\t\t\t<\/div>\r\n\t\t\t\t\t<\/div>\r\n\t\t\t\t<\/div><\/div><div class=\"col-md-3\"><div class=\"slz-icon-box-1 icon-box-item-2  style-1\"><div class=\"icon-cell\">\r\n                            <div class=\"wrapper-icon\">\r\n                                <i class=\"slz-icon fa fa-magic\"><\/i>\r\n\t\t\t\t\t\t\t\t\r\n                            <\/div>\r\n                        <\/div>\r\n\t\t\t\t\t<div class=\"content-cell\">\r\n\t\t\t\t\t\t<div class=\"wrapper-info\">\r\n\t\t\t\t<div class=\"title icon_box_title-2\">Capitalisation<\/div><div class=\"description icon_box_description-2\">Des m\u00e9thodes et des outils \u00e0 la main de nos consultants, \u00e9prouv\u00e9s dans chaque contexte et phase projet.<\/div>\r\n\t\t\t\t\t\t<\/div>\r\n\t\t\t\t\t<\/div>\r\n\t\t\t\t<\/div><\/div><div class=\"col-md-3\"><div class=\"slz-icon-box-1 icon-box-item-3  style-1\"><div class=\"icon-cell\">\r\n                            <div class=\"wrapper-icon\">\r\n                                <i class=\"slz-icon fa fa-magnet\"><\/i>\r\n\t\t\t\t\t\t\t\t\r\n                            <\/div>\r\n                        <\/div>\r\n\t\t\t\t\t<div class=\"content-cell\">\r\n\t\t\t\t\t\t<div class=\"wrapper-info\">\r\n\t\t\t\t<div class=\"title icon_box_title-3\">Proximit\u00e9<\/div><div class=\"description icon_box_description-3\">Une production challeng\u00e9e quotidiennement dans une logique de r\u00e9sultats en mission comme en interne.<\/div>\r\n\t\t\t\t\t\t<\/div>\r\n\t\t\t\t\t<\/div>\r\n\t\t\t\t<\/div><\/div><div class=\"col-md-3\"><div class=\"slz-icon-box-1 icon-box-item-4  style-1\"><div class=\"icon-cell\">\r\n                            <div class=\"wrapper-icon\">\r\n                                <i class=\"slz-icon fa fa-signal\"><\/i>\r\n\t\t\t\t\t\t\t\t\r\n                            <\/div>\r\n                        <\/div>\r\n\t\t\t\t\t<div class=\"content-cell\">\r\n\t\t\t\t\t\t<div class=\"wrapper-info\">\r\n\t\t\t\t<div class=\"title icon_box_title-4\">Entreprenariat<\/div><div class=\"description icon_box_description-4\">Des perspectives d\u2019\u00e9volution rapides trac\u00e9es par chaque initiative et prise de responsabilit\u00e9.<\/div>\r\n\t\t\t\t\t\t<\/div>\r\n\t\t\t\t\t<\/div>\r\n\t\t\t\t<\/div><\/div><\/div><div class=\"row\"><div class=\"col-md-3\"><div class=\"slz-icon-box-1 icon-box-item-5  style-1\"><div class=\"icon-cell\">\r\n                            <div class=\"wrapper-icon\">\r\n                                <i class=\"slz-icon fa fa-globe\"><\/i>\r\n\t\t\t\t\t\t\t\t\r\n                            <\/div>\r\n                        <\/div>\r\n\t\t\t\t\t<div class=\"content-cell\">\r\n\t\t\t\t\t\t<div class=\"wrapper-info\">\r\n\t\t\t\t<div class=\"title icon_box_title-5\">Durabilit\u00e9<\/div><div class=\"description icon_box_description-5\">Des solutions de conseil en performance RSE et KPIEF qui prennent en compte les impacts \u00e9conomiques, sociaux et environnementaux \u00e0 long terme.<\/div>\r\n\t\t\t\t\t\t<\/div>\r\n\t\t\t\t\t<\/div>\r\n\t\t\t\t<\/div><\/div><\/div><\/div>[\/vc_column][\/vc_row][vc_row content_placement=\u00a0\u00bbmiddle\u00a0\u00bb css=\u00a0\u00bb.vc_custom_1571335161531{padding-top: 25px !important;padding-bottom: 25px !important;}\u00a0\u00bb][vc_column]<div class=\"slz-shortcode sc_main_title main-title-94470304069eaab3f4e5af   style-1  text-c \">\r\n\t<div class=\"slz-main-title\">\r\n\t\t<img loading=\"lazy\" decoding=\"async\" width=\"123\" height=\"15\" src=\"https:\/\/www.devlhon-consulting.com\/wp-content\/uploads\/2016\/11\/devlhon_consulting_separator-2.png\" class=\"attachment-full size-full\" alt=\"\" \/>\t\t\t\t\t<h2 class=\"title\">Nos atouts\t\t\t\t\t\t<\/h2>\r\n\t\t\t\t\t<\/div>\r\n<\/div>\r\n\r\n[\/vc_column][\/vc_row][vc_row css=\u00a0\u00bb.vc_custom_1571827497413{background-color: #ffffff !important;}\u00a0\u00bb][vc_column width=\u00a0\u00bb1\/3&Prime;][vc_column_text]<\/p>\n<h4 style=\"text-align: center;\"><strong><span style=\"color: #003366;\">NOTRE <span style=\"color: #84b777;\">LOGIQUE DE RESULTAT<\/span><\/span><\/strong><\/h4>\n<p style=\"text-align: center;\">Nous visons l\u2019excellence dans chacun de nos savoir-faire en termes de connaissance, de m\u00e9thodologie et de production. L\u2019entretien et le d\u00e9veloppement de nos comp\u00e9tences s\u2019op\u00e8rent via notre veille et R&amp;D internes, nos formations et retours d\u2019exp\u00e9rience r\u00e9guliers.<\/p>\n<p>[\/vc_column_text][\/vc_column][vc_column width=\u00a0\u00bb1\/3&Prime;][vc_column_text]<\/p>\n<h4 style=\"text-align: center;\"><strong><span style=\"color: #003366;\">NOTRE <span style=\"color: #84b777;\">NIVEAU DE COUVERTURE<\/span><\/span><\/strong><\/h4>\n<p style=\"text-align: center;\">En interne ou par le biais de nos alliances et partenariats, nous sommes capables de r\u00e9pondre \u00e0 l\u2019ensemble des besoins d\u2019expertise sp\u00e9cifiques de nos clients et de fournir les \u00e9quipes n\u00e9cessaires \u00e0 tout projet d\u2019envergure. Cette agilit\u00e9 nous permet d\u2019intervenir en France comme \u00e0 l\u2019international.<\/p>\n<p>[\/vc_column_text][\/vc_column][vc_column width=\u00a0\u00bb1\/3&Prime;][vc_column_text]<\/p>\n<h4 style=\"text-align: center;\"><strong><span style=\"color: #003366;\">NOTRE <span style=\"color: #84b777;\">ENGAGEMENT<\/span><\/span><\/strong><\/h4>\n<p style=\"text-align: center;\">Nous exigeons de nos consultants un niveau d\u2019investissement \u00e9quivalent \u00e0 celui mis\u00e9 dans chacun de nos profils. Nos ressources s\u2019engagent, en toute transparence avec le management en mission comme en interne, \u00e0 atteindre notre niveau d\u2019exigence dict\u00e9 par leurs objectifs.<\/p>\n<p>[\/vc_column_text][\/vc_column][\/vc_row][vc_row css=\u00a0\u00bb.vc_custom_1571335183620{margin-top: 25px !important;border-bottom-width: 25px !important;padding-top: 25px !important;padding-bottom: 25px !important;}\u00a0\u00bb][vc_column css=\u00a0\u00bb.vc_custom_1569788013753{margin-bottom: 0px !important;padding-top: 35px !important;padding-bottom: 0px !important;}\u00a0\u00bb]<div class=\"slz-shortcode sc_main_title main-title-13956318469eaab3f4e840   style-1  text-c \">\r\n\t<div class=\"slz-main-title\">\r\n\t\t<img loading=\"lazy\" decoding=\"async\" width=\"123\" height=\"15\" src=\"https:\/\/www.devlhon-consulting.com\/wp-content\/uploads\/2016\/11\/devlhon_consulting_separator-2.png\" class=\"attachment-full size-full\" alt=\"\" \/>\t\t\t\t\t<h2 class=\"title\">Notre philosophie\t\t\t\t\t\t<\/h2>\r\n\t\t\t\t\t<\/div>\r\n<\/div>\r\n\r\n[vc_column_text css=\u00a0\u00bb.vc_custom_1571335413302{padding-bottom: 25px !important;}\u00a0\u00bb]<\/p>\n<h3 style=\"text-align: center;\"><strong><span style=\"color: #003366;\">NOTRE <span style=\"color: #84b777;\">PHILOSOPHIE<\/span><\/span><\/strong><\/h3>\n<p>[\/vc_column_text][vc_column_text]<\/p>\n<p style=\"vertical-align: top; text-align: center;\">Parce que l\u2019agilit\u00e9 est la cl\u00e9 de notre efficacit\u00e9, elle ne peut se dissocier de notre capacit\u00e9 \u00e0 nous adapter constamment. Pour la cultiver, nous<br \/>\navons pour priorit\u00e9 le d\u00e9veloppement des qualit\u00e9s humaines de notre \u00e9quipe. Bas\u00e9e sur une logique d\u2019interactions avec les \u00e9cosyst\u00e8mes et les<br \/>\nindividus. C\u2019est en effet le point fort de notre philosophie, pour favoriser l\u2019innovation chez nos clients nous avons d\u00e9velopp\u00e9 une culture de<br \/>\nl\u2019innovation et de l\u2019adaptation en interne.<\/p>\n<p>[\/vc_column_text][\/vc_column][\/vc_row][vc_row css=\u00a0\u00bb.vc_custom_1571335298189{margin-top: 25px !important;border-bottom-width: 25px !important;}\u00a0\u00bb][vc_column][vc_column_text css=\u00a0\u00bb.vc_custom_1571335432698{margin-bottom: 0px !important;padding-bottom: 25px !important;}\u00a0\u00bb]<\/p>\n<div class=\"vc_row wpb_row vc_row-fluid vc_custom_1569787202608\">\n<div class=\"wpb_column vc_column_container vc_col-sm-12\">\n<div class=\"vc_column-inner\">\n<div class=\"wpb_wrapper\">\n<div class=\"wpb_text_column wpb_content_element \">\n<div class=\"wpb_wrapper\">\n<h3 style=\"text-align: center;\"><strong><span style=\"color: #083773;\">\u00c9VOLUTION <span style=\"color: #84b777;\">PROFESSIONNELLE<\/span><\/span><\/strong><\/h3>\n<\/div>\n<\/div>\n<\/div>\n<\/div>\n<\/div>\n<\/div>\n<p>[\/vc_column_text][vc_row_inner][vc_column_inner width=\u00a0\u00bb1\/2&Prime;][vc_column_text]<\/p>\n<p style=\"text-align: center;\"><strong>Notre objectif est de permettre \u00e0 chaque consultant de s\u2019inscrire dans une logique d\u2019\u00e9volution professionnelle et personnelle, pour cela :<\/strong><\/p>\n<ul>\n<li>Plan de d\u00e9veloppement<\/li>\n<li>Empowerment<\/li>\n<li>Digital Learning<\/li>\n<li>Certification<\/li>\n<\/ul>\n<p>[\/vc_column_text][\/vc_column_inner][vc_column_inner width=\u00a0\u00bb1\/2&Prime;][vc_column_text]<\/p>\n<p style=\"text-align: center;\"><strong>Cette approche est centr\u00e9e sur :<\/strong><\/p>\n<ul>\n<li>La volont\u00e9 de <strong>partager nos connaissances<\/strong> entre pairs \u00e0 travers\u00a0:\n<ul>\n<li>des formations collectives (1 par mois)<\/li>\n<li>des coaching personnalis\u00e9s et des formations individuelles d\u00e9clench\u00e9es en fonction des besoins identifi\u00e9s<\/li>\n<\/ul>\n<\/li>\n<li>La volont\u00e9 de <strong>remettre en question nos savoirs pour nous adapter constamment\u00a0<\/strong>et <strong>apprendre de nos erreurs.<\/strong><\/li>\n<li>La volont\u00e9 de <strong>s\u2019autoformer<\/strong><\/li>\n<li>La volont\u00e9 <strong>d\u2019\u00eatre innovant<\/strong> sur les th\u00e8mes abord\u00e9s et la <strong>veille r\u00e9alis\u00e9e<\/strong><\/li>\n<li>La volont\u00e9 de <strong>capitaliser des connaissances en interne<\/strong> (formalisation)<\/li>\n<li>La volont\u00e9 de <strong>valoriser nos formations<\/strong>: certifications, PEC (Portefeuille d\u2019Exp\u00e9rience et de comp\u00e9tences)<\/li>\n<\/ul>\n<p>[\/vc_column_text][\/vc_column_inner][\/vc_row_inner][\/vc_column][\/vc_row][vc_row full_width=\u00a0\u00bbstretch_row\u00a0\u00bb css=\u00a0\u00bb.vc_custom_1676571734691{margin-top: 25px !important;border-bottom-width: 25px !important;background-color: #0a1c27 !important;}\u00a0\u00bb][vc_column width=\u00a0\u00bb1\/6&Prime;][\/vc_column][vc_column width=\u00a0\u00bb2\/3&Prime;]\r\n<div class=\"slz-shortcode sc_banner banner-134376864469eaab3f4ee3c  \">\r\n\t<div class=\"slz-banner-01 \">\r\n\t\t\t\t\t\t<div class=\"content-wrapper\">\r\n\t\t\t\t\t\t\t<h1 class=\"title\">PARTENAIRE DE VOS AMBITIONS<\/h1>\r\n\t\t\t\t\t\t\t\t\t\t<div class=\"description\"><p style=\"text-align: center\"><span style=\"color: #ffffff\">Nous mettons notre Expertise au service de vos Besoins et de votre Strat\u00e9gie en vous proposant des Solutions \u00e0 la hauteur de vos Ambitions.\u00a0<\/span><\/p>\n<\/div>\r\n\t\t\t\t\t\t\t\t\t\t<div class=\"slz-group-btn\">\r\n\t\t\t\t\t\t\t\t\t\t\t\t\t\t\t\t\t\t<a href=\"http:\/\/www.devlhon-consulting.com\/contact\/\"   class=\"slz-btn sc-banner-btn-1\">\r\n\t\t\t\t\t\t\t\t\t\t\t\t\t\t\t\t\t\t\t\t\t\t\t\t\t\t<span class=\"btn-text sc-banner-btn-text-1\">Nous Contacter<\/span>\r\n\t\t\t\t\t\t\t\t\t\t\t\t\t\t\t<\/a>\r\n\t\t\t\t\t\t\t\t\t\t\t\t\t\t\t<\/div>\r\n\t\t\t\t\t<\/div>\r\n\t<\/div>\r\n<\/div>\r\n\r\n[\/vc_column][vc_column width=\u00a0\u00bb1\/6&Prime;][\/vc_column][\/vc_row][vc_row css=\u00a0\u00bb.vc_custom_1479870517984{padding-top: 65px !important;padding-bottom: 100px !important;}\u00a0\u00bb][vc_column]<div class=\"slz-shortcode sc_main_title main-title-114692435569eaab3f4f18e   style-1  text-c \">\r\n\t<div class=\"slz-main-title\">\r\n\t\t<img loading=\"lazy\" decoding=\"async\" width=\"123\" height=\"15\" src=\"https:\/\/www.devlhon-consulting.com\/wp-content\/uploads\/2016\/11\/devlhon_consulting_separator-2.png\" class=\"attachment-full size-full\" alt=\"\" \/>\t\t\t\t\t<h2 class=\"title\">LA VIE CHEZ DEVLHON\t\t\t\t\t\t<\/h2>\r\n\t\t\t\t\t<\/div>\r\n<\/div>\r\n\r\n<div class=\"slz_shortcode sc_icon_box icon_box-9502950869eaab3f4f29f \"><div class=\"row\"><div class=\"col-md-4\"><div class=\"slz-icon-box-1 icon-box-item-1  style-3\"><div class=\"icon-cell\">\r\n                                <div class=\"wrapper-icon-image\">\r\n                                    <img decoding=\"async\" src=\"https:\/\/www.devlhon-consulting.com\/wp-content\/uploads\/2016\/11\/devlhon_consulting_la-vie-chez-devlhon-matriser.png\" alt=\"\" class=\"slz-icon-img\">\r\n                                    \r\n                                <\/div>\r\n                            <\/div>\r\n\t\t\t\t\t<div class=\"content-cell\">\r\n\t\t\t\t\t\t<div class=\"wrapper-info\">\r\n\t\t\t\t<div class=\"title icon_box_title-1\">MA\u00ceTRISER<\/div><div class=\"description icon_box_description-1\">Notre dispositif d\u2019accompagnement et de suivi r\u00e9gulier de nos ressources minimise les risques de production et de management vis-\u00e0-vis de nos clients<\/div>\r\n\t\t\t\t\t\t<\/div>\r\n\t\t\t\t\t<\/div>\r\n\t\t\t\t<\/div><\/div><div class=\"col-md-4\"><div class=\"slz-icon-box-1 icon-box-item-2  style-3\"><div class=\"icon-cell\">\r\n                                <div class=\"wrapper-icon-image\">\r\n                                    <img decoding=\"async\" src=\"https:\/\/www.devlhon-consulting.com\/wp-content\/uploads\/2016\/11\/devlhon_consulting_la-vie-chez-devlhon-challenger-1.png\" alt=\"\" class=\"slz-icon-img\">\r\n                                    \r\n                                <\/div>\r\n                            <\/div>\r\n\t\t\t\t\t<div class=\"content-cell\">\r\n\t\t\t\t\t\t<div class=\"wrapper-info\">\r\n\t\t\t\t<div class=\"title icon_box_title-2\">CHALLENGER<\/div><div class=\"description icon_box_description-2\">Chaque mission et projet joue son r\u00f4le dans le d\u00e9veloppement de nos savoir-faire : nos exigences sont souvent plus strictes que celles de nos clients<\/div>\r\n\t\t\t\t\t\t<\/div>\r\n\t\t\t\t\t<\/div>\r\n\t\t\t\t<\/div><\/div><div class=\"col-md-4\"><div class=\"slz-icon-box-1 icon-box-item-3  style-3\"><div class=\"icon-cell\">\r\n                                <div class=\"wrapper-icon-image\">\r\n                                    <img decoding=\"async\" src=\"https:\/\/www.devlhon-consulting.com\/wp-content\/uploads\/2016\/11\/devlhon_consulting_la-vie-chez-devlhon-partager-1.png\" alt=\"\" class=\"slz-icon-img\">\r\n                                    \r\n                                <\/div>\r\n                            <\/div>\r\n\t\t\t\t\t<div class=\"content-cell\">\r\n\t\t\t\t\t\t<div class=\"wrapper-info\">\r\n\t\t\t\t<div class=\"title icon_box_title-3\">PARTAGER<\/div><div class=\"description icon_box_description-3\">Les \u00e9checs et r\u00e9ussites de chacun doivent \u00eatre assimil\u00e9s par l\u2019\u00e9quipe et permettre de d\u00e9velopper les comp\u00e9tences et la capitalisation du cabinet<\/div>\r\n\t\t\t\t\t\t<\/div>\r\n\t\t\t\t\t<\/div>\r\n\t\t\t\t<\/div><\/div><\/div><\/div>[vc_empty_space height=\u00a0\u00bb40px\u00a0\u00bb]<div class=\"slz_shortcode sc_icon_box icon_box-173529853469eaab3f4f671 \"><div class=\"row\"><div class=\"col-md-4\"><div class=\"slz-icon-box-1 icon-box-item-1  style-3\"><div class=\"icon-cell\">\r\n                                <div class=\"wrapper-icon-image\">\r\n                                    <img decoding=\"async\" src=\"https:\/\/www.devlhon-consulting.com\/wp-content\/uploads\/2016\/11\/devlhon_consulting_la-vie-chez-devlhon-de\u0301velopper.png\" alt=\"\" class=\"slz-icon-img\">\r\n                                    \r\n                                <\/div>\r\n                            <\/div>\r\n\t\t\t\t\t<div class=\"content-cell\">\r\n\t\t\t\t\t\t<div class=\"wrapper-info\">\r\n\t\t\t\t<div class=\"title icon_box_title-1\">DEVELOPPER<\/div><div class=\"description icon_box_description-1\">La contribution \u00e0 la croissance interne et externe du cabinet est un \u00e9l\u00e9ment indispensable sur la base de projets \u00e0 moyen terme ou de t\u00e2ches ponctuelles <\/div>\r\n\t\t\t\t\t\t<\/div>\r\n\t\t\t\t\t<\/div>\r\n\t\t\t\t<\/div><\/div><div class=\"col-md-4\"><div class=\"slz-icon-box-1 icon-box-item-2  style-3\"><div class=\"icon-cell\">\r\n                                <div class=\"wrapper-icon-image\">\r\n                                    <img decoding=\"async\" src=\"https:\/\/www.devlhon-consulting.com\/wp-content\/uploads\/2016\/11\/devlhon_consulting_la-vie-chez-devlhon-communiquer.png\" alt=\"\" class=\"slz-icon-img\">\r\n                                    \r\n                                <\/div>\r\n                            <\/div>\r\n\t\t\t\t\t<div class=\"content-cell\">\r\n\t\t\t\t\t\t<div class=\"wrapper-info\">\r\n\t\t\t\t<div class=\"title icon_box_title-2\">COMMUNIQUER<\/div><div class=\"description icon_box_description-2\">Publications, \u00e9v\u00e8nementiel et communication client sont des exigences quotidiennes dans le d\u00e9veloppement de l\u2019activit\u00e9 du cabinet<\/div>\r\n\t\t\t\t\t\t<\/div>\r\n\t\t\t\t\t<\/div>\r\n\t\t\t\t<\/div><\/div><div class=\"col-md-4\"><div class=\"slz-icon-box-1 icon-box-item-3  style-3\"><div class=\"icon-cell\">\r\n                                <div class=\"wrapper-icon-image\">\r\n                                    <img decoding=\"async\" src=\"https:\/\/www.devlhon-consulting.com\/wp-content\/uploads\/2016\/11\/devlhon_consulting_la-vie-chez-devlhon-evoluer.png\" alt=\"\" class=\"slz-icon-img\">\r\n                                    \r\n                                <\/div>\r\n                            <\/div>\r\n\t\t\t\t\t<div class=\"content-cell\">\r\n\t\t\t\t\t\t<div class=\"wrapper-info\">\r\n\t\t\t\t<div class=\"title icon_box_title-3\">EVOLUER<\/div><div class=\"description icon_box_description-3\">Chaque consultant est ma\u00eetre de sa carri\u00e8re \u00e0 travers la r\u00e9alisation de ses objectifs et la gestion de ses responsabilit\u00e9s (Mgmt, RH, Business, Process,..)<\/div>\r\n\t\t\t\t\t\t<\/div>\r\n\t\t\t\t\t<\/div>\r\n\t\t\t\t<\/div><\/div><\/div><\/div>[\/vc_column][\/vc_row]<\/p>","protected":false},"excerpt":{"rendered":"<p>[vc_row content_placement=\u00a0\u00bbmiddle\u00a0\u00bb css=\u00a0\u00bb.vc_custom_1571335151452{padding-top: 25px !important;padding-bottom: 25px !important;}\u00a0\u00bb][vc_column][vc_column_text css=\u00a0\u00bb.vc_custom_1523975135792{padding-bottom: 50px !important;}\u00a0\u00bb] Soci\u00e9t\u00e9 en croissance, DEVLHON Consulting se doit d\u2019\u00eatre irr\u00e9prochable et innovant aupr\u00e8s de sa client\u00e8le dans ce secteur domestiqu\u00e9 par les grands groupes mondiaux.\u00a0Afin de se d\u00e9marquer de notre concurrence directe, nous valorisons notre activit\u00e9 de niche \u00e0 travers nos atouts et la volont\u00e9 de [&hellip;]<\/p>\n","protected":false},"author":1,"featured_media":0,"parent":0,"menu_order":0,"comment_status":"closed","ping_status":"closed","template":"","meta":{"seo_booster_metabox":"","footnotes":""},"class_list":["post-1725","page","type-page","status-publish","hentry"],"_links":{"self":[{"href":"https:\/\/www.devlhon-consulting.com\/fr\/wp-json\/wp\/v2\/pages\/1725","targetHints":{"allow":["GET"]}}],"collection":[{"href":"https:\/\/www.devlhon-consulting.com\/fr\/wp-json\/wp\/v2\/pages"}],"about":[{"href":"https:\/\/www.devlhon-consulting.com\/fr\/wp-json\/wp\/v2\/types\/page"}],"author":[{"embeddable":true,"href":"https:\/\/www.devlhon-consulting.com\/fr\/wp-json\/wp\/v2\/users\/1"}],"replies":[{"embeddable":true,"href":"https:\/\/www.devlhon-consulting.com\/fr\/wp-json\/wp\/v2\/comments?post=1725"}],"version-history":[{"count":42,"href":"https:\/\/www.devlhon-consulting.com\/fr\/wp-json\/wp\/v2\/pages\/1725\/revisions"}],"predecessor-version":[{"id":9703,"href":"https:\/\/www.devlhon-consulting.com\/fr\/wp-json\/wp\/v2\/pages\/1725\/revisions\/9703"}],"wp:attachment":[{"href":"https:\/\/www.devlhon-consulting.com\/fr\/wp-json\/wp\/v2\/media?parent=1725"}],"curies":[{"name":"wp","href":"https:\/\/api.w.org\/{rel}","templated":true}]}}