{"id":1370,"date":"2016-11-17T09:48:08","date_gmt":"2016-11-17T08:48:08","guid":{"rendered":"http:\/\/wp.swlabs.co\/appexpo\/?page_id=1370"},"modified":"2023-06-14T11:15:37","modified_gmt":"2023-06-14T09:15:37","slug":"contactzzcc","status":"publish","type":"page","link":"https:\/\/www.devlhon-consulting.com\/fr\/contactzzcc\/","title":{"rendered":"Contactez-nous"},"content":{"rendered":"<p>[vc_row css=\u00a0\u00bb.vc_custom_1483430843411{padding-top: 50px !important;}\u00a0\u00bb][vc_column width=\u00a0\u00bb1\/3&Prime;][vc_column_text]<\/p>\n<h2 class=\"title\"><span style=\"color: #18364a;\"><strong>1 \u00e9quipe, 1 num\u00e9ro et 1 adresse pour r\u00e9pondre<\/strong><\/span><\/h2>\n<div class=\"description\">\n<ul>\n<li>\u00c0\u00a0vos demandes d\u2019informations (offres, expertises,\u00a0etc.)<\/li>\n<li>\u00c0\u00a0vos\u00a0besoins sp\u00e9cifiques, \u00e0 vos appels d&rsquo;offre ou \u00e0 vos recherches de profils<\/li>\n<li>\u00c0\u00a0vos probl\u00e9matiques administratives (contrat, facture, etc.)<\/li>\n<li>Au suivi de votre candidature<\/li>\n<\/ul>\n<\/div>\n<p>[\/vc_column_text][vc_column_text css=\u00a0\u00bb.vc_custom_1686734122198{padding-top: 50px !important;}\u00a0\u00bb]<\/p>\n<h2 class=\"title\" style=\"text-align: center;\"><span style=\"color: #18364a;\"><strong>Devlhon Consulting<\/strong><\/span><\/h2>\n<p style=\"text-align: center;\">4, Place Saint-Michel<br \/>\n75006 Paris<br \/>\nFRANCE<\/p>\n<h3 style=\"text-align: center;\"><strong><span style=\"color: #0fb2ee;\">01 46 94 61 33<\/span><\/strong><\/h3>\n<p style=\"text-align: center;\"><span style=\"font-size: 14pt;\"><a href=\"mailto:contact@devhlon-consulting.com\">contact@devhlon-consulting.com<\/a><\/span><\/p>\n<p>[\/vc_column_text][\/vc_column][vc_column width=\u00a0\u00bb1\/3&Prime;][vc_single_image image=\u00a0\u00bb2555&Prime; img_size=\u00a0\u00bbfull\u00a0\u00bb alignment=\u00a0\u00bbright\u00a0\u00bb][\/vc_column][\/vc_row]<\/p>","protected":false},"excerpt":{"rendered":"<p>[vc_row css=\u00a0\u00bb.vc_custom_1483430843411{padding-top: 50px !important;}\u00a0\u00bb][vc_column width=\u00a0\u00bb1\/3&Prime;][vc_column_text] 1 \u00e9quipe, 1 num\u00e9ro et 1 adresse pour r\u00e9pondre \u00c0\u00a0vos demandes d\u2019informations (offres, expertises,\u00a0etc.) \u00c0\u00a0vos\u00a0besoins sp\u00e9cifiques, \u00e0 vos appels d&rsquo;offre ou \u00e0 vos recherches de profils \u00c0\u00a0vos probl\u00e9matiques administratives (contrat, facture, etc.) Au suivi de votre candidature [\/vc_column_text][vc_column_text css=\u00a0\u00bb.vc_custom_1686734122198{padding-top: 50px !important;}\u00a0\u00bb] Devlhon Consulting 4, Place Saint-Michel 75006 Paris FRANCE 01 [&hellip;]<\/p>\n","protected":false},"author":1,"featured_media":0,"parent":0,"menu_order":0,"comment_status":"closed","ping_status":"closed","template":"","meta":{"seo_booster_metabox":"","footnotes":""},"class_list":["post-1370","page","type-page","status-publish","hentry"],"_links":{"self":[{"href":"https:\/\/www.devlhon-consulting.com\/fr\/wp-json\/wp\/v2\/pages\/1370","targetHints":{"allow":["GET"]}}],"collection":[{"href":"https:\/\/www.devlhon-consulting.com\/fr\/wp-json\/wp\/v2\/pages"}],"about":[{"href":"https:\/\/www.devlhon-consulting.com\/fr\/wp-json\/wp\/v2\/types\/page"}],"author":[{"embeddable":true,"href":"https:\/\/www.devlhon-consulting.com\/fr\/wp-json\/wp\/v2\/users\/1"}],"replies":[{"embeddable":true,"href":"https:\/\/www.devlhon-consulting.com\/fr\/wp-json\/wp\/v2\/comments?post=1370"}],"version-history":[{"count":26,"href":"https:\/\/www.devlhon-consulting.com\/fr\/wp-json\/wp\/v2\/pages\/1370\/revisions"}],"predecessor-version":[{"id":9695,"href":"https:\/\/www.devlhon-consulting.com\/fr\/wp-json\/wp\/v2\/pages\/1370\/revisions\/9695"}],"wp:attachment":[{"href":"https:\/\/www.devlhon-consulting.com\/fr\/wp-json\/wp\/v2\/media?parent=1370"}],"curies":[{"name":"wp","href":"https:\/\/api.w.org\/{rel}","templated":true}]}}