{"id":9205,"date":"2023-05-26T11:31:56","date_gmt":"2023-05-26T09:31:56","guid":{"rendered":"https:\/\/www.devlhon-consulting.com\/?page_id=9205"},"modified":"2026-03-27T11:57:55","modified_gmt":"2026-03-27T10:57:55","slug":"devlhon-advisory-board","status":"publish","type":"page","link":"https:\/\/www.devlhon-consulting.com\/en\/devlhon-advisory-board\/","title":{"rendered":"Advisory board"},"content":{"rendered":"<p>[vc_row][vc_column width=&#8221;1\/3&#8243; css=&#8221;.vc_custom_1685093290958{margin-bottom: 60px !important;}&#8221;][vc_single_image image=&#8221;9215&#8243; img_size=&#8221;medium&#8221; alignment=&#8221;center&#8221; css=&#8221;.vc_custom_1685090402887{margin-top: 0px !important;margin-right: 0px !important;margin-bottom: 0px !important;margin-left: 0px !important;padding-top: 0px !important;padding-right: 0px !important;padding-bottom: 0px !important;padding-left: 0px !important;}&#8221;][vc_row_inner css=&#8221;.vc_custom_1685093119091{background-color: #fcfcfc !important;}&#8221; el_class=&#8221;advisory-card-bottom&#8221;][vc_column_inner]<div class=\"slz-shortcode sc_main_title main-title-150195050669f3075e2a4b3 advisory-card-title  style-1  text-c vc_custom_1685103297373\">\r\n\t<div class=\"slz-main-title\">\r\n\t\t\t\t\t\t\t<h2 class=\"title\">Jean-Michel LATY\t\t\t\t\t\t<\/h2>\r\n\t\t\t\t\t\t\t<div class=\"subtitle\">\r\n\t\t\t\t<span class=\"subtitle-inner\">Former CEO at BRED (BPCE), 30 years of experience<\/span>\r\n\t\t\t<\/div>\r\n\t\t\t\t<\/div>\r\n<\/div>\r\n\r\n[vc_toggle title=&#8221;Detail \/ to read out more&#8221; style=&#8221;simple&#8221; size=&#8221;lg&#8221;]<\/p>\n<p class=\"p1\">With a Master from Sciences Po, Jean-Michel Laty has spent almost his entire career at Banque Populaire, including serving as CEO of BRED Banque Populaire for 10 years.<\/p>\n<p>[\/vc_toggle][\/vc_column_inner][\/vc_row_inner][\/vc_column][vc_column width=&#8221;1\/3&#8243; css=&#8221;.vc_custom_1685093295590{margin-bottom: 60px !important;}&#8221;][vc_single_image image=&#8221;9826&#8243; img_size=&#8221;medium&#8221; alignment=&#8221;center&#8221; css=&#8221;.vc_custom_1774608464642{margin-top: 0px !important;margin-right: 0px !important;margin-bottom: 0px !important;margin-left: 0px !important;padding-top: 0px !important;padding-right: 0px !important;padding-bottom: 0px !important;padding-left: 0px !important;}&#8221;][vc_row_inner css=&#8221;.vc_custom_1685093129411{background-color: #fcfcfc !important;}&#8221; el_class=&#8221;advisory-card-bottom&#8221;][vc_column_inner]<div class=\"slz-shortcode sc_main_title main-title-34165415869f3075e2a521 advisory-card-title  style-1  text-c vc_custom_1774608534895\">\r\n\t<div class=\"slz-main-title\">\r\n\t\t\t\t\t\t\t<h2 class=\"title\">Christian FORMAGNE\t\t\t\t\t\t<\/h2>\r\n\t\t\t\t\t\t\t<div class=\"subtitle\">\r\n\t\t\t\t<span class=\"subtitle-inner\">Former Executive Director of Renault Cr\u00e9dit International (RCI Bank)<\/span>\r\n\t\t\t<\/div>\r\n\t\t\t\t<\/div>\r\n<\/div>\r\n\r\n[vc_toggle title=&#8221;Detail \/ to read out more&#8221; style=&#8221;simple&#8221; size=&#8221;lg&#8221;]A graduate of the <strong>ENA<\/strong> (\u00c9cole nationale d\u2019administration, France\u2019s prestigious elite school for senior civil servants), Christian Formagne worked with the <strong>French Minister for the Economy and Finance<\/strong> and at the <strong>CEA (French Alternative Energies and Atomic Energy Commission<\/strong>) before moving into the private sector. He held senior leadership positions at <strong>Renault Cr\u00e9dit International (RCI Bank and Services) <\/strong>and at the investment bank ARJIL. He has worked across Europe, the Middle East and Africa.[\/vc_toggle][\/vc_column_inner][\/vc_row_inner][\/vc_column][vc_column width=&#8221;1\/3&#8243; css=&#8221;.vc_custom_1685093302193{margin-bottom: 60px !important;}&#8221;][vc_single_image image=&#8221;9218&#8243; img_size=&#8221;medium&#8221; alignment=&#8221;center&#8221; css=&#8221;.vc_custom_1685090695948{margin-top: 0px !important;margin-right: 0px !important;margin-bottom: 0px !important;margin-left: 0px !important;padding-top: 0px !important;padding-right: 0px !important;padding-bottom: 0px !important;padding-left: 0px !important;}&#8221;][vc_row_inner css=&#8221;.vc_custom_1685093140489{background-color: #fcfcfc !important;}&#8221; el_class=&#8221;advisory-card-bottom&#8221;][vc_column_inner]<div class=\"slz-shortcode sc_main_title main-title-80031698969f3075e2a58c advisory-card-title  style-1  text-c vc_custom_1685093715249\">\r\n\t<div class=\"slz-main-title\">\r\n\t\t\t\t\t\t\t<h2 class=\"title\">Romain BAURET\t\t\t\t\t\t<\/h2>\r\n\t\t\t\t\t\t\t<div class=\"subtitle\">\r\n\t\t\t\t<span class=\"subtitle-inner\">Engineer specialized into innovation strategy and growth<\/span>\r\n\t\t\t<\/div>\r\n\t\t\t\t<\/div>\r\n<\/div>\r\n\r\n[vc_toggle title=&#8221;Detail \/ to read out more&#8221; style=&#8221;simple&#8221; size=&#8221;lg&#8221;]<\/p>\n<p class=\"p1\">Romain Bauret has a multidisciplinary profile. He graduated from Arts &amp; M\u00e9tiers and Essec, he worked for 10 years at BPI France (French Public Investment Bank), particularly as and <i>DeepTech Products &amp; Studies<\/i> Manager and<i> Africa<\/i> Manager.<\/p>\n<p>[\/vc_toggle][\/vc_column_inner][\/vc_row_inner][\/vc_column][\/vc_row][vc_row][vc_column width=&#8221;1\/3&#8243; css=&#8221;.vc_custom_1685093307019{margin-bottom: 60px !important;}&#8221;][vc_single_image image=&#8221;9252&#8243; img_size=&#8221;medium&#8221; alignment=&#8221;center&#8221; css=&#8221;.vc_custom_1685091619609{margin-top: 0px !important;margin-right: 0px !important;margin-bottom: 0px !important;margin-left: 0px !important;padding-top: 0px !important;padding-right: 0px !important;padding-bottom: 0px !important;padding-left: 0px !important;}&#8221;][vc_row_inner css=&#8221;.vc_custom_1685093200363{background-color: #fcfcfc !important;}&#8221; el_class=&#8221;advisory-card-bottom&#8221;][vc_column_inner]<div class=\"slz-shortcode sc_main_title main-title-210648921069f3075e2a5fb advisory-card-title  style-1  text-c vc_custom_1685093730267\">\r\n\t<div class=\"slz-main-title\">\r\n\t\t\t\t\t\t\t<h2 class=\"title\">Selena SOUAH\t\t\t\t\t\t<\/h2>\r\n\t\t\t\t\t\t\t<div class=\"subtitle\">\r\n\t\t\t\t<span class=\"subtitle-inner\">Entrepreneur, 20 years of experience (Telecoms)<\/span>\r\n\t\t\t<\/div>\r\n\t\t\t\t<\/div>\r\n<\/div>\r\n\r\n[vc_toggle title=&#8221;Detail \/ to read out more&#8221; style=&#8221;simple&#8221; size=&#8221;lg&#8221;]<\/p>\n<p class=\"p1\">Selena Souah is a serial entrepreneur, she founded a telecommunications operator in Rwanda (MVNO), she founded Regcard (a digital check-in solution),<span class=\"Apple-converted-space\">\u00a0 <\/span>and she co-founded a social network specialized into the education sector. She is a member of the \u201cWomen in Tech\u201d summit (backed by the French government). Selena Souah is a graduate of ISC Paris and of \u201cMaisons d\u2019\u00e9ducation de la L\u00e9gion d\u2019honneur\u201d.<\/p>\n<p>[\/vc_toggle][\/vc_column_inner][\/vc_row_inner][\/vc_column][vc_column width=&#8221;1\/3&#8243; css=&#8221;.vc_custom_1685093312152{margin-bottom: 60px !important;}&#8221;][vc_single_image image=&#8221;9250&#8243; img_size=&#8221;medium&#8221; alignment=&#8221;center&#8221; css=&#8221;.vc_custom_1685091627936{margin-top: 0px !important;margin-right: 0px !important;margin-bottom: 0px !important;margin-left: 0px !important;padding-top: 0px !important;padding-right: 0px !important;padding-bottom: 0px !important;padding-left: 0px !important;}&#8221;][vc_row_inner css=&#8221;.vc_custom_1685093206619{background-color: #fcfcfc !important;}&#8221; el_class=&#8221;advisory-card-bottom&#8221;][vc_column_inner]<div class=\"slz-shortcode sc_main_title main-title-18511725469f3075e2a664 advisory-card-title  style-1  text-c vc_custom_1685093746617\">\r\n\t<div class=\"slz-main-title\">\r\n\t\t\t\t\t\t\t<h2 class=\"title\">Guillaume DEMEINEX\t\t\t\t\t\t<\/h2>\r\n\t\t\t\t\t\t\t<div class=\"subtitle\">\r\n\t\t\t\t<span class=\"subtitle-inner\">Manager at DEVLHON Consulting<\/span>\r\n\t\t\t<\/div>\r\n\t\t\t\t<\/div>\r\n<\/div>\r\n\r\n[vc_toggle title=&#8221;Detail \/ to read out more&#8221; style=&#8221;simple&#8221; size=&#8221;lg&#8221;]<\/p>\n<p class=\"p1\">After graduating from ISEP (engineering school) and getting a master\u2019s in finance at ESCP, Guillaume Demeneix spent most of his career at DEVLHON Consulting, from the bottom to the top. He is now part of the executive committee, and he is manager.<\/p>\n<p>[\/vc_toggle][\/vc_column_inner][\/vc_row_inner][\/vc_column][vc_column width=&#8221;1\/3&#8243; css=&#8221;.vc_custom_1685093323330{margin-bottom: 60px !important;}&#8221;][vc_single_image image=&#8221;9251&#8243; img_size=&#8221;medium&#8221; alignment=&#8221;center&#8221; css=&#8221;.vc_custom_1685091637047{margin-top: 0px !important;margin-right: 0px !important;margin-bottom: 0px !important;margin-left: 0px !important;padding-top: 0px !important;padding-right: 0px !important;padding-bottom: 0px !important;padding-left: 0px !important;}&#8221;][vc_row_inner css=&#8221;.vc_custom_1685093213719{background-color: #fcfcfc !important;}&#8221; el_class=&#8221;advisory-card-bottom&#8221;][vc_column_inner]<div class=\"slz-shortcode sc_main_title main-title-150445366669f3075e2a6c9 advisory-card-title  style-1  text-c vc_custom_1685093761350\">\r\n\t<div class=\"slz-main-title\">\r\n\t\t\t\t\t\t\t<h2 class=\"title\">Patrick VERNET\t\t\t\t\t\t<\/h2>\r\n\t\t\t\t\t\t\t<div class=\"subtitle\">\r\n\t\t\t\t<span class=\"subtitle-inner\">Senior Manager at DEVLHON Consulting<\/span>\r\n\t\t\t<\/div>\r\n\t\t\t\t<\/div>\r\n<\/div>\r\n\r\n[vc_toggle title=&#8221;Detail \/ to read out more&#8221; style=&#8221;simple&#8221; size=&#8221;lg&#8221;]<\/p>\n<p class=\"p1\">Patrick Vernet has held different positions at Soci\u00e9t\u00e9 G\u00e9n\u00e9rale, including subsidiaries manager in Senegal, Ivory Coast and Mauritania. Today, he is both senior manager and COO at DEVLHON Consulting.<\/p>\n<p>[\/vc_toggle][\/vc_column_inner][\/vc_row_inner][\/vc_column][\/vc_row][vc_row][vc_column width=&#8221;1\/3&#8243; css=&#8221;.vc_custom_1685090414271{margin-bottom: 60px !important;}&#8221;][vc_single_image image=&#8221;9254&#8243; img_size=&#8221;medium&#8221; alignment=&#8221;center&#8221; css=&#8221;.vc_custom_1685091809717{margin-top: 0px !important;margin-right: 0px !important;margin-bottom: 0px !important;margin-left: 0px !important;padding-top: 0px !important;padding-right: 0px !important;padding-bottom: 0px !important;padding-left: 0px !important;}&#8221;][vc_row_inner css=&#8221;.vc_custom_1685093224182{background-color: #fcfcfc !important;}&#8221; el_class=&#8221;advisory-card-bottom&#8221;][vc_column_inner]<div class=\"slz-shortcode sc_main_title main-title-47096413469f3075e2a733 advisory-card-title  style-1  text-c vc_custom_1685093776932\">\r\n\t<div class=\"slz-main-title\">\r\n\t\t\t\t\t\t\t<h2 class=\"title\">Yoann LHONNEUR\t\t\t\t\t\t<\/h2>\r\n\t\t\t\t\t\t\t<div class=\"subtitle\">\r\n\t\t\t\t<span class=\"subtitle-inner\">Founding partner at DEVLHON Consulting, 2010<\/span>\r\n\t\t\t<\/div>\r\n\t\t\t\t<\/div>\r\n<\/div>\r\n\r\n[vc_toggle title=&#8221;Detail \/ to read out more&#8221; style=&#8221;simple&#8221; size=&#8221;lg&#8221;]<\/p>\n<p class=\"p1\">Yoann Lhonneur graduated from INSEAD (SMB), he got an MBA from the University of Reading and he got a Corporate Finance certificate form CISI. He held managing positions at KPMG and SOPRA NEXT before founding DEVLHON Consulting. He has acquired a real expertise in the banking, industry and semi-conductors sectors.<\/p>\n<p>[\/vc_toggle][\/vc_column_inner][\/vc_row_inner][\/vc_column][vc_column width=&#8221;1\/3&#8243; css=&#8221;.vc_custom_1685093333046{margin-bottom: 60px !important;}&#8221;][vc_single_image image=&#8221;9216&#8243; img_size=&#8221;medium&#8221; alignment=&#8221;center&#8221; css=&#8221;.vc_custom_1685091899381{margin-top: 0px !important;margin-right: 0px !important;margin-bottom: 0px !important;margin-left: 0px !important;padding-top: 0px !important;padding-right: 0px !important;padding-bottom: 0px !important;padding-left: 0px !important;}&#8221;][vc_row_inner css=&#8221;.vc_custom_1685093239773{background-color: #fcfcfc !important;}&#8221; el_class=&#8221;advisory-card-bottom&#8221;][vc_column_inner]<div class=\"slz-shortcode sc_main_title main-title-1999229269f3075e2a798 advisory-card-title  style-1  text-c vc_custom_1685093790385\">\r\n\t<div class=\"slz-main-title\">\r\n\t\t\t\t\t\t\t<h2 class=\"title\">Jean-Pierre ROCHETTE\t\t\t\t\t\t<\/h2>\r\n\t\t\t\t\t\t\t<div class=\"subtitle\">\r\n\t\t\t\t<span class=\"subtitle-inner\">Former BPE (Louvre Banque Priv\u00e9e, Banque Postale) and CMP Bank CEO, former SOVAC<\/span>\r\n\t\t\t<\/div>\r\n\t\t\t\t<\/div>\r\n<\/div>\r\n\r\n[vc_toggle title=&#8221;Detail \/ to read out more&#8221; style=&#8221;simple&#8221; size=&#8221;lg&#8221;]<\/p>\n<p class=\"p1\">Jean Pierre Rochette holds a degree from Sciences Po and a DEA in law. He previously served as CEO of SOVAC, BPE, and Cr\u00e9dit Mutuel de Paris, and has over 30 years of experience in the banking industry. In addition, Jean Pierre has served as a judge at the Commercial Court of Paris for 6 years.<\/p>\n<p>[\/vc_toggle][\/vc_column_inner][\/vc_row_inner][\/vc_column][vc_column width=&#8221;1\/3&#8243; css=&#8221;.vc_custom_1685093338519{margin-bottom: 60px !important;}&#8221;][vc_single_image image=&#8221;9212&#8243; img_size=&#8221;medium&#8221; alignment=&#8221;center&#8221; css=&#8221;.vc_custom_1685091945262{margin-top: 0px !important;margin-right: 0px !important;margin-bottom: 0px !important;margin-left: 0px !important;padding-top: 0px !important;padding-right: 0px !important;padding-bottom: 0px !important;padding-left: 0px !important;}&#8221;][vc_row_inner css=&#8221;.vc_custom_1685093245101{background-color: #fcfcfc !important;}&#8221; el_class=&#8221;advisory-card-bottom&#8221;][vc_column_inner]<div class=\"slz-shortcode sc_main_title main-title-64487945969f3075e2a7fb advisory-card-title  style-1  text-c vc_custom_1685093805003\">\r\n\t<div class=\"slz-main-title\">\r\n\t\t\t\t\t\t\t<h2 class=\"title\">Frank POULON\t\t\t\t\t\t<\/h2>\r\n\t\t\t\t\t\t\t<div class=\"subtitle\">\r\n\t\t\t\t<span class=\"subtitle-inner\">Former banker, manager, 25 years of experience<\/span>\r\n\t\t\t<\/div>\r\n\t\t\t\t<\/div>\r\n<\/div>\r\n\r\n[vc_toggle title=&#8221;Detail \/ to read out more&#8221; style=&#8221;simple&#8221; size=&#8221;lg&#8221;]<\/p>\n<p class=\"p1\">Former international banker and former CEO of a Marketing\/BI company, Frank Poulon has accumulated knowledge in both Corporate and banking environments. He is an engineer and he graduated from EFREI.<\/p>\n<p>[\/vc_toggle][\/vc_column_inner][\/vc_row_inner][\/vc_column][\/vc_row][vc_row][vc_column width=&#8221;1\/3&#8243; css=&#8221;.vc_custom_1685093342896{margin-bottom: 60px !important;}&#8221;][vc_single_image image=&#8221;9217&#8243; img_size=&#8221;medium&#8221; alignment=&#8221;center&#8221; css=&#8221;.vc_custom_1685092041506{margin-top: 0px !important;margin-right: 0px !important;margin-bottom: 0px !important;margin-left: 0px !important;padding-top: 0px !important;padding-right: 0px !important;padding-bottom: 0px !important;padding-left: 0px !important;}&#8221;][vc_row_inner css=&#8221;.vc_custom_1685093233877{background-color: #fcfcfc !important;}&#8221; el_class=&#8221;advisory-card-bottom&#8221;][vc_column_inner]<div class=\"slz-shortcode sc_main_title main-title-103414001369f3075e2a85d advisory-card-title  style-1  text-c vc_custom_1685093824829\">\r\n\t<div class=\"slz-main-title\">\r\n\t\t\t\t\t\t\t<h2 class=\"title\">Robert PICAREL\t\t\t\t\t\t<\/h2>\r\n\t\t\t\t\t\t\t<div class=\"subtitle\">\r\n\t\t\t\t<span class=\"subtitle-inner\">Velvet Consulting Cofounder and CEO , Chairman of TNBT Capital<\/span>\r\n\t\t\t<\/div>\r\n\t\t\t\t<\/div>\r\n<\/div>\r\n\r\n[vc_toggle title=&#8221;Detail \/ to read out more&#8221; style=&#8221;simple&#8221; size=&#8221;lg&#8221;]<\/p>\n<p class=\"p1\">Former Manager at Capgemini and former consultant for Nielsen, Robert Picarel founded Velvet Consulting in 2004, a leading firm providing companies with customer-focused data &amp; markets guidance (CA 25 M\u20ac). Robert Picarel sold Velvet Consulting to WPP in 2020. Since 2015, he invested in Private Equity funds. He holds an engineering degree from CYTech.<\/p>\n<p>[\/vc_toggle][\/vc_column_inner][\/vc_row_inner][\/vc_column][vc_column width=&#8221;1\/3&#8243; css=&#8221;.vc_custom_1685093347051{margin-bottom: 60px !important;}&#8221;][vc_single_image image=&#8221;9258&#8243; img_size=&#8221;medium&#8221; alignment=&#8221;center&#8221; css=&#8221;.vc_custom_1774608888238{margin-top: 0px !important;margin-right: 0px !important;margin-bottom: 0px !important;margin-left: 0px !important;padding-top: 0px !important;padding-right: 0px !important;padding-bottom: 0px !important;padding-left: 0px !important;}&#8221;][vc_row_inner css=&#8221;.vc_custom_1685093257782{background-color: #fcfcfc !important;}&#8221; el_class=&#8221;advisory-card-bottom&#8221;][vc_column_inner]<div class=\"slz-shortcode sc_main_title main-title-118743630069f3075e2a8be advisory-card-title  style-1  text-c vc_custom_1774608871869\">\r\n\t<div class=\"slz-main-title\">\r\n\t\t\t\t\t\t\t<h2 class=\"title\">Minlibe Amos KONLAMBIGUE\t\t\t\t\t\t<\/h2>\r\n\t\t\t\t\t\t\t<div class=\"subtitle\">\r\n\t\t\t\t<span class=\"subtitle-inner\">CEO of T-Money and former Ecobank<\/span>\r\n\t\t\t<\/div>\r\n\t\t\t\t<\/div>\r\n<\/div>\r\n\r\n[vc_toggle title=&#8221;Detail \/ to read out more&#8221; style=&#8221;simple&#8221; size=&#8221;lg&#8221;]<\/p>\n<p class=\"p1\">Christian Formagne graduated from the ENA and worked with the French Minister of Economy and Finance before moving to the private sector. He held executive positions at Renault Credit International and ARJIL (JL Lagard\u00e8re\u2019s business bank). He works abroad as a consultant in a lot of developing countries (Jordan, Libya, Angola, Tunisia\u2026).<\/p>\n<p>[\/vc_toggle][\/vc_column_inner][\/vc_row_inner][\/vc_column][vc_column width=&#8221;1\/3&#8243; css=&#8221;.vc_custom_1685093351959{margin-bottom: 60px !important;}&#8221;][vc_single_image image=&#8221;9210&#8243; img_size=&#8221;medium&#8221; alignment=&#8221;center&#8221; css=&#8221;.vc_custom_1685092160856{margin-top: 0px !important;margin-right: 0px !important;margin-bottom: 0px !important;margin-left: 0px !important;padding-top: 0px !important;padding-right: 0px !important;padding-bottom: 0px !important;padding-left: 0px !important;}&#8221;][vc_row_inner css=&#8221;.vc_custom_1685093263028{background-color: #fcfcfc !important;}&#8221; el_class=&#8221;advisory-card-bottom&#8221;][vc_column_inner]<div class=\"slz-shortcode sc_main_title main-title-206111037969f3075e2a91e advisory-card-title  style-1  text-c vc_custom_1685093851209\">\r\n\t<div class=\"slz-main-title\">\r\n\t\t\t\t\t\t\t<h2 class=\"title\">Dalia WAHBA\t\t\t\t\t\t<\/h2>\r\n\t\t\t\t\t\t\t<div class=\"subtitle\">\r\n\t\t\t\t<span class=\"subtitle-inner\">CEO of CID Consulting, Cairo (40 consultants)<\/span>\r\n\t\t\t<\/div>\r\n\t\t\t\t<\/div>\r\n<\/div>\r\n\r\n[vc_toggle title=&#8221;Detail \/ to read out more&#8221; style=&#8221;simple&#8221; size=&#8221;lg&#8221;]<\/p>\n<p class=\"p1\">Dalia Wahba is the CEO of CID Consulting, an Egyptian organizational consulting firm that she founded 25 years ago. She holds degrees from HEC, Stanford University and has over 20 years of experience in international consulting. She regularly intervenes in the Middle East.<\/p>\n<p>[\/vc_toggle][\/vc_column_inner][\/vc_row_inner][\/vc_column][\/vc_row][vc_row][vc_column width=&#8221;1\/3&#8243; css=&#8221;.vc_custom_1685093355835{margin-bottom: 60px !important;}&#8221;][vc_single_image image=&#8221;9207&#8243; img_size=&#8221;medium&#8221; alignment=&#8221;center&#8221; css=&#8221;.vc_custom_1685092256873{margin-top: 0px !important;margin-right: 0px !important;margin-bottom: 0px !important;margin-left: 0px !important;padding-top: 0px !important;padding-right: 0px !important;padding-bottom: 0px !important;padding-left: 0px !important;}&#8221;][vc_row_inner css=&#8221;.vc_custom_1685093269799{background-color: #fcfcfc !important;}&#8221; el_class=&#8221;advisory-card-bottom&#8221;][vc_column_inner]<div class=\"slz-shortcode sc_main_title main-title-39005275869f3075e2a982 advisory-card-title  style-1  text-c vc_custom_1685093867238\">\r\n\t<div class=\"slz-main-title\">\r\n\t\t\t\t\t\t\t<h2 class=\"title\">Adel MALLAWI\t\t\t\t\t\t<\/h2>\r\n\t\t\t\t\t\t\t<div class=\"subtitle\">\r\n\t\t\t\t<span class=\"subtitle-inner\">Former CFO and Chief Investment Officer at Saudi Fransi Banque (Saudi Arabia)<\/span>\r\n\t\t\t<\/div>\r\n\t\t\t\t<\/div>\r\n<\/div>\r\n\r\n[vc_toggle title=&#8221;Detail \/ to read out more&#8221; style=&#8221;simple&#8221; size=&#8221;lg&#8221;]<\/p>\n<p class=\"p1\">Former leader of Saudi Fransi Bank, Adel Mallawi has held positions such as CFO, Chief Investment Officer, and Global Markets Manager. He has an excellent knowledge of the banking, tertiary, and industrial sectors in the Middle East. Adel Mallawi is a certificated administrator in several boards (VC, audit, PE\u2026). He holds a degree from INSEAD and got a MBE in Liverpool.<\/p>\n<p>[\/vc_toggle][\/vc_column_inner][\/vc_row_inner][\/vc_column][\/vc_row]<\/p>","protected":false},"excerpt":{"rendered":"<p>[vc_row][vc_column width=&#8221;1\/3&#8243; css=&#8221;.vc_custom_1685093290958{margin-bottom: 60px !important;}&#8221;][vc_single_image image=&#8221;9215&#8243; img_size=&#8221;medium&#8221; alignment=&#8221;center&#8221; css=&#8221;.vc_custom_1685090402887{margin-top: 0px !important;margin-right: 0px !important;margin-bottom: 0px !important;margin-left: 0px !important;padding-top: 0px !important;padding-right: 0px !important;padding-bottom: 0px !important;padding-left: 0px !important;}&#8221;][vc_row_inner css=&#8221;.vc_custom_1685093119091{background-color: #fcfcfc !important;}&#8221; el_class=&#8221;advisory-card-bottom&#8221;][vc_column_inner][vc_toggle title=&#8221;Detail \/ to read out more&#8221; style=&#8221;simple&#8221; size=&#8221;lg&#8221;] With a Master from Sciences Po, Jean-Michel Laty has spent almost his entire career at Banque Populaire, including [&hellip;]<\/p>\n","protected":false},"author":6,"featured_media":0,"parent":0,"menu_order":0,"comment_status":"closed","ping_status":"closed","template":"","meta":{"seo_booster_metabox":"","footnotes":""},"class_list":["post-9205","page","type-page","status-publish","hentry"],"_links":{"self":[{"href":"https:\/\/www.devlhon-consulting.com\/en\/wp-json\/wp\/v2\/pages\/9205","targetHints":{"allow":["GET"]}}],"collection":[{"href":"https:\/\/www.devlhon-consulting.com\/en\/wp-json\/wp\/v2\/pages"}],"about":[{"href":"https:\/\/www.devlhon-consulting.com\/en\/wp-json\/wp\/v2\/types\/page"}],"author":[{"embeddable":true,"href":"https:\/\/www.devlhon-consulting.com\/en\/wp-json\/wp\/v2\/users\/6"}],"replies":[{"embeddable":true,"href":"https:\/\/www.devlhon-consulting.com\/en\/wp-json\/wp\/v2\/comments?post=9205"}],"version-history":[{"count":55,"href":"https:\/\/www.devlhon-consulting.com\/en\/wp-json\/wp\/v2\/pages\/9205\/revisions"}],"predecessor-version":[{"id":9830,"href":"https:\/\/www.devlhon-consulting.com\/en\/wp-json\/wp\/v2\/pages\/9205\/revisions\/9830"}],"wp:attachment":[{"href":"https:\/\/www.devlhon-consulting.com\/en\/wp-json\/wp\/v2\/media?parent=9205"}],"curies":[{"name":"wp","href":"https:\/\/api.w.org\/{rel}","templated":true}]}}