{"id":3036,"date":"2017-01-05T12:05:07","date_gmt":"2017-01-05T11:05:07","guid":{"rendered":"https:\/\/www.devlhon-consulting.com\/?page_id=3036"},"modified":"2023-06-12T10:08:09","modified_gmt":"2023-06-12T08:08:09","slug":"rejoignez-nous","status":"publish","type":"page","link":"https:\/\/www.devlhon-consulting.com\/en\/rejoignez-nous\/","title":{"rendered":"Join us"},"content":{"rendered":"<p>[vc_row gap=&#8221;35&#8243;][vc_column width=&#8221;1\/4&#8243; css=&#8221;.vc_custom_1686556374994{padding-top: 50px !important;padding-right: 25px !important;padding-bottom: 50px !important;padding-left: 20px !important;background-color: #0fb2ee !important;border-radius: 5px !important;}&#8221;][vc_column_text]<img loading=\"lazy\" decoding=\"async\" class=\"alignnone size-full wp-image-3845\" src=\"https:\/\/www.devlhon-consulting.com\/wp-content\/uploads\/2017\/10\/devlhon_consulting_kyc-1-300x295.png\" alt=\"\" width=\"300\" height=\"295\" srcset=\"https:\/\/www.devlhon-consulting.com\/wp-content\/uploads\/2017\/10\/devlhon_consulting_kyc-1-300x295.png 300w, https:\/\/www.devlhon-consulting.com\/wp-content\/uploads\/2017\/10\/devlhon_consulting_kyc-1-300x295-64x64.png 64w\" sizes=\"auto, (max-width: 300px) 100vw, 300px\" \/><\/p>\n<p><span style=\"color: #ffffff;\">By joining DEVLHON Consulting as a Consultant, you will have the opportunity to develop your skills within a <strong>firm<\/strong> <strong>focusing on financial services<\/strong> <strong>and founded on expertise from Big Four<\/strong>. DEVLHON Consulting sets itself apart through its <strong>personalized<\/strong> approach and <strong>highly entrepreneurial<\/strong> mindset, breaking away from the anonymity of larger organizations and focusing on international projects. <strong>You will quickly take on project leadership roles and contribute to the firm&#8217;s growth.<\/strong> Analytical thinking, pragmatism, strong interpersonal skills, and collective ambition. Here is what we have in common !<\/span>[\/vc_column_text][\/vc_column][vc_column width=&#8221;3\/4&#8243;]<div class=\"slz-shortcode sc_main_title main-title-166065767469d640c3727db   style-1  text-c \">\r\n\t<div class=\"slz-main-title\">\r\n\t\t<img loading=\"lazy\" decoding=\"async\" width=\"123\" height=\"15\" src=\"https:\/\/www.devlhon-consulting.com\/wp-content\/uploads\/2016\/11\/devlhon_consulting_separator-2.png\" class=\"attachment-full size-full\" alt=\"\" \/>\t\t\t\t\t<h2 class=\"title\">JOIN THE DEVLHON CONSULTING TEAM\t\t\t\t\t\t<\/h2>\r\n\t\t\t\t\t\t\t<div class=\"subtitle\">\r\n\t\t\t\t<span class=\"subtitle-inner\">TAKE PART IN A PROJECT THAT MATCHES YOUR AMBITIONS<\/span>\r\n\t\t\t<\/div>\r\n\t\t\t\t<\/div>\r\n<\/div>\r\n\r\n[vc_column_text]<\/p>\n<p style=\"text-align: left;\">Graduated from an engineering school, a business school, or from a finance specialized university (master 2), you have between 3 and 5 years of experience in consulting firms. You want to capitalize on your expertise developed in one or more of our clients&#8217; professions.<\/p>\n<h3 style=\"text-align: left;\"><strong>Desired profiles :<\/strong><\/h3>\n<p style=\"text-align: left;\">We are looking for candidates who possess qualities that will enable them to thrive at DEVLHON Consulting:<\/p>\n<ul style=\"text-align: left;\">\n<li style=\"font-weight: 400;\"><strong>Analytical thinking and pragmatism<\/strong> to best understand our clients&#8217; challenges and, most importantly, envision practical solutions ;<\/li>\n<li style=\"font-weight: 400;\"><strong>Interpersonal and written communication skills ;<\/strong><\/li>\n<li style=\"font-weight: 400;\"><strong>Entrepreneurial drive and a high work capacity<\/strong>, willing to actively contribute to the development of our company ;<\/li>\n<li style=\"font-weight: 400;\"><strong>A strong understanding<\/strong> of the technological challenges in the financial services sector ;<\/li>\n<\/ul>\n<p style=\"text-align: left;\"><span style=\"font-weight: 400;\">Resume, cover letter and recommendations or references.<\/span><\/p>\n<p>[\/vc_column_text]<div role=\"form\" class=\"wpcf7\" id=\"wpcf7-f2188-o2\" lang=\"en-US\" dir=\"ltr\">\n<div class=\"screen-reader-response\"><\/div>\n<form action=\"\/en\/wp-json\/wp\/v2\/pages\/3036#wpcf7-f2188-o2\" method=\"post\" class=\"wpcf7-form\" enctype=\"multipart\/form-data\" novalidate=\"novalidate\">\n<div style=\"display: none;\">\n<input type=\"hidden\" name=\"_wpcf7\" value=\"2188\" \/>\n<input type=\"hidden\" name=\"_wpcf7_version\" value=\"5.1.6\" \/>\n<input type=\"hidden\" name=\"_wpcf7_locale\" value=\"en_US\" \/>\n<input type=\"hidden\" name=\"_wpcf7_unit_tag\" value=\"wpcf7-f2188-o2\" \/>\n<input type=\"hidden\" name=\"_wpcf7_container_post\" value=\"0\" \/>\n<\/div>\n<div class=\"wpcf7-response-output wpcf7-display-none\"><\/div>\n<div class=\"cf7-form-control left\"><span class=\"wpcf7-form-control-wrap text-666\"><input type=\"text\" name=\"text-666\" value=\"\" size=\"40\" class=\"wpcf7-form-control wpcf7-text wpcf7-validates-as-required\" aria-required=\"true\" aria-invalid=\"false\" placeholder=\"Votre Nom\" \/><\/span><i class=\"fa fa-user\" aria-hidden=\"true\"><\/i><\/div>\n<div class=\"cf7-form-control right\"><span class=\"wpcf7-form-control-wrap email-671\"><input type=\"email\" name=\"email-671\" value=\"\" size=\"40\" class=\"wpcf7-form-control wpcf7-text wpcf7-email wpcf7-validates-as-required wpcf7-validates-as-email\" aria-required=\"true\" aria-invalid=\"false\" placeholder=\"Votre Email\" \/><\/span><i class=\"fa fa-envelope\" aria-hidden=\"true\"><\/i><\/div>\n<div class=\"cf7-form-control left\"><span class=\"wpcf7-form-control-wrap your-number\"><input type=\"text\" name=\"your-number\" value=\"\" size=\"40\" class=\"wpcf7-form-control wpcf7-text\" aria-invalid=\"false\" placeholder=\"Votre Num\u00e9ro de T\u00e9l\u00e9phone\" \/><\/span><i class=\"fa fa-user\" aria-hidden=\"true\"><\/i><\/div>\n<div class=\"cf7-form-control right\"><span class=\"wpcf7-form-control-wrap text-10\"><input type=\"text\" name=\"text-10\" value=\"\" size=\"40\" class=\"wpcf7-form-control wpcf7-text wpcf7-validates-as-required\" aria-required=\"true\" aria-invalid=\"false\" placeholder=\"Poste Recherch\u00e9\" \/><\/span><i class=\"fa fa-envelope\" aria-hidden=\"true\"><\/i><\/div>\n<div class=\"cf7-form-control left text-right\">T\u00e9l\u00e9charger votre CV, Portfolio,...<\/div>\n<div class=\"cf7-form-control right\"><span class=\"wpcf7-form-control-wrap file-808\"><input type=\"file\" name=\"file-808\" size=\"40\" class=\"wpcf7-form-control wpcf7-file wpcf7-validates-as-required\" accept=\".jpg,.jpeg,.png,.gif,.pdf,.doc,.docx,.ppt,.pptx,.odt,.avi,.ogg,.m4a,.mov,.mp3,.mp4,.mpg,.wav,.wmv\" aria-required=\"true\" aria-invalid=\"false\" \/><\/span><i class=\"fa fa-file\" aria-hidden=\"true\"><\/i><\/div>\n<div class=\"cf7-form-control textarea\"><span class=\"wpcf7-form-control-wrap your-message\"><textarea name=\"your-message\" cols=\"40\" rows=\"10\" class=\"wpcf7-form-control wpcf7-textarea\" aria-invalid=\"false\" placeholder=\"Entrer un message\"><\/textarea><\/span><i class=\"fa fa-file\" aria-hidden=\"true\"><\/i><\/div>\n<div class=\"cf7-btn-submit-wrapper\">\n<div class=\"cf7-btn-submit\"><input type=\"submit\" value=\"Envoyer votre Candidature\" class=\"wpcf7-form-control wpcf7-submit\" \/><\/div>\n<\/div>\n<p style=\"display: none !important;\" class=\"akismet-fields-container\" data-prefix=\"_wpcf7_ak_\"><label>&#916;<textarea name=\"_wpcf7_ak_hp_textarea\" cols=\"45\" rows=\"8\" maxlength=\"100\"><\/textarea><\/label><input type=\"hidden\" id=\"ak_js_2\" name=\"_wpcf7_ak_js\" value=\"185\"\/><script>document.getElementById( \"ak_js_2\" ).setAttribute( \"value\", ( new Date() ).getTime() );<\/script><\/p><\/form><\/div>[vc_empty_space height=&#8221;80px&#8221;][vc_video link=&#8221;https:\/\/youtu.be\/IGqENFZcVsI&#8221;][\/vc_column][\/vc_row]<\/p>","protected":false},"excerpt":{"rendered":"<p>[vc_row gap=&#8221;35&#8243;][vc_column width=&#8221;1\/4&#8243; css=&#8221;.vc_custom_1686556374994{padding-top: 50px !important;padding-right: 25px !important;padding-bottom: 50px !important;padding-left: 20px !important;background-color: #0fb2ee !important;border-radius: 5px !important;}&#8221;][vc_column_text] By joining DEVLHON Consulting as a Consultant, you will have the opportunity to develop your skills within a firm focusing on financial services and founded on expertise from Big Four. DEVLHON Consulting sets itself apart through its personalized approach [&hellip;]<\/p>\n","protected":false},"author":1,"featured_media":0,"parent":0,"menu_order":0,"comment_status":"closed","ping_status":"closed","template":"","meta":{"seo_booster_metabox":"","footnotes":""},"class_list":["post-3036","page","type-page","status-publish","hentry"],"_links":{"self":[{"href":"https:\/\/www.devlhon-consulting.com\/en\/wp-json\/wp\/v2\/pages\/3036","targetHints":{"allow":["GET"]}}],"collection":[{"href":"https:\/\/www.devlhon-consulting.com\/en\/wp-json\/wp\/v2\/pages"}],"about":[{"href":"https:\/\/www.devlhon-consulting.com\/en\/wp-json\/wp\/v2\/types\/page"}],"author":[{"embeddable":true,"href":"https:\/\/www.devlhon-consulting.com\/en\/wp-json\/wp\/v2\/users\/1"}],"replies":[{"embeddable":true,"href":"https:\/\/www.devlhon-consulting.com\/en\/wp-json\/wp\/v2\/comments?post=3036"}],"version-history":[{"count":75,"href":"https:\/\/www.devlhon-consulting.com\/en\/wp-json\/wp\/v2\/pages\/3036\/revisions"}],"predecessor-version":[{"id":9660,"href":"https:\/\/www.devlhon-consulting.com\/en\/wp-json\/wp\/v2\/pages\/3036\/revisions\/9660"}],"wp:attachment":[{"href":"https:\/\/www.devlhon-consulting.com\/en\/wp-json\/wp\/v2\/media?parent=3036"}],"curies":[{"name":"wp","href":"https:\/\/api.w.org\/{rel}","templated":true}]}}